{"id":1337,"date":"2023-01-25T09:47:58","date_gmt":"2023-01-25T09:47:58","guid":{"rendered":"https:\/\/selfbow.ch\/?page_id=1337"},"modified":"2025-01-03T09:45:43","modified_gmt":"2025-01-03T09:45:43","slug":"refund_returns","status":"publish","type":"page","link":"https:\/\/selfbow.ch\/de\/refund_returns\/","title":{"rendered":""},"content":{"rendered":"<div data-elementor-type=\"wp-page\" data-elementor-id=\"1337\" class=\"elementor elementor-1337\">\n\t\t\t\t\t\t<section class=\"elementor-section elementor-top-section elementor-element elementor-element-9ee4831 elementor-section-boxed elementor-section-height-default elementor-section-height-default\" data-id=\"9ee4831\" data-element_type=\"section\">\n\t\t\t\t\t\t<div class=\"elementor-container elementor-column-gap-default\">\n\t\t\t\t\t<div class=\"elementor-column elementor-col-50 elementor-top-column elementor-element elementor-element-de4f179\" data-id=\"de4f179\" data-element_type=\"column\">\n\t\t\t<div class=\"elementor-widget-wrap elementor-element-populated\">\n\t\t\t\t\t\t<div class=\"elementor-element elementor-element-477d68a elementor-widget elementor-widget-text-editor\" data-id=\"477d68a\" data-element_type=\"widget\" data-widget_type=\"text-editor.default\">\n\t\t\t\t<div class=\"elementor-widget-container\">\n\t\t\t\t\t\t\t\t\t<h3>Zufriedenheitsgarantie<\/h3><h3>und R\u00fcckgaberecht<\/h3><div>\u00a0<\/div><div><span style=\"color: #000000;\">Der Bogen - in gutem Zustand - kann innerhalb von 30 Tagen nach Erhalt und ohne Angabe von Gr\u00fcnden gegen Erstattung des vollen Kaufpreises zur\u00fcckgegeben werden. Der K\u00e4ufer tr\u00e4gt die Kosten f\u00fcr den Versand.<\/span><\/div><div>\u00a0<\/div><div>\u00a0<\/div>\t\t\t\t\t\t\t\t<\/div>\n\t\t\t\t<\/div>\n\t\t\t\t\t<\/div>\n\t\t<\/div>\n\t\t\t\t<div class=\"elementor-column elementor-col-50 elementor-top-column elementor-element elementor-element-3e87aa1\" data-id=\"3e87aa1\" data-element_type=\"column\">\n\t\t\t<div class=\"elementor-widget-wrap elementor-element-populated\">\n\t\t\t\t\t\t<div class=\"elementor-element elementor-element-21b8fd4 elementor-widget elementor-widget-image\" data-id=\"21b8fd4\" data-element_type=\"widget\" data-widget_type=\"image.default\">\n\t\t\t\t<div class=\"elementor-widget-container\">\n\t\t\t\t\t\t\t\t\t\t\t\t\t\t\t<img fetchpriority=\"high\" decoding=\"async\" width=\"300\" height=\"258\" src=\"https:\/\/selfbow.ch\/wp-content\/uploads\/2023\/01\/11-116914_homepage-purchase-return-purchase-return-icons-svg-hd-300x258.jpg\" class=\"attachment-medium size-medium wp-image-2887\" alt=\"\" srcset=\"https:\/\/selfbow.ch\/wp-content\/uploads\/2023\/01\/11-116914_homepage-purchase-return-purchase-return-icons-svg-hd-300x258.jpg 300w, https:\/\/selfbow.ch\/wp-content\/uploads\/2023\/01\/11-116914_homepage-purchase-return-purchase-return-icons-svg-hd-14x12.jpg 14w, https:\/\/selfbow.ch\/wp-content\/uploads\/2023\/01\/11-116914_homepage-purchase-return-purchase-return-icons-svg-hd.jpg 326w\" sizes=\"(max-width: 300px) 100vw, 300px\" \/>\t\t\t\t\t\t\t\t\t\t\t\t\t\t\t<\/div>\n\t\t\t\t<\/div>\n\t\t\t\t\t<\/div>\n\t\t<\/div>\n\t\t\t\t\t<\/div>\n\t\t<\/section>\n\t\t\t\t<section class=\"elementor-section elementor-top-section elementor-element elementor-element-0b43da6 elementor-section-boxed elementor-section-height-default elementor-section-height-default\" data-id=\"0b43da6\" data-element_type=\"section\">\n\t\t\t\t\t\t<div class=\"elementor-container elementor-column-gap-default\">\n\t\t\t\t\t<div class=\"elementor-column elementor-col-50 elementor-top-column elementor-element elementor-element-a933962\" data-id=\"a933962\" data-element_type=\"column\">\n\t\t\t<div class=\"elementor-widget-wrap elementor-element-populated\">\n\t\t\t\t\t\t<div class=\"elementor-element elementor-element-3bf16f7 elementor-widget elementor-widget-text-editor\" data-id=\"3bf16f7\" data-element_type=\"widget\" data-widget_type=\"text-editor.default\">\n\t\t\t\t<div class=\"elementor-widget-container\">\n\t\t\t\t\t\t\t\t\t<h3>Gew\u00e4hrleistung<\/h3>\n<div>\n<p>Die Garantie betr\u00e4gt 1 Jahr und umfasst Bogenbruch sowie andere M\u00e4ngel, welche den Gebrauch des Bogens einschr\u00e4nken.<\/p>\n<p class=\" translation-block\">Die Gew\u00e4hrleistung erlischt, wenn ein Bogen Anzeichen von Missbrauch, Ver\u00e4nderungen oder unsachgem\u00e4\u00dfer Behandlung aufweist.<\/p>\n<p>Der Ansprecher muss der urspr\u00fcngliche K\u00e4ufer sein.<\/p>\n<p>Die Gew\u00e4hrleistungsanspr\u00fcche sind nicht \u00fcbertragbar.<\/p>\n<p><span style=\"color: #ffffff;\">&nbsp;<\/span>In the event of a warranty claim the buyer pays the shipping costs.<\/p>\n<p>F\u00fcr Bogen \u00fcber 80 Pfund wird jegliche Garantie oder Haftung wegbedungen.<\/p>\n<p>Denk dran: Diese Produkte sind handgemacht und k\u00f6nnen minimale Werkzeugspuren oder Unvollkommenheiten aufweisen - ich bin keine Maschine.<\/p>\n<\/div>\t\t\t\t\t\t\t\t<\/div>\n\t\t\t\t<\/div>\n\t\t\t\t\t<\/div>\n\t\t<\/div>\n\t\t\t\t<div class=\"elementor-column elementor-col-50 elementor-top-column elementor-element elementor-element-33a4442\" data-id=\"33a4442\" data-element_type=\"column\">\n\t\t\t<div class=\"elementor-widget-wrap elementor-element-populated\">\n\t\t\t\t\t\t<div class=\"elementor-element elementor-element-214919d elementor-widget elementor-widget-image\" data-id=\"214919d\" data-element_type=\"widget\" data-widget_type=\"image.default\">\n\t\t\t\t<div class=\"elementor-widget-container\">\n\t\t\t\t\t\t\t\t\t\t\t\t\t\t\t<img decoding=\"async\" width=\"300\" height=\"271\" src=\"https:\/\/selfbow.ch\/wp-content\/uploads\/2023\/03\/Warranty-2year-e1677786799219-300x271.jpg\" class=\"attachment-medium size-medium wp-image-3673\" alt=\"\" srcset=\"https:\/\/selfbow.ch\/wp-content\/uploads\/2023\/03\/Warranty-2year-e1677786799219-300x271.jpg 300w, https:\/\/selfbow.ch\/wp-content\/uploads\/2023\/03\/Warranty-2year-e1677786799219-13x12.jpg 13w, https:\/\/selfbow.ch\/wp-content\/uploads\/2023\/03\/Warranty-2year-e1677786799219.jpg 310w\" sizes=\"(max-width: 300px) 100vw, 300px\" \/>\t\t\t\t\t\t\t\t\t\t\t\t\t\t\t<\/div>\n\t\t\t\t<\/div>\n\t\t\t\t\t<\/div>\n\t\t<\/div>\n\t\t\t\t\t<\/div>\n\t\t<\/section>\n\t\t\t\t<section class=\"elementor-section elementor-top-section elementor-element elementor-element-42f1de6 elementor-section-boxed elementor-section-height-default elementor-section-height-default\" data-id=\"42f1de6\" data-element_type=\"section\">\n\t\t\t\t\t\t<div class=\"elementor-container elementor-column-gap-default\">\n\t\t\t\t\t<div class=\"elementor-column elementor-col-50 elementor-top-column elementor-element elementor-element-3b139ba\" data-id=\"3b139ba\" data-element_type=\"column\">\n\t\t\t<div class=\"elementor-widget-wrap elementor-element-populated\">\n\t\t\t\t\t\t<div class=\"elementor-element elementor-element-d467922 elementor-widget elementor-widget-text-editor\" data-id=\"d467922\" data-element_type=\"widget\" data-widget_type=\"text-editor.default\">\n\t\t\t\t<div class=\"elementor-widget-container\">\n\t\t\t\t\t\t\t\t\t<h3>Zahlungen<\/h3><p>Die Bezahlung erfolgt im Voraus.<\/p><p>Baue ich einen Kundenbogen nach Mass werde ich allenfalls ein Depot von 300.- Franken verlangen. Diese Anzahlung verf\u00e4llt, sofern der K\u00e4ufer ohne zureichende Gr\u00fcnde vom Kauf zur\u00fccktritt.<\/p><p>Payments can be made via <b>PayPal<\/b> (incl. buyer protection) to simon@selfbow.ch or per <b>direct bank transfer<\/b>.<\/p><div>Verk\u00e4ufe k\u00f6nnen gerne auch \u00fcber meine Etsy-Seite abgewickelt werden:<\/div><div><b>https:\/\/www.etsy.com\/ch\/shop\/SwissSelfbow?ref=seller-platform-mcnav<\/b><\/div><div><p>In this case &#8211; on request &#8211; I can put any bow on the etsy-site. However I will have to add the etsy-fees to the price of the products.<\/p><\/div>\t\t\t\t\t\t\t\t<\/div>\n\t\t\t\t<\/div>\n\t\t\t\t\t<\/div>\n\t\t<\/div>\n\t\t\t\t<div class=\"elementor-column elementor-col-50 elementor-top-column elementor-element elementor-element-2084726\" data-id=\"2084726\" data-element_type=\"column\">\n\t\t\t<div class=\"elementor-widget-wrap elementor-element-populated\">\n\t\t\t\t\t\t<div class=\"elementor-element elementor-element-b255e1d elementor-widget elementor-widget-image\" data-id=\"b255e1d\" data-element_type=\"widget\" data-widget_type=\"image.default\">\n\t\t\t\t<div class=\"elementor-widget-container\">\n\t\t\t\t\t\t\t\t\t\t\t\t\t\t\t<img decoding=\"async\" width=\"300\" height=\"200\" src=\"https:\/\/selfbow.ch\/wp-content\/uploads\/2023\/01\/Cash-Graphics-28908594-1-300x200.jpg\" class=\"attachment-medium size-medium wp-image-3237\" alt=\"\" srcset=\"https:\/\/selfbow.ch\/wp-content\/uploads\/2023\/01\/Cash-Graphics-28908594-1-300x200.jpg 300w, https:\/\/selfbow.ch\/wp-content\/uploads\/2023\/01\/Cash-Graphics-28908594-1-1024x683.jpg 1024w, https:\/\/selfbow.ch\/wp-content\/uploads\/2023\/01\/Cash-Graphics-28908594-1-768x512.jpg 768w, https:\/\/selfbow.ch\/wp-content\/uploads\/2023\/01\/Cash-Graphics-28908594-1-1536x1024.jpg 1536w, https:\/\/selfbow.ch\/wp-content\/uploads\/2023\/01\/Cash-Graphics-28908594-1-2048x1365.jpg 2048w, https:\/\/selfbow.ch\/wp-content\/uploads\/2023\/01\/Cash-Graphics-28908594-1-18x12.jpg 18w, https:\/\/selfbow.ch\/wp-content\/uploads\/2023\/01\/Cash-Graphics-28908594-1-500x333.jpg 500w, https:\/\/selfbow.ch\/wp-content\/uploads\/2023\/01\/Cash-Graphics-28908594-1-700x467.jpg 700w\" sizes=\"(max-width: 300px) 100vw, 300px\" \/>\t\t\t\t\t\t\t\t\t\t\t\t\t\t\t<\/div>\n\t\t\t\t<\/div>\n\t\t\t\t\t<\/div>\n\t\t<\/div>\n\t\t\t\t\t<\/div>\n\t\t<\/section>\n\t\t\t\t<section class=\"elementor-section elementor-top-section elementor-element elementor-element-1ec96f8 elementor-section-boxed elementor-section-height-default elementor-section-height-default\" data-id=\"1ec96f8\" data-element_type=\"section\">\n\t\t\t\t\t\t<div class=\"elementor-container elementor-column-gap-default\">\n\t\t\t\t\t<div class=\"elementor-column elementor-col-33 elementor-top-column elementor-element elementor-element-5008c46\" data-id=\"5008c46\" data-element_type=\"column\">\n\t\t\t<div class=\"elementor-widget-wrap elementor-element-populated\">\n\t\t\t\t\t\t<div class=\"elementor-element elementor-element-0b7d9ce elementor-widget elementor-widget-text-editor\" data-id=\"0b7d9ce\" data-element_type=\"widget\" data-widget_type=\"text-editor.default\">\n\t\t\t\t<div class=\"elementor-widget-container\">\n\t\t\t\t\t\t\t\t\t<h3>Versand<\/h3><p>Ist m\u00f6glich.<\/p><p>Ich verschicke meine Bogen weltweit gut gesch\u00fctzt in einer stabilen PVC-R\u00f6hre.<\/p><p>Die Tarife beginnen bei CHF 31.- f\u00fcr Versand in der Schweiz, \u00fcber CHF 51.- (Deutschland) bhis max. CHF 77.- f\u00fcr den Rest der Welt.<\/p><p>F\u00fcr die Verpackung mit der PVC-R\u00f6hre Verrechne ich CHF 15.-<\/p><p>\u00a0<\/p>\t\t\t\t\t\t\t\t<\/div>\n\t\t\t\t<\/div>\n\t\t\t\t\t<\/div>\n\t\t<\/div>\n\t\t\t\t<div class=\"elementor-column elementor-col-33 elementor-top-column elementor-element elementor-element-d57a599\" data-id=\"d57a599\" data-element_type=\"column\">\n\t\t\t<div class=\"elementor-widget-wrap elementor-element-populated\">\n\t\t\t\t\t\t<div class=\"elementor-element elementor-element-8b566d2 elementor-widget elementor-widget-text-editor\" data-id=\"8b566d2\" data-element_type=\"widget\" data-widget_type=\"text-editor.default\">\n\t\t\t\t<div class=\"elementor-widget-container\">\n\t\t\t\t\t\t\t\t\t<h3>Versicherung<\/h3><p>Bei normalem Versand betr\u00e4gt die Versicherungsdeckung CHF 500.-<\/p><p>F\u00fcr eine Zusatzgeb\u00fchr von CHF 15.- kann der volle Wert versichert werden.<\/p><div>\u00a0<\/div><h3>Steuern und Geb\u00fchren<\/h3><div><span style=\"color: #000000;\">Je nach Ihrem Wohnsitz werden Ihnen m\u00f6glicherweise \u00f6rtliche Einfuhrsteuern, Mehrwertsteuer und zus\u00e4tzliche Geb\u00fchren f\u00fcr die Zollabwicklung in Rechnung gestellt.<\/span><\/div>\t\t\t\t\t\t\t\t<\/div>\n\t\t\t\t<\/div>\n\t\t\t\t\t<\/div>\n\t\t<\/div>\n\t\t\t\t<div class=\"elementor-column elementor-col-33 elementor-top-column elementor-element elementor-element-e8b334a\" data-id=\"e8b334a\" data-element_type=\"column\">\n\t\t\t<div class=\"elementor-widget-wrap elementor-element-populated\">\n\t\t\t\t\t\t<div class=\"elementor-element elementor-element-a2f5c18 elementor-widget elementor-widget-image\" data-id=\"a2f5c18\" data-element_type=\"widget\" data-widget_type=\"image.default\">\n\t\t\t\t<div class=\"elementor-widget-container\">\n\t\t\t\t\t\t\t\t\t\t\t\t\t\t\t<img loading=\"lazy\" decoding=\"async\" width=\"300\" height=\"202\" src=\"https:\/\/selfbow.ch\/wp-content\/uploads\/2023\/01\/shipping-fast-delivery-truck-icon-260nw-1343974487-300x202.webp\" class=\"attachment-medium size-medium wp-image-3239\" alt=\"\" srcset=\"https:\/\/selfbow.ch\/wp-content\/uploads\/2023\/01\/shipping-fast-delivery-truck-icon-260nw-1343974487-300x202.webp 300w, https:\/\/selfbow.ch\/wp-content\/uploads\/2023\/01\/shipping-fast-delivery-truck-icon-260nw-1343974487-18x12.webp 18w, https:\/\/selfbow.ch\/wp-content\/uploads\/2023\/01\/shipping-fast-delivery-truck-icon-260nw-1343974487.webp 415w\" sizes=\"(max-width: 300px) 100vw, 300px\" \/>\t\t\t\t\t\t\t\t\t\t\t\t\t\t\t<\/div>\n\t\t\t\t<\/div>\n\t\t\t\t\t<\/div>\n\t\t<\/div>\n\t\t\t\t\t<\/div>\n\t\t<\/section>\n\t\t\t\t<section class=\"elementor-section elementor-top-section elementor-element elementor-element-80596a7 elementor-section-boxed elementor-section-height-default elementor-section-height-default\" data-id=\"80596a7\" data-element_type=\"section\">\n\t\t\t\t\t\t<div class=\"elementor-container elementor-column-gap-default\">\n\t\t\t\t\t<div class=\"elementor-column elementor-col-100 elementor-top-column elementor-element elementor-element-fae60fa\" data-id=\"fae60fa\" data-element_type=\"column\">\n\t\t\t<div class=\"elementor-widget-wrap elementor-element-populated\">\n\t\t\t\t\t\t<div class=\"elementor-element elementor-element-5a4611c elementor-widget elementor-widget-text-editor\" data-id=\"5a4611c\" data-element_type=\"widget\" data-widget_type=\"text-editor.default\">\n\t\t\t\t<div class=\"elementor-widget-container\">\n\t\t\t\t\t\t\t\t\t<h3>Denk dran:<\/h3><div>Sobald der Verk\u00e4ufer den Artikel an den Kurierdienst \u00fcbergeben hat, <span style=\"color: #ff0000;\">geht das Versandrisiko auf den K\u00c4UFER \u00fcber.<\/span><\/div><div>Wie auch immer: Geht der Bogen beim Versand verloren oder wird er besch\u00e4digt, werde ich f\u00fcr den K\u00e4ufer den Versicherungsfall mit der Schweizer Post abwickeln und kl\u00e4ren.\u00a0<\/div>\t\t\t\t\t\t\t\t<\/div>\n\t\t\t\t<\/div>\n\t\t\t\t\t<\/div>\n\t\t<\/div>\n\t\t\t\t\t<\/div>\n\t\t<\/section>\n\t\t\t\t<section class=\"elementor-section elementor-top-section elementor-element elementor-element-0dfe68b elementor-section-boxed elementor-section-height-default elementor-section-height-default\" data-id=\"0dfe68b\" data-element_type=\"section\">\n\t\t\t\t\t\t<div class=\"elementor-container elementor-column-gap-default\">\n\t\t\t\t\t<div class=\"elementor-column elementor-col-50 elementor-top-column elementor-element elementor-element-c95300a\" data-id=\"c95300a\" data-element_type=\"column\">\n\t\t\t<div class=\"elementor-widget-wrap elementor-element-populated\">\n\t\t\t\t\t\t<div class=\"elementor-element elementor-element-a1a992f elementor-widget elementor-widget-text-editor\" data-id=\"a1a992f\" data-element_type=\"widget\" data-widget_type=\"text-editor.default\">\n\t\t\t\t<div class=\"elementor-widget-container\">\n\t\t\t\t\t\t\t\t\t<h3>Anwemdbares Recht und Gerichtsstand<\/h3><div><span style=\"color: #000000;\">\u00a0Im \u00dcbrigen gilt das schweizerische Kaufrecht (OR); der Gerichtsstand liegt in CH-B\u00fchler AR.<\/span><\/div>\t\t\t\t\t\t\t\t<\/div>\n\t\t\t\t<\/div>\n\t\t\t\t\t<\/div>\n\t\t<\/div>\n\t\t\t\t<div class=\"elementor-column elementor-col-50 elementor-top-column elementor-element elementor-element-b37ea00\" data-id=\"b37ea00\" data-element_type=\"column\">\n\t\t\t<div class=\"elementor-widget-wrap elementor-element-populated\">\n\t\t\t\t\t\t<div class=\"elementor-element elementor-element-5e6ba6b elementor-widget elementor-widget-image\" data-id=\"5e6ba6b\" data-element_type=\"widget\" data-widget_type=\"image.default\">\n\t\t\t\t<div class=\"elementor-widget-container\">\n\t\t\t\t\t\t\t\t\t\t\t\t\t\t\t<img loading=\"lazy\" decoding=\"async\" width=\"150\" height=\"150\" src=\"https:\/\/selfbow.ch\/wp-content\/uploads\/2023\/01\/127126205-auction-line-icon-justice-and-law-hammer-sign-vector-graphics-a-linear-pattern-on-a-white-background-150x150.webp\" class=\"attachment-thumbnail size-thumbnail wp-image-3250\" alt=\"\" srcset=\"https:\/\/selfbow.ch\/wp-content\/uploads\/2023\/01\/127126205-auction-line-icon-justice-and-law-hammer-sign-vector-graphics-a-linear-pattern-on-a-white-background-150x150.webp 150w, https:\/\/selfbow.ch\/wp-content\/uploads\/2023\/01\/127126205-auction-line-icon-justice-and-law-hammer-sign-vector-graphics-a-linear-pattern-on-a-white-background-300x300.webp 300w, https:\/\/selfbow.ch\/wp-content\/uploads\/2023\/01\/127126205-auction-line-icon-justice-and-law-hammer-sign-vector-graphics-a-linear-pattern-on-a-white-background-1024x1024.webp 1024w, https:\/\/selfbow.ch\/wp-content\/uploads\/2023\/01\/127126205-auction-line-icon-justice-and-law-hammer-sign-vector-graphics-a-linear-pattern-on-a-white-background-768x768.webp 768w, https:\/\/selfbow.ch\/wp-content\/uploads\/2023\/01\/127126205-auction-line-icon-justice-and-law-hammer-sign-vector-graphics-a-linear-pattern-on-a-white-background-12x12.webp 12w, https:\/\/selfbow.ch\/wp-content\/uploads\/2023\/01\/127126205-auction-line-icon-justice-and-law-hammer-sign-vector-graphics-a-linear-pattern-on-a-white-background-500x500.webp 500w, https:\/\/selfbow.ch\/wp-content\/uploads\/2023\/01\/127126205-auction-line-icon-justice-and-law-hammer-sign-vector-graphics-a-linear-pattern-on-a-white-background-700x700.webp 700w, https:\/\/selfbow.ch\/wp-content\/uploads\/2023\/01\/127126205-auction-line-icon-justice-and-law-hammer-sign-vector-graphics-a-linear-pattern-on-a-white-background-100x100.webp 100w, https:\/\/selfbow.ch\/wp-content\/uploads\/2023\/01\/127126205-auction-line-icon-justice-and-law-hammer-sign-vector-graphics-a-linear-pattern-on-a-white-background.webp 1300w\" sizes=\"(max-width: 150px) 100vw, 150px\" \/>\t\t\t\t\t\t\t\t\t\t\t\t\t\t\t<\/div>\n\t\t\t\t<\/div>\n\t\t\t\t\t<\/div>\n\t\t<\/div>\n\t\t\t\t\t<\/div>\n\t\t<\/section>\n\t\t\t\t<\/div>","protected":false},"excerpt":{"rendered":"<p>Satisfaction Guarantee and Right of Return \u00a0The bow \u2013 in good condition \u2013 can be returned within 30 days after receipt and without stating the reason for a refund of the full purchase price. The buyer bears the shipping costs.\u00a0\u00a0 General Warranty The warranty is 1 year and includes breakage or other damage which substantially [&hellip;]<\/p>\n","protected":false},"author":1,"featured_media":0,"parent":0,"menu_order":0,"comment_status":"closed","ping_status":"closed","template":"","meta":{"_monsterinsights_skip_tracking":false,"_monsterinsights_sitenote_active":false,"_monsterinsights_sitenote_note":"","_monsterinsights_sitenote_category":0,"_uf_show_specific_survey":0,"_uf_disable_surveys":false,"footnotes":""},"acf":[],"aioseo_notices":[],"_links":{"self":[{"href":"https:\/\/selfbow.ch\/de\/wp-json\/wp\/v2\/pages\/1337"}],"collection":[{"href":"https:\/\/selfbow.ch\/de\/wp-json\/wp\/v2\/pages"}],"about":[{"href":"https:\/\/selfbow.ch\/de\/wp-json\/wp\/v2\/types\/page"}],"author":[{"embeddable":true,"href":"https:\/\/selfbow.ch\/de\/wp-json\/wp\/v2\/users\/1"}],"replies":[{"embeddable":true,"href":"https:\/\/selfbow.ch\/de\/wp-json\/wp\/v2\/comments?post=1337"}],"version-history":[{"count":111,"href":"https:\/\/selfbow.ch\/de\/wp-json\/wp\/v2\/pages\/1337\/revisions"}],"predecessor-version":[{"id":7319,"href":"https:\/\/selfbow.ch\/de\/wp-json\/wp\/v2\/pages\/1337\/revisions\/7319"}],"wp:attachment":[{"href":"https:\/\/selfbow.ch\/de\/wp-json\/wp\/v2\/media?parent=1337"}],"curies":[{"name":"wp","href":"https:\/\/api.w.org\/{rel}","templated":true}]}}