{"id":713,"date":"2022-11-15T10:30:23","date_gmt":"2022-11-15T10:30:23","guid":{"rendered":"https:\/\/selfbow.ch\/?page_id=713"},"modified":"2024-02-23T21:59:31","modified_gmt":"2024-02-23T21:59:31","slug":"der-bogenbauer","status":"publish","type":"page","link":"https:\/\/selfbow.ch\/de\/der-bogenbauer\/","title":{"rendered":""},"content":{"rendered":"<div data-elementor-type=\"wp-page\" data-elementor-id=\"713\" class=\"elementor elementor-713\">\n\t\t\t\t\t\t<section class=\"elementor-section elementor-top-section elementor-element elementor-element-7eb943a elementor-section-boxed elementor-section-height-default elementor-section-height-default\" data-id=\"7eb943a\" data-element_type=\"section\">\n\t\t\t\t\t\t<div class=\"elementor-container elementor-column-gap-default\">\n\t\t\t\t\t<div class=\"elementor-column elementor-col-50 elementor-top-column elementor-element elementor-element-29a9d2f\" data-id=\"29a9d2f\" data-element_type=\"column\">\n\t\t\t<div class=\"elementor-widget-wrap elementor-element-populated\">\n\t\t\t\t\t\t<div class=\"elementor-element elementor-element-d71f8e5 elementor-widget elementor-widget-text-editor\" data-id=\"d71f8e5\" data-element_type=\"widget\" data-widget_type=\"text-editor.default\">\n\t\t\t\t<div class=\"elementor-widget-container\">\n\t\t\t\t\t\t\t\t\t<h1 class=\"western\">Hallo - ich bin Simon<\/h1>\n<h3 class=\"western\">&nbsp;<\/h3>\n<h3 class=\"western\">Seit 2014 mache ich Bogen, und seit 2014 versuche ich diesen perfekten Bogen zu machen.<\/h3>\n<h3 class=\"western\">&nbsp;<\/h3>\n<h3 class=\"western\">Als ich anfing, war ich darauf fokussiert, einen schnellen Bogen zu machen. Dann wurden meine B\u00f6gen auch sch\u00f6ner. Und schlie\u00dflich war es mein Ziel, sie haltbar zu machen.<\/h3>\t\t\t\t\t\t\t\t<\/div>\n\t\t\t\t<\/div>\n\t\t\t\t\t<\/div>\n\t\t<\/div>\n\t\t\t\t<div class=\"elementor-column elementor-col-50 elementor-top-column elementor-element elementor-element-937ed8c elementor-invisible\" data-id=\"937ed8c\" data-element_type=\"column\" data-settings=\"{&quot;animation&quot;:&quot;fadeIn&quot;}\">\n\t\t\t<div class=\"elementor-widget-wrap elementor-element-populated\">\n\t\t\t\t\t\t<div class=\"elementor-element elementor-element-6441fd3 e-transform elementor-invisible elementor-widget elementor-widget-image\" data-id=\"6441fd3\" data-element_type=\"widget\" data-settings=\"{&quot;_animation&quot;:&quot;rollIn&quot;,&quot;_transform_scale_effect&quot;:{&quot;unit&quot;:&quot;px&quot;,&quot;size&quot;:1,&quot;sizes&quot;:[]},&quot;_transform_scale_effect_tablet&quot;:{&quot;unit&quot;:&quot;px&quot;,&quot;size&quot;:&quot;&quot;,&quot;sizes&quot;:[]},&quot;_transform_scale_effect_mobile&quot;:{&quot;unit&quot;:&quot;px&quot;,&quot;size&quot;:&quot;&quot;,&quot;sizes&quot;:[]}}\" data-widget_type=\"image.default\">\n\t\t\t\t<div class=\"elementor-widget-container\">\n\t\t\t\t\t\t\t\t\t\t\t\t\t\t\t<img fetchpriority=\"high\" decoding=\"async\" width=\"800\" height=\"800\" src=\"https:\/\/selfbow.ch\/wp-content\/uploads\/2023\/02\/IMG_20220211_181835_748-1024x1024.webp\" class=\"attachment-large size-large wp-image-3430\" alt=\"\" srcset=\"https:\/\/selfbow.ch\/wp-content\/uploads\/2023\/02\/IMG_20220211_181835_748-1024x1024.webp 1024w, https:\/\/selfbow.ch\/wp-content\/uploads\/2023\/02\/IMG_20220211_181835_748-300x300.webp 300w, https:\/\/selfbow.ch\/wp-content\/uploads\/2023\/02\/IMG_20220211_181835_748-150x150.webp 150w, https:\/\/selfbow.ch\/wp-content\/uploads\/2023\/02\/IMG_20220211_181835_748-768x768.webp 768w, https:\/\/selfbow.ch\/wp-content\/uploads\/2023\/02\/IMG_20220211_181835_748-12x12.webp 12w, https:\/\/selfbow.ch\/wp-content\/uploads\/2023\/02\/IMG_20220211_181835_748-500x500.webp 500w, https:\/\/selfbow.ch\/wp-content\/uploads\/2023\/02\/IMG_20220211_181835_748-700x700.webp 700w, https:\/\/selfbow.ch\/wp-content\/uploads\/2023\/02\/IMG_20220211_181835_748-100x100.webp 100w, https:\/\/selfbow.ch\/wp-content\/uploads\/2023\/02\/IMG_20220211_181835_748.webp 1080w\" sizes=\"(max-width: 800px) 100vw, 800px\" \/>\t\t\t\t\t\t\t\t\t\t\t\t\t\t\t<\/div>\n\t\t\t\t<\/div>\n\t\t\t\t\t<\/div>\n\t\t<\/div>\n\t\t\t\t\t<\/div>\n\t\t<\/section>\n\t\t\t\t<section class=\"elementor-section elementor-top-section elementor-element elementor-element-4758151 elementor-section-boxed elementor-section-height-default elementor-section-height-default\" data-id=\"4758151\" data-element_type=\"section\">\n\t\t\t\t\t\t<div class=\"elementor-container elementor-column-gap-default\">\n\t\t\t\t\t<div class=\"elementor-column elementor-col-50 elementor-top-column elementor-element elementor-element-5b59e18\" data-id=\"5b59e18\" data-element_type=\"column\">\n\t\t\t<div class=\"elementor-widget-wrap elementor-element-populated\">\n\t\t\t\t\t\t<div class=\"elementor-element elementor-element-233f7f4 elementor-widget elementor-widget-text-editor\" data-id=\"233f7f4\" data-element_type=\"widget\" data-widget_type=\"text-editor.default\">\n\t\t\t\t<div class=\"elementor-widget-container\">\n\t\t\t\t\t\t\t\t\t<h3><br><\/h3>\n<h3><br><\/h3>\n<h3>...<\/h3>\n<div>\n<h3><br><\/h3>\n<\/div>\n<div>\n<h3>DAS STREBEN NACH DEM PERFEKTEN BOGEN WIRD NIEMALS enden - zwischenzeitlich machen wir sie schnell, sch\u00f6n und haltbar.<\/h3><\/div>\t\t\t\t\t\t\t\t<\/div>\n\t\t\t\t<\/div>\n\t\t\t\t\t<\/div>\n\t\t<\/div>\n\t\t\t\t<div class=\"elementor-column elementor-col-50 elementor-top-column elementor-element elementor-element-cefcd79\" data-id=\"cefcd79\" data-element_type=\"column\">\n\t\t\t<div class=\"elementor-widget-wrap elementor-element-populated\">\n\t\t\t\t\t\t<div class=\"elementor-element elementor-element-b26ea99 e-transform elementor-invisible elementor-widget elementor-widget-image\" data-id=\"b26ea99\" data-element_type=\"widget\" data-settings=\"{&quot;_animation&quot;:&quot;rollIn&quot;,&quot;_transform_scale_effect&quot;:{&quot;unit&quot;:&quot;px&quot;,&quot;size&quot;:1,&quot;sizes&quot;:[]},&quot;_transform_scale_effect_tablet&quot;:{&quot;unit&quot;:&quot;px&quot;,&quot;size&quot;:&quot;&quot;,&quot;sizes&quot;:[]},&quot;_transform_scale_effect_mobile&quot;:{&quot;unit&quot;:&quot;px&quot;,&quot;size&quot;:&quot;&quot;,&quot;sizes&quot;:[]}}\" data-widget_type=\"image.default\">\n\t\t\t\t<div class=\"elementor-widget-container\">\n\t\t\t\t\t\t\t\t\t\t\t\t\t\t\t<img decoding=\"async\" width=\"800\" height=\"800\" src=\"https:\/\/selfbow.ch\/wp-content\/uploads\/2023\/02\/IMG_20220602_100947_570-1024x1024.jpg\" class=\"attachment-large size-large wp-image-3431\" alt=\"\" srcset=\"https:\/\/selfbow.ch\/wp-content\/uploads\/2023\/02\/IMG_20220602_100947_570-1024x1024.jpg 1024w, https:\/\/selfbow.ch\/wp-content\/uploads\/2023\/02\/IMG_20220602_100947_570-300x300.jpg 300w, https:\/\/selfbow.ch\/wp-content\/uploads\/2023\/02\/IMG_20220602_100947_570-150x150.jpg 150w, https:\/\/selfbow.ch\/wp-content\/uploads\/2023\/02\/IMG_20220602_100947_570-768x768.jpg 768w, https:\/\/selfbow.ch\/wp-content\/uploads\/2023\/02\/IMG_20220602_100947_570-1536x1536.jpg 1536w, https:\/\/selfbow.ch\/wp-content\/uploads\/2023\/02\/IMG_20220602_100947_570-2048x2048.jpg 2048w, https:\/\/selfbow.ch\/wp-content\/uploads\/2023\/02\/IMG_20220602_100947_570-12x12.jpg 12w, https:\/\/selfbow.ch\/wp-content\/uploads\/2023\/02\/IMG_20220602_100947_570-500x500.jpg 500w, https:\/\/selfbow.ch\/wp-content\/uploads\/2023\/02\/IMG_20220602_100947_570-700x700.jpg 700w, https:\/\/selfbow.ch\/wp-content\/uploads\/2023\/02\/IMG_20220602_100947_570-100x100.jpg 100w\" sizes=\"(max-width: 800px) 100vw, 800px\" \/>\t\t\t\t\t\t\t\t\t\t\t\t\t\t\t<\/div>\n\t\t\t\t<\/div>\n\t\t\t\t\t<\/div>\n\t\t<\/div>\n\t\t\t\t\t<\/div>\n\t\t<\/section>\n\t\t\t\t<\/div>","protected":false},"excerpt":{"rendered":"<p>Hi, I&#8217;m Simon &nbsp; Since 2014 I make bows, and since 2014 I&#8217;m tryin&#8217; to make that perfect bow. &nbsp; When I started I was focussed on making a fast bow. Then my bows got more beautyful. And finally my goal was to make them durable. Today my bows look and behave like I think [&hellip;]<\/p>\n","protected":false},"author":1,"featured_media":0,"parent":0,"menu_order":0,"comment_status":"closed","ping_status":"closed","template":"","meta":{"_monsterinsights_skip_tracking":false,"_monsterinsights_sitenote_active":false,"_monsterinsights_sitenote_note":"","_monsterinsights_sitenote_category":0,"_uf_show_specific_survey":0,"_uf_disable_surveys":false,"footnotes":""},"acf":[],"aioseo_notices":[],"_links":{"self":[{"href":"https:\/\/selfbow.ch\/de\/wp-json\/wp\/v2\/pages\/713"}],"collection":[{"href":"https:\/\/selfbow.ch\/de\/wp-json\/wp\/v2\/pages"}],"about":[{"href":"https:\/\/selfbow.ch\/de\/wp-json\/wp\/v2\/types\/page"}],"author":[{"embeddable":true,"href":"https:\/\/selfbow.ch\/de\/wp-json\/wp\/v2\/users\/1"}],"replies":[{"embeddable":true,"href":"https:\/\/selfbow.ch\/de\/wp-json\/wp\/v2\/comments?post=713"}],"version-history":[{"count":123,"href":"https:\/\/selfbow.ch\/de\/wp-json\/wp\/v2\/pages\/713\/revisions"}],"predecessor-version":[{"id":5143,"href":"https:\/\/selfbow.ch\/de\/wp-json\/wp\/v2\/pages\/713\/revisions\/5143"}],"wp:attachment":[{"href":"https:\/\/selfbow.ch\/de\/wp-json\/wp\/v2\/media?parent=713"}],"curies":[{"name":"wp","href":"https:\/\/api.w.org\/{rel}","templated":true}]}}