{"id":727,"date":"2022-11-15T10:51:08","date_gmt":"2022-11-15T10:51:08","guid":{"rendered":"https:\/\/selfbow.ch\/?page_id=727"},"modified":"2023-03-02T20:41:03","modified_gmt":"2023-03-02T20:41:03","slug":"bogen-aus-holz","status":"publish","type":"page","link":"https:\/\/selfbow.ch\/de\/bogen-aus-holz\/","title":{"rendered":""},"content":{"rendered":"<div data-elementor-type=\"wp-page\" data-elementor-id=\"727\" class=\"elementor elementor-727\">\n\t\t\t\t\t\t<section class=\"elementor-section elementor-top-section elementor-element elementor-element-ad4243a elementor-section-boxed elementor-section-height-default elementor-section-height-default\" data-id=\"ad4243a\" data-element_type=\"section\">\n\t\t\t\t\t\t<div class=\"elementor-container elementor-column-gap-default\">\n\t\t\t\t\t<div class=\"elementor-column elementor-col-50 elementor-top-column elementor-element elementor-element-1809ada\" data-id=\"1809ada\" data-element_type=\"column\">\n\t\t\t<div class=\"elementor-widget-wrap elementor-element-populated\">\n\t\t\t\t\t\t<div class=\"elementor-element elementor-element-ce418c1 elementor-widget elementor-widget-heading\" data-id=\"ce418c1\" data-element_type=\"widget\" data-widget_type=\"heading.default\">\n\t\t\t\t<div class=\"elementor-widget-container\">\n\t\t\t\t\t<h2 class=\"elementor-heading-title elementor-size-default\">Holzbogen - FAQ<\/h2>\t\t\t\t<\/div>\n\t\t\t\t<\/div>\n\t\t\t\t\t<\/div>\n\t\t<\/div>\n\t\t\t\t<div class=\"elementor-column elementor-col-50 elementor-top-column elementor-element elementor-element-6c59bb9\" data-id=\"6c59bb9\" data-element_type=\"column\">\n\t\t\t<div class=\"elementor-widget-wrap elementor-element-populated\">\n\t\t\t\t\t\t<div class=\"elementor-element elementor-element-c2d1d24 elementor-widget elementor-widget-image\" data-id=\"c2d1d24\" data-element_type=\"widget\" data-widget_type=\"image.default\">\n\t\t\t\t<div class=\"elementor-widget-container\">\n\t\t\t\t\t\t\t\t\t\t\t\t\t\t\t<img fetchpriority=\"high\" decoding=\"async\" width=\"600\" height=\"800\" src=\"https:\/\/selfbow.ch\/wp-content\/uploads\/2022\/11\/IMG_20210723_120812.jpg\" class=\"attachment-large size-large wp-image-1374\" alt=\"\" srcset=\"https:\/\/selfbow.ch\/wp-content\/uploads\/2022\/11\/IMG_20210723_120812.jpg 600w, https:\/\/selfbow.ch\/wp-content\/uploads\/2022\/11\/IMG_20210723_120812-500x667.jpg 500w, https:\/\/selfbow.ch\/wp-content\/uploads\/2022\/11\/IMG_20210723_120812-225x300.jpg 225w, https:\/\/selfbow.ch\/wp-content\/uploads\/2022\/11\/IMG_20210723_120812-9x12.jpg 9w\" sizes=\"(max-width: 600px) 100vw, 600px\" \/>\t\t\t\t\t\t\t\t\t\t\t\t\t\t\t<\/div>\n\t\t\t\t<\/div>\n\t\t\t\t\t<\/div>\n\t\t<\/div>\n\t\t\t\t\t<\/div>\n\t\t<\/section>\n\t\t\t\t<section class=\"elementor-section elementor-top-section elementor-element elementor-element-cd039e0 elementor-section-boxed elementor-section-height-default elementor-section-height-default\" data-id=\"cd039e0\" data-element_type=\"section\">\n\t\t\t\t\t\t<div class=\"elementor-container elementor-column-gap-default\">\n\t\t\t\t\t<div class=\"elementor-column elementor-col-100 elementor-top-column elementor-element elementor-element-9d3857c\" data-id=\"9d3857c\" data-element_type=\"column\">\n\t\t\t<div class=\"elementor-widget-wrap elementor-element-populated\">\n\t\t\t\t\t\t<div class=\"elementor-element elementor-element-186eb05 elementor-widget elementor-widget-text-editor\" data-id=\"186eb05\" data-element_type=\"widget\" data-widget_type=\"text-editor.default\">\n\t\t\t\t<div class=\"elementor-widget-container\">\n\t\t\t\t\t\t\t\t\t<p style=\"margin-bottom: 0cm;\">\u00a040'000 Jahre lang wurden B\u00f6gen aus Holz gefertigt. 40'000 Jahre lang war jeder Bogen ein hochgesch\u00e4tztes individuelles und lebendiges Kunstwerk. Dann, vor etwa 60 Jahren, fanden kluge Bogenbauer heraus, dass ihnen ein wenig Glas auf den Bogen das Leben viel einfacher und profitabler machen konnte. Seitdem k\u00f6nnen B\u00f6gen industriell in Serie gefertigt werden. Aber das sind keine Individuen mehr, eher Nummern. Ein Holzbogen hingegen ist lebendig und hat eine Geschichte zu erz\u00e4hlen. Jeder Bogen hat seine eigene Pers\u00f6nlichkeit, die ihm durch seinen individuellen Charakter und die mechanischen Eigenschaften des jeweiligen Holzst\u00fccks verliehen wird, und nat\u00fcrlich durch die F\u00e4higkeiten und Absichten des Bogenbauers.<\/p><p style=\"margin-bottom: 0cm;\">Ich bringe Euch die Holzbogen zur\u00fcck.<\/p><p>Hier findest Du mehr Informationen und pers\u00f6nliche Meinungen zum Thema Holzbogen:<\/p>\t\t\t\t\t\t\t\t<\/div>\n\t\t\t\t<\/div>\n\t\t\t\t\t<\/div>\n\t\t<\/div>\n\t\t\t\t\t<\/div>\n\t\t<\/section>\n\t\t\t\t<section class=\"elementor-section elementor-top-section elementor-element elementor-element-4d1be32 elementor-section-boxed elementor-section-height-default elementor-section-height-default\" data-id=\"4d1be32\" data-element_type=\"section\">\n\t\t\t\t\t\t<div class=\"elementor-container elementor-column-gap-default\">\n\t\t\t\t\t<div class=\"elementor-column elementor-col-100 elementor-top-column elementor-element elementor-element-513ca0b\" data-id=\"513ca0b\" data-element_type=\"column\">\n\t\t\t<div class=\"elementor-widget-wrap elementor-element-populated\">\n\t\t\t\t\t\t<div class=\"elementor-element elementor-element-ec5ce3d elementor-grid-eael-col-3 elementor-grid-tablet-eael-col-2 elementor-grid-mobile-eael-col-1 elementor-widget elementor-widget-eael-post-grid\" data-id=\"ec5ce3d\" data-element_type=\"widget\" data-settings=\"{&quot;eael_post_grid_columns&quot;:&quot;eael-col-3&quot;,&quot;eael_post_grid_columns_tablet&quot;:&quot;eael-col-2&quot;,&quot;eael_post_grid_columns_mobile&quot;:&quot;eael-col-1&quot;}\" data-widget_type=\"eael-post-grid.default\">\n\t\t\t\t<div class=\"elementor-widget-container\">\n\t\t\t\t\t<div id=\"eael-post-grid-ec5ce3d\" class=\"eael-post-grid-container\">\n            <div class=\"eael-post-grid eael-post-appender eael-post-appender-ec5ce3d eael-post-grid-style-one\" data-layout-mode=\"grid\"><article class=\"eael-grid-post  eael-post-grid-column eael-pg-post-3661 category-basic-faqs\" data-id=\"3661\">\n        <div class=\"eael-grid-post-holder\">\n            <div class=\"eael-grid-post-holder-inner\"><div class=\"eael-entry-media\"><div class=\"eael-entry-overlay fade-in\"><i class=\"fas fa-long-arrow-alt-right\" aria-hidden=\"true\"><\/i><a href=\"https:\/\/selfbow.ch\/de\/how-fast-are-these-bows\/\"><\/a><\/div><div class=\"eael-entry-thumbnail\">\n                <img decoding=\"async\" width=\"300\" height=\"200\" src=\"https:\/\/selfbow.ch\/wp-content\/uploads\/2023\/01\/speed2-300x200.jpg\" class=\"attachment-medium size-medium wp-image-2361\" alt=\"\" srcset=\"https:\/\/selfbow.ch\/wp-content\/uploads\/2023\/01\/speed2-300x200.jpg 300w, https:\/\/selfbow.ch\/wp-content\/uploads\/2023\/01\/speed2-18x12.jpg 18w, https:\/\/selfbow.ch\/wp-content\/uploads\/2023\/01\/speed2-500x333.jpg 500w, https:\/\/selfbow.ch\/wp-content\/uploads\/2023\/01\/speed2.jpg 509w\" sizes=\"(max-width: 300px) 100vw, 300px\" \/>\n            <\/div>\n        <\/div><div class=\"eael-entry-wrapper\"><header class=\"eael-entry-header\"><h2 class=\"eael-entry-title\"><a class=\"eael-grid-post-link\" href=\"https:\/\/selfbow.ch\/de\/how-fast-are-these-bows\/\" title=\"Wie schnell sind diese Bogen?\">Wie schnell sind diese Bogen?<\/a><\/h2><\/header><div class=\"eael-entry-content\">\n                        <div class=\"eael-grid-post-excerpt\"><a href=\"https:\/\/selfbow.ch\/de\/how-fast-are-these-bows\/\" class=\"eael-post-elements-readmore-btn\">Weiterlesen<\/a><\/div>\n                    <\/div><\/div><\/div>\n        <\/div>\n    <\/article><article class=\"eael-grid-post  eael-post-grid-column eael-pg-post-3659 category-basic-faqs\" data-id=\"3659\">\n        <div class=\"eael-grid-post-holder\">\n            <div class=\"eael-grid-post-holder-inner\"><div class=\"eael-entry-media\"><div class=\"eael-entry-overlay fade-in\"><i class=\"fas fa-long-arrow-alt-right\" aria-hidden=\"true\"><\/i><a href=\"https:\/\/selfbow.ch\/de\/how-beautyful-are-these-bows\/\"><\/a><\/div><div class=\"eael-entry-thumbnail\">\n                <img decoding=\"async\" width=\"300\" height=\"300\" src=\"https:\/\/selfbow.ch\/wp-content\/uploads\/2023\/03\/1557da5276827cf-e1677786355252-300x300.png\" class=\"attachment-medium size-medium wp-image-3678\" alt=\"\" srcset=\"https:\/\/selfbow.ch\/wp-content\/uploads\/2023\/03\/1557da5276827cf-e1677786355252-300x300.png 300w, https:\/\/selfbow.ch\/wp-content\/uploads\/2023\/03\/1557da5276827cf-e1677786355252-150x150.png 150w, https:\/\/selfbow.ch\/wp-content\/uploads\/2023\/03\/1557da5276827cf-e1677786355252-12x12.png 12w, https:\/\/selfbow.ch\/wp-content\/uploads\/2023\/03\/1557da5276827cf-e1677786355252-100x100.png 100w, https:\/\/selfbow.ch\/wp-content\/uploads\/2023\/03\/1557da5276827cf-e1677786355252.png 360w\" sizes=\"(max-width: 300px) 100vw, 300px\" \/>\n            <\/div>\n        <\/div><div class=\"eael-entry-wrapper\"><header class=\"eael-entry-header\"><h2 class=\"eael-entry-title\"><a class=\"eael-grid-post-link\" href=\"https:\/\/selfbow.ch\/de\/how-beautyful-are-these-bows\/\" title=\"Wie sch\u00f6n sind diese Bogen?\">Wie sch\u00f6n sind diese Bogen?<\/a><\/h2><\/header><div class=\"eael-entry-content\">\n                        <div class=\"eael-grid-post-excerpt\"><a href=\"https:\/\/selfbow.ch\/de\/how-beautyful-are-these-bows\/\" class=\"eael-post-elements-readmore-btn\">Weiterlesen<\/a><\/div>\n                    <\/div><\/div><\/div>\n        <\/div>\n    <\/article><article class=\"eael-grid-post  eael-post-grid-column eael-pg-post-3657 category-basic-faqs\" data-id=\"3657\">\n        <div class=\"eael-grid-post-holder\">\n            <div class=\"eael-grid-post-holder-inner\"><div class=\"eael-entry-media\"><div class=\"eael-entry-overlay fade-in\"><i class=\"fas fa-long-arrow-alt-right\" aria-hidden=\"true\"><\/i><a href=\"https:\/\/selfbow.ch\/de\/how-durable-are-these-bows\/\"><\/a><\/div><div class=\"eael-entry-thumbnail\">\n                <img loading=\"lazy\" decoding=\"async\" width=\"260\" height=\"280\" src=\"https:\/\/selfbow.ch\/wp-content\/uploads\/2023\/03\/image-260nw-1641609262.webp\" class=\"attachment-medium size-medium wp-image-3686\" alt=\"\" srcset=\"https:\/\/selfbow.ch\/wp-content\/uploads\/2023\/03\/image-260nw-1641609262.webp 260w, https:\/\/selfbow.ch\/wp-content\/uploads\/2023\/03\/image-260nw-1641609262-11x12.webp 11w\" sizes=\"(max-width: 260px) 100vw, 260px\" \/>\n            <\/div>\n        <\/div><div class=\"eael-entry-wrapper\"><header class=\"eael-entry-header\"><h2 class=\"eael-entry-title\"><a class=\"eael-grid-post-link\" href=\"https:\/\/selfbow.ch\/de\/how-durable-are-these-bows\/\" title=\"Wie dauerhaft sind diese Bogen?\">Wie dauerhaft sind diese Bogen?<\/a><\/h2><\/header><div class=\"eael-entry-content\">\n                        <div class=\"eael-grid-post-excerpt\"><a href=\"https:\/\/selfbow.ch\/de\/how-durable-are-these-bows\/\" class=\"eael-post-elements-readmore-btn\">Weiterlesen<\/a><\/div>\n                    <\/div><\/div><\/div>\n        <\/div>\n    <\/article><article class=\"eael-grid-post  eael-post-grid-column eael-pg-post-2180 category-basic-faqs-news-from-the-shop\" data-id=\"2180\">\n        <div class=\"eael-grid-post-holder\">\n            <div class=\"eael-grid-post-holder-inner\"><div class=\"eael-entry-media\"><div class=\"eael-entry-overlay fade-in\"><i class=\"fas fa-long-arrow-alt-right\" aria-hidden=\"true\"><\/i><a href=\"https:\/\/selfbow.ch\/de\/about-wood-2\/\"><\/a><\/div><div class=\"eael-entry-thumbnail\">\n                <img loading=\"lazy\" decoding=\"async\" width=\"300\" height=\"300\" src=\"https:\/\/selfbow.ch\/wp-content\/uploads\/2023\/01\/holz-1-300x300.jpg\" class=\"attachment-medium size-medium wp-image-2363\" alt=\"\" srcset=\"https:\/\/selfbow.ch\/wp-content\/uploads\/2023\/01\/holz-1-300x300.jpg 300w, https:\/\/selfbow.ch\/wp-content\/uploads\/2023\/01\/holz-1-150x150.jpg 150w, https:\/\/selfbow.ch\/wp-content\/uploads\/2023\/01\/holz-1-768x766.jpg 768w, https:\/\/selfbow.ch\/wp-content\/uploads\/2023\/01\/holz-1-12x12.jpg 12w, https:\/\/selfbow.ch\/wp-content\/uploads\/2023\/01\/holz-1-500x499.jpg 500w, https:\/\/selfbow.ch\/wp-content\/uploads\/2023\/01\/holz-1-700x698.jpg 700w, https:\/\/selfbow.ch\/wp-content\/uploads\/2023\/01\/holz-1-100x100.jpg 100w, https:\/\/selfbow.ch\/wp-content\/uploads\/2023\/01\/holz-1.jpg 1000w\" sizes=\"(max-width: 300px) 100vw, 300px\" \/>\n            <\/div>\n        <\/div><div class=\"eael-entry-wrapper\"><header class=\"eael-entry-header\"><h2 class=\"eael-entry-title\"><a class=\"eael-grid-post-link\" href=\"https:\/\/selfbow.ch\/de\/about-wood-2\/\" title=\"About Wood\">About Wood<\/a><\/h2><\/header><div class=\"eael-entry-content\">\n                        <div class=\"eael-grid-post-excerpt\"><a href=\"https:\/\/selfbow.ch\/de\/about-wood-2\/\" class=\"eael-post-elements-readmore-btn\">Weiterlesen<\/a><\/div>\n                    <\/div><\/div><\/div>\n        <\/div>\n    <\/article><\/div>\n            <div class=\"clearfix\"><\/div>\n        <\/div>\t\t\t\t<\/div>\n\t\t\t\t<\/div>\n\t\t\t\t\t<\/div>\n\t\t<\/div>\n\t\t\t\t\t<\/div>\n\t\t<\/section>\n\t\t\t\t<section class=\"elementor-section elementor-top-section elementor-element elementor-element-6c05792 elementor-section-boxed elementor-section-height-default elementor-section-height-default\" data-id=\"6c05792\" data-element_type=\"section\">\n\t\t\t\t\t\t<div class=\"elementor-container elementor-column-gap-default\">\n\t\t\t\t\t<div class=\"elementor-column elementor-col-100 elementor-top-column elementor-element elementor-element-efbeb56\" data-id=\"efbeb56\" data-element_type=\"column\">\n\t\t\t<div class=\"elementor-widget-wrap elementor-element-populated\">\n\t\t\t\t\t\t<div class=\"elementor-element elementor-element-1235a70 elementor-grid-eael-col-3 elementor-grid-tablet-eael-col-2 elementor-grid-mobile-eael-col-1 elementor-widget elementor-widget-eael-post-grid\" data-id=\"1235a70\" data-element_type=\"widget\" data-settings=\"{&quot;eael_post_grid_columns&quot;:&quot;eael-col-3&quot;,&quot;eael_post_grid_columns_tablet&quot;:&quot;eael-col-2&quot;,&quot;eael_post_grid_columns_mobile&quot;:&quot;eael-col-1&quot;}\" data-widget_type=\"eael-post-grid.default\">\n\t\t\t\t<div class=\"elementor-widget-container\">\n\t\t\t\t\t<div id=\"eael-post-grid-1235a70\" class=\"eael-post-grid-container\">\n            <div class=\"eael-post-grid eael-post-appender eael-post-appender-1235a70 eael-post-grid-style-one\" data-layout-mode=\"grid\"><article class=\"eael-grid-post  eael-post-grid-column eael-pg-post-2501 category-faq-postings\" data-id=\"2501\">\n        <div class=\"eael-grid-post-holder\">\n            <div class=\"eael-grid-post-holder-inner\"><div class=\"eael-entry-media\"><div class=\"eael-entry-overlay fade-in\"><i class=\"fas fa-long-arrow-alt-right\" aria-hidden=\"true\"><\/i><a href=\"https:\/\/selfbow.ch\/de\/the-art-of-bowmaking\/\"><\/a><\/div><div class=\"eael-entry-thumbnail\">\n                <img loading=\"lazy\" decoding=\"async\" width=\"249\" height=\"300\" src=\"https:\/\/selfbow.ch\/wp-content\/uploads\/2023\/01\/medieval-bowyerii-e1675803735823-249x300.jpg\" class=\"attachment-medium size-medium wp-image-3371\" alt=\"\" srcset=\"https:\/\/selfbow.ch\/wp-content\/uploads\/2023\/01\/medieval-bowyerii-e1675803735823-249x300.jpg 249w, https:\/\/selfbow.ch\/wp-content\/uploads\/2023\/01\/medieval-bowyerii-e1675803735823-10x12.jpg 10w, https:\/\/selfbow.ch\/wp-content\/uploads\/2023\/01\/medieval-bowyerii-e1675803735823-500x602.jpg 500w, https:\/\/selfbow.ch\/wp-content\/uploads\/2023\/01\/medieval-bowyerii-e1675803735823.jpg 554w\" sizes=\"(max-width: 249px) 100vw, 249px\" \/>\n            <\/div>\n        <\/div><div class=\"eael-entry-wrapper\"><header class=\"eael-entry-header\"><h2 class=\"eael-entry-title\"><a class=\"eael-grid-post-link\" href=\"https:\/\/selfbow.ch\/de\/the-art-of-bowmaking\/\" title=\"The Art of Bowmaking\">The Art of Bowmaking<\/a><\/h2><\/header><div class=\"eael-entry-content\">\n                        <div class=\"eael-grid-post-excerpt\"><a href=\"https:\/\/selfbow.ch\/de\/the-art-of-bowmaking\/\" class=\"eael-post-elements-readmore-btn\">Weiterlesen<\/a><\/div>\n                    <\/div><\/div><\/div>\n        <\/div>\n    <\/article><\/div>\n            <div class=\"clearfix\"><\/div>\n        <\/div>\t\t\t\t<\/div>\n\t\t\t\t<\/div>\n\t\t\t\t\t<\/div>\n\t\t<\/div>\n\t\t\t\t\t<\/div>\n\t\t<\/section>\n\t\t\t\t<section class=\"elementor-section elementor-top-section elementor-element elementor-element-f14f55c elementor-section-boxed elementor-section-height-default elementor-section-height-default\" data-id=\"f14f55c\" data-element_type=\"section\">\n\t\t\t\t\t\t<div class=\"elementor-container elementor-column-gap-default\">\n\t\t\t\t\t<div class=\"elementor-column elementor-col-100 elementor-top-column elementor-element elementor-element-7543686\" data-id=\"7543686\" data-element_type=\"column\">\n\t\t\t<div class=\"elementor-widget-wrap\">\n\t\t\t\t\t\t\t<\/div>\n\t\t<\/div>\n\t\t\t\t\t<\/div>\n\t\t<\/section>\n\t\t\t\t<\/div>","protected":false},"excerpt":{"rendered":"<p>Wooden Bows &#8211; FAQ \u00a0For 40&#8217;000 years bows were made of wood. For 40&#8217;000 Years every bow was a precious individual and living piece of art. Then, maybe 60 years ago, smart bowyers found out, that putting a little glass on their bows would make their life so much easier and profitable. Since then bows [&hellip;]<\/p>\n","protected":false},"author":1,"featured_media":0,"parent":0,"menu_order":0,"comment_status":"closed","ping_status":"closed","template":"","meta":{"_monsterinsights_skip_tracking":false,"_monsterinsights_sitenote_active":false,"_monsterinsights_sitenote_note":"","_monsterinsights_sitenote_category":0,"_uf_show_specific_survey":0,"_uf_disable_surveys":false,"footnotes":""},"acf":[],"aioseo_notices":[],"_links":{"self":[{"href":"https:\/\/selfbow.ch\/de\/wp-json\/wp\/v2\/pages\/727"}],"collection":[{"href":"https:\/\/selfbow.ch\/de\/wp-json\/wp\/v2\/pages"}],"about":[{"href":"https:\/\/selfbow.ch\/de\/wp-json\/wp\/v2\/types\/page"}],"author":[{"embeddable":true,"href":"https:\/\/selfbow.ch\/de\/wp-json\/wp\/v2\/users\/1"}],"replies":[{"embeddable":true,"href":"https:\/\/selfbow.ch\/de\/wp-json\/wp\/v2\/comments?post=727"}],"version-history":[{"count":124,"href":"https:\/\/selfbow.ch\/de\/wp-json\/wp\/v2\/pages\/727\/revisions"}],"predecessor-version":[{"id":3724,"href":"https:\/\/selfbow.ch\/de\/wp-json\/wp\/v2\/pages\/727\/revisions\/3724"}],"wp:attachment":[{"href":"https:\/\/selfbow.ch\/de\/wp-json\/wp\/v2\/media?parent=727"}],"curies":[{"name":"wp","href":"https:\/\/api.w.org\/{rel}","templated":true}]}}