{"id":7320,"date":"2025-05-04T08:29:56","date_gmt":"2025-05-04T08:29:56","guid":{"rendered":"https:\/\/selfbow.ch\/?page_id=7320"},"modified":"2025-05-04T11:18:35","modified_gmt":"2025-05-04T11:18:35","slug":"arrows","status":"publish","type":"page","link":"https:\/\/selfbow.ch\/de\/arrows\/","title":{"rendered":"Pfeile"},"content":{"rendered":"<div data-elementor-type=\"wp-page\" data-elementor-id=\"7320\" class=\"elementor elementor-7320\">\n\t\t\t\t\t\t<section class=\"elementor-section elementor-top-section elementor-element elementor-element-c2e9bf2 elementor-section-boxed elementor-section-height-default elementor-section-height-default\" data-id=\"c2e9bf2\" data-element_type=\"section\">\n\t\t\t\t\t\t<div class=\"elementor-container elementor-column-gap-default\">\n\t\t\t\t\t<div class=\"elementor-column elementor-col-100 elementor-top-column elementor-element elementor-element-cc9bf70\" data-id=\"cc9bf70\" data-element_type=\"column\">\n\t\t\t<div class=\"elementor-widget-wrap elementor-element-populated\">\n\t\t\t\t\t\t<div class=\"elementor-element elementor-element-2966b50 elementor-widget elementor-widget-text-editor\" data-id=\"2966b50\" data-element_type=\"widget\" data-widget_type=\"text-editor.default\">\n\t\t\t\t<div class=\"elementor-widget-container\">\n\t\t\t\t\t\t\t\t\t<p style=\"text-align: center;\">.....BEN\u00d6TIGEN FEINE HOLZPFEILE<\/p>\t\t\t\t\t\t\t\t<\/div>\n\t\t\t\t<\/div>\n\t\t\t\t\t<\/div>\n\t\t<\/div>\n\t\t\t\t\t<\/div>\n\t\t<\/section>\n\t\t\t\t<section class=\"elementor-section elementor-top-section elementor-element elementor-element-442a638 elementor-section-boxed elementor-section-height-default elementor-section-height-default\" data-id=\"442a638\" data-element_type=\"section\">\n\t\t\t\t\t\t<div class=\"elementor-container elementor-column-gap-default\">\n\t\t\t\t\t<div class=\"elementor-column elementor-col-50 elementor-top-column elementor-element elementor-element-366e981\" data-id=\"366e981\" data-element_type=\"column\">\n\t\t\t<div class=\"elementor-widget-wrap elementor-element-populated\">\n\t\t\t\t\t\t<div class=\"elementor-element elementor-element-e067f94 elementor-widget elementor-widget-text-editor\" data-id=\"e067f94\" data-element_type=\"widget\" data-widget_type=\"text-editor.default\">\n\t\t\t\t<div class=\"elementor-widget-container\">\n\t\t\t\t\t\t\t\t\t<p><strong>Der Bogen schiesst - aber der Pfeil trifft.<\/strong><\/p><p>Aber um zuverl\u00e4ssig zu treffen, brauchst Du einen guten Pfeil - oder vielmehr einen ganzen Satz gute Pfeile!<\/p><p>Nun kannst Du es Dir einfach machen und im Laden Carbonpfeile kaufen \u2013 dann hast Du gute Pfeile.<\/p><p>Oder Du kannst den schwierigen Weg gehen und Holzpfeile schiessen. Gute Holzpfeile kannst Du nicht im Laden kaufen. Diese musst Du entweder selbst machen, von einem erfahrenen Pfeilbauer anfertigen lassen.<\/p>\t\t\t\t\t\t\t\t<\/div>\n\t\t\t\t<\/div>\n\t\t\t\t\t<\/div>\n\t\t<\/div>\n\t\t\t\t<div class=\"elementor-column elementor-col-50 elementor-top-column elementor-element elementor-element-90807a1\" data-id=\"90807a1\" data-element_type=\"column\">\n\t\t\t<div class=\"elementor-widget-wrap elementor-element-populated\">\n\t\t\t\t\t\t<div class=\"elementor-element elementor-element-f7635f6 elementor-widget elementor-widget-image\" data-id=\"f7635f6\" data-element_type=\"widget\" data-widget_type=\"image.default\">\n\t\t\t\t<div class=\"elementor-widget-container\">\n\t\t\t\t\t\t\t\t\t\t\t\t\t\t\t<img fetchpriority=\"high\" decoding=\"async\" width=\"800\" height=\"370\" src=\"https:\/\/selfbow.ch\/wp-content\/uploads\/2025\/05\/20250426_195610-1024x473.jpg\" class=\"attachment-large size-large wp-image-7328\" alt=\"\" srcset=\"https:\/\/selfbow.ch\/wp-content\/uploads\/2025\/05\/20250426_195610-1024x473.jpg 1024w, https:\/\/selfbow.ch\/wp-content\/uploads\/2025\/05\/20250426_195610-300x139.jpg 300w, https:\/\/selfbow.ch\/wp-content\/uploads\/2025\/05\/20250426_195610-768x355.jpg 768w, https:\/\/selfbow.ch\/wp-content\/uploads\/2025\/05\/20250426_195610-1536x709.jpg 1536w, https:\/\/selfbow.ch\/wp-content\/uploads\/2025\/05\/20250426_195610-2048x946.jpg 2048w, https:\/\/selfbow.ch\/wp-content\/uploads\/2025\/05\/20250426_195610-18x8.jpg 18w, https:\/\/selfbow.ch\/wp-content\/uploads\/2025\/05\/20250426_195610-500x231.jpg 500w, https:\/\/selfbow.ch\/wp-content\/uploads\/2025\/05\/20250426_195610-700x323.jpg 700w\" sizes=\"(max-width: 800px) 100vw, 800px\" \/>\t\t\t\t\t\t\t\t\t\t\t\t\t\t\t<\/div>\n\t\t\t\t<\/div>\n\t\t\t\t\t<\/div>\n\t\t<\/div>\n\t\t\t\t\t<\/div>\n\t\t<\/section>\n\t\t\t\t<section class=\"elementor-section elementor-top-section elementor-element elementor-element-7451617 elementor-section-boxed elementor-section-height-default elementor-section-height-default\" data-id=\"7451617\" data-element_type=\"section\">\n\t\t\t\t\t\t<div class=\"elementor-container elementor-column-gap-default\">\n\t\t\t\t\t<div class=\"elementor-column elementor-col-33 elementor-top-column elementor-element elementor-element-1266768\" data-id=\"1266768\" data-element_type=\"column\">\n\t\t\t<div class=\"elementor-widget-wrap elementor-element-populated\">\n\t\t\t\t\t\t<div class=\"elementor-element elementor-element-ffd6695 elementor-widget elementor-widget-image\" data-id=\"ffd6695\" data-element_type=\"widget\" data-widget_type=\"image.default\">\n\t\t\t\t<div class=\"elementor-widget-container\">\n\t\t\t\t\t\t\t\t\t\t\t\t\t\t\t<img decoding=\"async\" width=\"473\" height=\"1024\" src=\"https:\/\/selfbow.ch\/wp-content\/uploads\/2025\/05\/20250426_200002-473x1024.jpg\" class=\"attachment-large size-large wp-image-7330\" alt=\"\" srcset=\"https:\/\/selfbow.ch\/wp-content\/uploads\/2025\/05\/20250426_200002-473x1024.jpg 473w, https:\/\/selfbow.ch\/wp-content\/uploads\/2025\/05\/20250426_200002-139x300.jpg 139w, https:\/\/selfbow.ch\/wp-content\/uploads\/2025\/05\/20250426_200002-768x1663.jpg 768w, https:\/\/selfbow.ch\/wp-content\/uploads\/2025\/05\/20250426_200002-709x1536.jpg 709w, https:\/\/selfbow.ch\/wp-content\/uploads\/2025\/05\/20250426_200002-946x2048.jpg 946w, https:\/\/selfbow.ch\/wp-content\/uploads\/2025\/05\/20250426_200002-6x12.jpg 6w, https:\/\/selfbow.ch\/wp-content\/uploads\/2025\/05\/20250426_200002-500x1083.jpg 500w, https:\/\/selfbow.ch\/wp-content\/uploads\/2025\/05\/20250426_200002-700x1516.jpg 700w, https:\/\/selfbow.ch\/wp-content\/uploads\/2025\/05\/20250426_200002-scaled.jpg 1182w\" sizes=\"(max-width: 473px) 100vw, 473px\" \/>\t\t\t\t\t\t\t\t\t\t\t\t\t\t\t<\/div>\n\t\t\t\t<\/div>\n\t\t\t\t\t<\/div>\n\t\t<\/div>\n\t\t\t\t<div class=\"elementor-column elementor-col-33 elementor-top-column elementor-element elementor-element-080d6d8\" data-id=\"080d6d8\" data-element_type=\"column\">\n\t\t\t<div class=\"elementor-widget-wrap elementor-element-populated\">\n\t\t\t\t\t\t<div class=\"elementor-element elementor-element-78738aa elementor-widget elementor-widget-text-editor\" data-id=\"78738aa\" data-element_type=\"widget\" data-widget_type=\"text-editor.default\">\n\t\t\t\t<div class=\"elementor-widget-container\">\n\t\t\t\t\t\t\t\t\t<p><strong>Und nat\u00fcrlich fragen mich meine Kunden regelm\u00e4ssig nach Pfeilen zu ihrem neuen Bogen.<\/strong> Da ich aber nicht so gern Pfeile baue und sich diese Arbeit kommerziell auch nicht lohnt, habe ich dies bisher nie angeboten.<\/p><p>Dennoch habe ich jetzt entschieden, hier einen kleinen aber feinen Bestand an Holzsch\u00e4ften aufzubauen und feil zu halten. Man kann ja nicht exklusive Pfeilbogen verkaufen und keine Pfeile dazu haben (-; Also habe ich mir gedacht, <strong>wer von mir einen Bogen kauft, f\u00fcr den baue ich gern auch einen Satz gute Pfeile,<\/strong> zu einem vern\u00fcnftigen Preis. <strong>Und f\u00fcr alle anderen habe ich zumindest Premium Holzsch\u00e4fte \u201csatzweise\u201d im Angebot \u2013 Sch\u00e4fte wie man sie im Laden nirgends kaufen kann:<\/strong><\/p>\t\t\t\t\t\t\t\t<\/div>\n\t\t\t\t<\/div>\n\t\t\t\t<div class=\"elementor-element elementor-element-7aab6e4 elementor-widget elementor-widget-image\" data-id=\"7aab6e4\" data-element_type=\"widget\" data-widget_type=\"image.default\">\n\t\t\t\t<div class=\"elementor-widget-container\">\n\t\t\t\t\t\t\t\t\t\t\t\t\t\t\t<img decoding=\"async\" src=\"https:\/\/selfbow.ch\/wp-content\/uploads\/elementor\/thumbs\/20250214_120222-scaled-r5awdrfgch6wdsux4i2brhkqh2w3augabe4hduldlk.jpg\" title=\"20250214_120222\" alt=\"20250214_120222\" loading=\"lazy\" \/>\t\t\t\t\t\t\t\t\t\t\t\t\t\t\t<\/div>\n\t\t\t\t<\/div>\n\t\t\t\t\t<\/div>\n\t\t<\/div>\n\t\t\t\t<div class=\"elementor-column elementor-col-33 elementor-top-column elementor-element elementor-element-07d1d66\" data-id=\"07d1d66\" data-element_type=\"column\">\n\t\t\t<div class=\"elementor-widget-wrap elementor-element-populated\">\n\t\t\t\t\t\t<div class=\"elementor-element elementor-element-c08a8dc elementor-widget elementor-widget-image\" data-id=\"c08a8dc\" data-element_type=\"widget\" data-widget_type=\"image.default\">\n\t\t\t\t<div class=\"elementor-widget-container\">\n\t\t\t\t\t\t\t\t\t\t\t\t\t\t\t<img decoding=\"async\" width=\"473\" height=\"1024\" src=\"https:\/\/selfbow.ch\/wp-content\/uploads\/2025\/05\/20250426_195916-473x1024.jpg\" class=\"attachment-large size-large wp-image-7329\" alt=\"\" srcset=\"https:\/\/selfbow.ch\/wp-content\/uploads\/2025\/05\/20250426_195916-473x1024.jpg 473w, https:\/\/selfbow.ch\/wp-content\/uploads\/2025\/05\/20250426_195916-139x300.jpg 139w, https:\/\/selfbow.ch\/wp-content\/uploads\/2025\/05\/20250426_195916-768x1663.jpg 768w, https:\/\/selfbow.ch\/wp-content\/uploads\/2025\/05\/20250426_195916-709x1536.jpg 709w, https:\/\/selfbow.ch\/wp-content\/uploads\/2025\/05\/20250426_195916-946x2048.jpg 946w, https:\/\/selfbow.ch\/wp-content\/uploads\/2025\/05\/20250426_195916-6x12.jpg 6w, https:\/\/selfbow.ch\/wp-content\/uploads\/2025\/05\/20250426_195916-500x1083.jpg 500w, https:\/\/selfbow.ch\/wp-content\/uploads\/2025\/05\/20250426_195916-700x1516.jpg 700w, https:\/\/selfbow.ch\/wp-content\/uploads\/2025\/05\/20250426_195916-scaled.jpg 1182w\" sizes=\"(max-width: 473px) 100vw, 473px\" \/>\t\t\t\t\t\t\t\t\t\t\t\t\t\t\t<\/div>\n\t\t\t\t<\/div>\n\t\t\t\t\t<\/div>\n\t\t<\/div>\n\t\t\t\t\t<\/div>\n\t\t<\/section>\n\t\t\t\t<section class=\"elementor-section elementor-top-section elementor-element elementor-element-34e0650 elementor-section-boxed elementor-section-height-default elementor-section-height-default\" data-id=\"34e0650\" data-element_type=\"section\">\n\t\t\t\t\t\t<div class=\"elementor-container elementor-column-gap-default\">\n\t\t\t\t\t<div class=\"elementor-column elementor-col-33 elementor-top-column elementor-element elementor-element-088e3f3\" data-id=\"088e3f3\" data-element_type=\"column\">\n\t\t\t<div class=\"elementor-widget-wrap\">\n\t\t\t\t\t\t\t<\/div>\n\t\t<\/div>\n\t\t\t\t<div class=\"elementor-column elementor-col-33 elementor-top-column elementor-element elementor-element-b088fd0\" data-id=\"b088fd0\" data-element_type=\"column\">\n\t\t\t<div class=\"elementor-widget-wrap\">\n\t\t\t\t\t\t\t<\/div>\n\t\t<\/div>\n\t\t\t\t<div class=\"elementor-column elementor-col-33 elementor-top-column elementor-element elementor-element-e885bf5\" data-id=\"e885bf5\" data-element_type=\"column\">\n\t\t\t<div class=\"elementor-widget-wrap\">\n\t\t\t\t\t\t\t<\/div>\n\t\t<\/div>\n\t\t\t\t\t<\/div>\n\t\t<\/section>\n\t\t\t\t<section class=\"elementor-section elementor-top-section elementor-element elementor-element-3c7f95c elementor-section-boxed elementor-section-height-default elementor-section-height-default\" data-id=\"3c7f95c\" data-element_type=\"section\">\n\t\t\t\t\t\t<div class=\"elementor-container elementor-column-gap-default\">\n\t\t\t\t\t<div class=\"elementor-column elementor-col-33 elementor-top-column elementor-element elementor-element-f9cc72a\" data-id=\"f9cc72a\" data-element_type=\"column\">\n\t\t\t<div class=\"elementor-widget-wrap elementor-element-populated\">\n\t\t\t\t\t\t<div class=\"elementor-element elementor-element-d7ba284 elementor-widget elementor-widget-text-editor\" data-id=\"d7ba284\" data-element_type=\"widget\" data-widget_type=\"text-editor.default\">\n\t\t\t\t<div class=\"elementor-widget-container\">\n\t\t\t\t\t\t\t\t\t<p>Die Schwierigkeit besteht bei Holzsch\u00e4ften bekanntlich in der Varianz innerhalb vom Pfeilsatz. Carbonpfeile sind im Satz immer nahezu identisch punkto Gewicht und Spine \u2013 Holzpfeile in einem Satz sind im besten Fall sehr \u00e4hnlich. Ausserdem k\u00f6nnen Carbonsch\u00e4fte quasi beliebig leicht gebaut werden, w\u00e4hrend Holzpfeile bei Zuggewichten unter 35# eigentlich immer zu schwer (gpp) sind und kaum unter 300 gns gebaut werden k\u00f6nnen. Schliesslich kommen Carbonsch\u00e4fte praktisch perfekt gerade, w\u00e4hrend ein Holzschaft im besten Fall nur m\u00f6glichst unkrumm ist.<\/p>\t\t\t\t\t\t\t\t<\/div>\n\t\t\t\t<\/div>\n\t\t\t\t\t<\/div>\n\t\t<\/div>\n\t\t\t\t<div class=\"elementor-column elementor-col-66 elementor-top-column elementor-element elementor-element-e9854f6\" data-id=\"e9854f6\" data-element_type=\"column\">\n\t\t\t<div class=\"elementor-widget-wrap elementor-element-populated\">\n\t\t\t\t\t\t<div class=\"elementor-element elementor-element-630877c elementor-widget elementor-widget-image\" data-id=\"630877c\" data-element_type=\"widget\" data-widget_type=\"image.default\">\n\t\t\t\t<div class=\"elementor-widget-container\">\n\t\t\t\t\t\t\t\t\t\t\t\t\t\t\t<img loading=\"lazy\" decoding=\"async\" width=\"800\" height=\"369\" src=\"https:\/\/selfbow.ch\/wp-content\/uploads\/2025\/05\/20250319_132950-1024x472.jpg\" class=\"attachment-large size-large wp-image-7326\" alt=\"\" srcset=\"https:\/\/selfbow.ch\/wp-content\/uploads\/2025\/05\/20250319_132950-1024x472.jpg 1024w, https:\/\/selfbow.ch\/wp-content\/uploads\/2025\/05\/20250319_132950-300x138.jpg 300w, https:\/\/selfbow.ch\/wp-content\/uploads\/2025\/05\/20250319_132950-768x354.jpg 768w, https:\/\/selfbow.ch\/wp-content\/uploads\/2025\/05\/20250319_132950-1536x708.jpg 1536w, https:\/\/selfbow.ch\/wp-content\/uploads\/2025\/05\/20250319_132950-2048x944.jpg 2048w, https:\/\/selfbow.ch\/wp-content\/uploads\/2025\/05\/20250319_132950-18x8.jpg 18w, https:\/\/selfbow.ch\/wp-content\/uploads\/2025\/05\/20250319_132950-500x231.jpg 500w, https:\/\/selfbow.ch\/wp-content\/uploads\/2025\/05\/20250319_132950-700x323.jpg 700w\" sizes=\"(max-width: 800px) 100vw, 800px\" \/>\t\t\t\t\t\t\t\t\t\t\t\t\t\t\t<\/div>\n\t\t\t\t<\/div>\n\t\t\t\t\t<\/div>\n\t\t<\/div>\n\t\t\t\t\t<\/div>\n\t\t<\/section>\n\t\t\t\t<section class=\"elementor-section elementor-top-section elementor-element elementor-element-2a93028 elementor-section-boxed elementor-section-height-default elementor-section-height-default\" data-id=\"2a93028\" data-element_type=\"section\">\n\t\t\t\t\t\t<div class=\"elementor-container elementor-column-gap-default\">\n\t\t\t\t\t<div class=\"elementor-column elementor-col-33 elementor-top-column elementor-element elementor-element-c2db8d2\" data-id=\"c2db8d2\" data-element_type=\"column\">\n\t\t\t<div class=\"elementor-widget-wrap elementor-element-populated\">\n\t\t\t\t\t\t<div class=\"elementor-element elementor-element-9583326 elementor-widget elementor-widget-image\" data-id=\"9583326\" data-element_type=\"widget\" data-widget_type=\"image.default\">\n\t\t\t\t<div class=\"elementor-widget-container\">\n\t\t\t\t\t\t\t\t\t\t\t\t\t\t\t<img decoding=\"async\" src=\"https:\/\/selfbow.ch\/wp-content\/uploads\/elementor\/thumbs\/20250302_173154-scaled-r5azrtqxuybv9yn2mk3l8nuolf7z756i6m9t84kt34.jpg\" title=\"20250302_173154\" alt=\"20250302_173154\" loading=\"lazy\" \/>\t\t\t\t\t\t\t\t\t\t\t\t\t\t\t<\/div>\n\t\t\t\t<\/div>\n\t\t\t\t\t<\/div>\n\t\t<\/div>\n\t\t\t\t<div class=\"elementor-column elementor-col-33 elementor-top-column elementor-element elementor-element-e17bdae\" data-id=\"e17bdae\" data-element_type=\"column\">\n\t\t\t<div class=\"elementor-widget-wrap elementor-element-populated\">\n\t\t\t\t\t\t<div class=\"elementor-element elementor-element-80c4c63 elementor-widget elementor-widget-text-editor\" data-id=\"80c4c63\" data-element_type=\"widget\" data-widget_type=\"text-editor.default\">\n\t\t\t\t<div class=\"elementor-widget-container\">\n\t\t\t\t\t\t\t\t\t<p><strong>Damit Holzpfeile trotzdem Spass machen, m\u00fcssen sie also m\u00f6glichst leicht und gerade und m\u00f6glichst \u00e4hnlich im Spine und im Gewicht sein. Und genau diese Faktoren optimiere ich bei den von mir angeotenen Pfeilen und S\u00e4tzen.<\/strong> Und zwar geht das so:<\/p><p>Ich kaufe bei den besten Herstellern jeweils 100 getaperte Premium-Sch\u00e4fte pro Spinegruppe \u2013 und zwar bestelle ich diese \u201cm\u00f6glichst leicht\u201d, \u201cgegr\u00e4det\u201d, auf \u201c+\/-1 Gramm gewogen\u201dund \u201cgespined\u201d \u2013 also etwa das beste und teuerste was man im Fachhandel gemeinhin kaufen kann. Hier angekommen werden meinerseits nochmals alle Sch\u00e4fte fein(er) gewogen und gespined und gruppiert und faule \u00c4pfel werden aussortiert. Dadurch entstehen dann sehr leichte und homogene Pfeils\u00e4tze, welche maximalen Spass bereiten.<\/p><p>Pro Schaft verrechne ich 6 Franken.\n\nSpitzen, Nocken und Federn sind ebenfalls im Angebot und wer m\u00f6chte kann seine Pfeile auch in meiner Werkstatt unter meiner Anleitung selbst zusammenbauen.<\/p>\t\t\t\t\t\t\t\t<\/div>\n\t\t\t\t<\/div>\n\t\t\t\t<div class=\"elementor-element elementor-element-2c41c49 elementor-widget elementor-widget-image\" data-id=\"2c41c49\" data-element_type=\"widget\" data-widget_type=\"image.default\">\n\t\t\t\t<div class=\"elementor-widget-container\">\n\t\t\t\t\t\t\t\t\t\t\t\t\t\t\t<img decoding=\"async\" src=\"https:\/\/selfbow.ch\/wp-content\/uploads\/2025\/05\/20250426_200752-scaled-e1746346631730.jpg\" title=\"20250426_200752\" alt=\"20250426_200752\" loading=\"lazy\" \/>\t\t\t\t\t\t\t\t\t\t\t\t\t\t\t<\/div>\n\t\t\t\t<\/div>\n\t\t\t\t\t<\/div>\n\t\t<\/div>\n\t\t\t\t<div class=\"elementor-column elementor-col-33 elementor-top-column elementor-element elementor-element-6d0398e\" data-id=\"6d0398e\" data-element_type=\"column\">\n\t\t\t<div class=\"elementor-widget-wrap elementor-element-populated\">\n\t\t\t\t\t\t<div class=\"elementor-element elementor-element-57a0f1a elementor-widget elementor-widget-image\" data-id=\"57a0f1a\" data-element_type=\"widget\" data-widget_type=\"image.default\">\n\t\t\t\t<div class=\"elementor-widget-container\">\n\t\t\t\t\t\t\t\t\t\t\t\t\t\t\t<img decoding=\"async\" src=\"https:\/\/selfbow.ch\/wp-content\/uploads\/elementor\/thumbs\/20250426_200906-1-scaled-r5azsgb2ez6r0lqaytumwi5quo4sbvo29pxgqrncxs.jpg\" title=\"20250426_200906\" alt=\"20250426_200906\" loading=\"lazy\" \/>\t\t\t\t\t\t\t\t\t\t\t\t\t\t\t<\/div>\n\t\t\t\t<\/div>\n\t\t\t\t\t<\/div>\n\t\t<\/div>\n\t\t\t\t\t<\/div>\n\t\t<\/section>\n\t\t\t\t<section class=\"elementor-section elementor-top-section elementor-element elementor-element-152371b elementor-section-boxed elementor-section-height-default elementor-section-height-default\" data-id=\"152371b\" data-element_type=\"section\">\n\t\t\t\t\t\t<div class=\"elementor-container elementor-column-gap-default\">\n\t\t\t\t\t<div class=\"elementor-column elementor-col-100 elementor-top-column elementor-element elementor-element-67a5f63\" data-id=\"67a5f63\" data-element_type=\"column\">\n\t\t\t<div class=\"elementor-widget-wrap elementor-element-populated\">\n\t\t\t\t\t\t<div class=\"elementor-element elementor-element-a6ae53f elementor-widget elementor-widget-text-editor\" data-id=\"a6ae53f\" data-element_type=\"widget\" data-widget_type=\"text-editor.default\">\n\t\t\t\t<div class=\"elementor-widget-container\">\n\t\t\t\t\t\t\t\t\t<p><span style=\"color: #ffffff;\">holzpfeile.ch premiumsch\u00e4fte pfeilsch\u00e4fte schweiz kaufen holzpfeile wooden arrows shafts\u00a0 tapered getapert gewogen feingewogen satz pfeilsatz pfeilbau pfeilbau schweiz nocktaper barreled breasted taper pfeile federn spitzen custom<\/span><\/p>\t\t\t\t\t\t\t\t<\/div>\n\t\t\t\t<\/div>\n\t\t\t\t\t<\/div>\n\t\t<\/div>\n\t\t\t\t\t<\/div>\n\t\t<\/section>\n\t\t\t\t<\/div>","protected":false},"excerpt":{"rendered":"<p>&#8230;&#8230;.NEED FINE WOODEN ARROWS The bow shoots &#8211; the arrow hits. But to hit reliably, you need a good arrow &#8211; or a whole set of good arrows! Now you can make it easy for yourself and buy carbon arrows in the store &#8211; then you have good arrows. Or you can go the hard [&hellip;]<\/p>\n","protected":false},"author":1,"featured_media":0,"parent":0,"menu_order":0,"comment_status":"closed","ping_status":"closed","template":"","meta":{"_monsterinsights_skip_tracking":false,"_monsterinsights_sitenote_active":false,"_monsterinsights_sitenote_note":"","_monsterinsights_sitenote_category":0,"_uf_show_specific_survey":0,"_uf_disable_surveys":false,"footnotes":""},"acf":[],"aioseo_notices":[],"_links":{"self":[{"href":"https:\/\/selfbow.ch\/de\/wp-json\/wp\/v2\/pages\/7320"}],"collection":[{"href":"https:\/\/selfbow.ch\/de\/wp-json\/wp\/v2\/pages"}],"about":[{"href":"https:\/\/selfbow.ch\/de\/wp-json\/wp\/v2\/types\/page"}],"author":[{"embeddable":true,"href":"https:\/\/selfbow.ch\/de\/wp-json\/wp\/v2\/users\/1"}],"replies":[{"embeddable":true,"href":"https:\/\/selfbow.ch\/de\/wp-json\/wp\/v2\/comments?post=7320"}],"version-history":[{"count":22,"href":"https:\/\/selfbow.ch\/de\/wp-json\/wp\/v2\/pages\/7320\/revisions"}],"predecessor-version":[{"id":7366,"href":"https:\/\/selfbow.ch\/de\/wp-json\/wp\/v2\/pages\/7320\/revisions\/7366"}],"wp:attachment":[{"href":"https:\/\/selfbow.ch\/de\/wp-json\/wp\/v2\/media?parent=7320"}],"curies":[{"name":"wp","href":"https:\/\/api.w.org\/{rel}","templated":true}]}}