{"id":767,"date":"2022-11-15T12:55:27","date_gmt":"2022-11-15T12:55:27","guid":{"rendered":"https:\/\/selfbow.ch\/?page_id=767"},"modified":"2025-01-15T06:17:03","modified_gmt":"2025-01-15T06:17:03","slug":"dein-bogen-nach-mass","status":"publish","type":"page","link":"https:\/\/selfbow.ch\/de\/dein-bogen-nach-mass\/","title":{"rendered":""},"content":{"rendered":"<div data-elementor-type=\"wp-page\" data-elementor-id=\"767\" class=\"elementor elementor-767\">\n\t\t\t\t\t\t<section class=\"elementor-section elementor-top-section elementor-element elementor-element-ff0d484 elementor-section-boxed elementor-section-height-default elementor-section-height-default\" data-id=\"ff0d484\" data-element_type=\"section\">\n\t\t\t\t\t\t<div class=\"elementor-container elementor-column-gap-default\">\n\t\t\t\t\t<div class=\"elementor-column elementor-col-100 elementor-top-column elementor-element elementor-element-1fd67b2\" data-id=\"1fd67b2\" data-element_type=\"column\">\n\t\t\t<div class=\"elementor-widget-wrap elementor-element-populated\">\n\t\t\t\t\t\t<div class=\"elementor-element elementor-element-38490be elementor-widget elementor-widget-text-editor\" data-id=\"38490be\" data-element_type=\"widget\" data-widget_type=\"text-editor.default\">\n\t\t\t\t<div class=\"elementor-widget-container\">\n\t\t\t\t\t\t\t\t\t<p>Gerne mache ich auf Kundenwunsch fast jeden Bogen: <\/p>\t\t\t\t\t\t\t\t<\/div>\n\t\t\t\t<\/div>\n\t\t\t\t\t<\/div>\n\t\t<\/div>\n\t\t\t\t\t<\/div>\n\t\t<\/section>\n\t\t\t\t<section class=\"elementor-section elementor-top-section elementor-element elementor-element-8abd84e elementor-section-boxed elementor-section-height-default elementor-section-height-default\" data-id=\"8abd84e\" data-element_type=\"section\">\n\t\t\t\t\t\t<div class=\"elementor-container elementor-column-gap-default\">\n\t\t\t\t\t<div class=\"elementor-column elementor-col-50 elementor-top-column elementor-element elementor-element-8c3ed97\" data-id=\"8c3ed97\" data-element_type=\"column\">\n\t\t\t<div class=\"elementor-widget-wrap elementor-element-populated\">\n\t\t\t\t\t\t<div class=\"elementor-element elementor-element-c968b11 elementor-widget elementor-widget-text-editor\" data-id=\"c968b11\" data-element_type=\"widget\" data-widget_type=\"text-editor.default\">\n\t\t\t\t<div class=\"elementor-widget-container\">\n\t\t\t\t\t\t\t\t\t<h3><strong>K\u00f6nigsklasse<\/strong><\/h3><h4>\u00a0<\/h4><h4 style=\"margin-bottom: 0cm;\"><span style=\"color: #000000;\"><b>CHF 900.-<\/b><\/span><\/h4><div>\u00a0<\/div><div>Sehne, Hornnocken und Ledergriff sind immer inkludiert.<\/div><div>\u00a0<\/div><p style=\"margin-bottom: 0cm; text-decoration: none;\">Zuschl\u00e4ge verrechne ich f\u00fcr Recurves, aufw\u00e4ndige Designs oder schwierige Charakterst\u00fccke, Rohhaut- und oder Sehnenbacking, Bemalung und Zuggewichte \u00fcber 60 Pfund.\n\nEinfach fragen und eine pers\u00f6nliche Offerte  erhalten. Ich habe hier tonnenweise Ideen und Material.<\/p><p style=\"margin-bottom: 0cm; text-decoration: none;\">Just ask and get your personal offer. Tons of ideas and materials here.<\/p><h6>\u00a0<\/h6><h6>Take-Down-Option \/ Teilbarer Bogen:<\/h6><h6><strong>+ CHF 200.-<\/strong><\/h6><p style=\"margin-bottom: 0cm; text-decoration: none;\">Kinderbogen evtl.<\/p><div>\u00a0<\/div><div>\u00a0<\/div><p><span style=\"color: #ffffff;\">\u00a0<\/span><\/p>\t\t\t\t\t\t\t\t<\/div>\n\t\t\t\t<\/div>\n\t\t\t\t\t<\/div>\n\t\t<\/div>\n\t\t\t\t<div class=\"elementor-column elementor-col-50 elementor-top-column elementor-element elementor-element-404527e\" data-id=\"404527e\" data-element_type=\"column\">\n\t\t\t<div class=\"elementor-widget-wrap elementor-element-populated\">\n\t\t\t\t\t\t<div class=\"elementor-element elementor-element-785e610 elementor-widget elementor-widget-text-editor\" data-id=\"785e610\" data-element_type=\"widget\" data-widget_type=\"text-editor.default\">\n\t\t\t\t<div class=\"elementor-widget-container\">\n\t\t\t\t\t\t\t\t\t<h3><strong>Kompositklasse<\/strong><\/h3><div>\u00a0<\/div><div>\u00a0<\/div><h4><strong>Classic ASL Longbow<\/strong> Laminierter Holzbogen<\/h4><h5><strong><span style=\"color: #000000;\">CHF 680.- (inkl. Versand)<\/span><\/strong><\/h5><div><h4><strong>Turbo! Langbogen - <\/strong>Horn\/Bambus\/Holz<strong><br \/><\/strong><\/h4><h5><strong>CHF 900.-<\/strong><\/h5><h4><strong>Turbo+\u00a0 <\/strong>Assyrian Style &#8211; Horn\/Wood\/Sinew<\/h4><h5><strong>1399.-<\/strong><\/h5><\/div><p>Hornnocken und eine Sehne sind immer dabei.<\/p><div><h6>Take-Down-Option \/ Teilbarer Bogen:<\/h6><h6><strong>+ CHF 200.-<\/strong><\/h6><\/div>\t\t\t\t\t\t\t\t<\/div>\n\t\t\t\t<\/div>\n\t\t\t\t\t<\/div>\n\t\t<\/div>\n\t\t\t\t\t<\/div>\n\t\t<\/section>\n\t\t\t\t<section class=\"elementor-section elementor-top-section elementor-element elementor-element-0725257 elementor-section-boxed elementor-section-height-default elementor-section-height-default\" data-id=\"0725257\" data-element_type=\"section\">\n\t\t\t\t\t\t<div class=\"elementor-container elementor-column-gap-default\">\n\t\t\t\t\t<div class=\"elementor-column elementor-col-100 elementor-top-column elementor-element elementor-element-b442b08\" data-id=\"b442b08\" data-element_type=\"column\">\n\t\t\t<div class=\"elementor-widget-wrap elementor-element-populated\">\n\t\t\t\t\t\t\t<\/div>\n\t\t<\/div>\n\t\t\t\t\t<\/div>\n\t\t<\/section>\n\t\t\t\t<section class=\"elementor-section elementor-top-section elementor-element elementor-element-91c057c elementor-section-boxed elementor-section-height-default elementor-section-height-default\" data-id=\"91c057c\" data-element_type=\"section\">\n\t\t\t\t\t\t<div class=\"elementor-container elementor-column-gap-default\">\n\t\t\t\t\t<div class=\"elementor-column elementor-col-100 elementor-top-column elementor-element elementor-element-27950cc\" data-id=\"27950cc\" data-element_type=\"column\">\n\t\t\t<div class=\"elementor-widget-wrap elementor-element-populated\">\n\t\t\t\t\t\t<div class=\"elementor-element elementor-element-e287883 elementor-widget elementor-widget-text-editor\" data-id=\"e287883\" data-element_type=\"widget\" data-widget_type=\"text-editor.default\">\n\t\t\t\t<div class=\"elementor-widget-container\">\n\t\t\t\t\t\t\t\t\t<p style=\"text-align: center;\"><span style=\"color: #ffffff;\">Gerne stehe ich beratend zur Verf\u00fcgung.<\/span><\/p>\t\t\t\t\t\t\t\t<\/div>\n\t\t\t\t<\/div>\n\t\t\t\t\t<\/div>\n\t\t<\/div>\n\t\t\t\t\t<\/div>\n\t\t<\/section>\n\t\t\t\t<\/div>","protected":false},"excerpt":{"rendered":"<p>Of course I will happily customize and build any desired bow for you: Kings-Class \u00a0 CHF 900.- \u00a0Hornnocks, String and leathergrip always included.\u00a0 Surcharges are asked for for recurves and special designs, rawhide- and\/or sinewbacking, special Artwork\/Coloring and drawweights above 60 pounds. Just ask and get your personal offer. Tons of ideas and materials here. [&hellip;]<\/p>\n","protected":false},"author":1,"featured_media":0,"parent":0,"menu_order":0,"comment_status":"closed","ping_status":"closed","template":"","meta":{"_monsterinsights_skip_tracking":false,"_monsterinsights_sitenote_active":false,"_monsterinsights_sitenote_note":"","_monsterinsights_sitenote_category":0,"_uf_show_specific_survey":0,"_uf_disable_surveys":false,"footnotes":""},"acf":[],"aioseo_notices":[],"_links":{"self":[{"href":"https:\/\/selfbow.ch\/de\/wp-json\/wp\/v2\/pages\/767"}],"collection":[{"href":"https:\/\/selfbow.ch\/de\/wp-json\/wp\/v2\/pages"}],"about":[{"href":"https:\/\/selfbow.ch\/de\/wp-json\/wp\/v2\/types\/page"}],"author":[{"embeddable":true,"href":"https:\/\/selfbow.ch\/de\/wp-json\/wp\/v2\/users\/1"}],"replies":[{"embeddable":true,"href":"https:\/\/selfbow.ch\/de\/wp-json\/wp\/v2\/comments?post=767"}],"version-history":[{"count":252,"href":"https:\/\/selfbow.ch\/de\/wp-json\/wp\/v2\/pages\/767\/revisions"}],"predecessor-version":[{"id":6838,"href":"https:\/\/selfbow.ch\/de\/wp-json\/wp\/v2\/pages\/767\/revisions\/6838"}],"wp:attachment":[{"href":"https:\/\/selfbow.ch\/de\/wp-json\/wp\/v2\/media?parent=767"}],"curies":[{"name":"wp","href":"https:\/\/api.w.org\/{rel}","templated":true}]}}