{"id":796,"date":"2022-11-15T13:39:27","date_gmt":"2022-11-15T13:39:27","guid":{"rendered":"https:\/\/selfbow.ch\/?page_id=796"},"modified":"2025-01-19T09:12:51","modified_gmt":"2025-01-19T09:12:51","slug":"neues-aus-der-werkstatt","status":"publish","type":"page","link":"https:\/\/selfbow.ch\/de\/neues-aus-der-werkstatt\/","title":{"rendered":"Neues aus der Werkstatt"},"content":{"rendered":"<div data-elementor-type=\"wp-page\" data-elementor-id=\"796\" class=\"elementor elementor-796\">\n\t\t\t\t\t\t<section class=\"elementor-section elementor-top-section elementor-element elementor-element-917ff2b elementor-section-boxed elementor-section-height-default elementor-section-height-default\" data-id=\"917ff2b\" data-element_type=\"section\">\n\t\t\t\t\t\t<div class=\"elementor-container elementor-column-gap-default\">\n\t\t\t\t\t<div class=\"elementor-column elementor-col-100 elementor-top-column elementor-element elementor-element-ea5fc46\" data-id=\"ea5fc46\" data-element_type=\"column\">\n\t\t\t<div class=\"elementor-widget-wrap elementor-element-populated\">\n\t\t\t\t\t\t<div class=\"elementor-element elementor-element-8cb516f elementor-grid-eael-col-4 elementor-grid-tablet-eael-col-2 elementor-grid-mobile-eael-col-1 elementor-widget elementor-widget-eael-post-grid\" data-id=\"8cb516f\" data-element_type=\"widget\" data-settings=\"{&quot;eael_post_grid_columns&quot;:&quot;eael-col-4&quot;,&quot;eael_post_grid_columns_tablet&quot;:&quot;eael-col-2&quot;,&quot;eael_post_grid_columns_mobile&quot;:&quot;eael-col-1&quot;}\" data-widget_type=\"eael-post-grid.default\">\n\t\t\t\t<div class=\"elementor-widget-container\">\n\t\t\t\t\t<div id=\"eael-post-grid-8cb516f\" class=\"eael-post-grid-container\">\n            <div class=\"eael-post-grid eael-post-appender eael-post-appender-8cb516f eael-post-grid-style-one\" data-layout-mode=\"masonry\"><article class=\"eael-grid-post  eael-post-grid-column eael-pg-post-7367 category-news-from-the-shop\" data-id=\"7367\">\n        <div class=\"eael-grid-post-holder\">\n            <div class=\"eael-grid-post-holder-inner\"><div class=\"eael-entry-media\"><div class=\"eael-entry-overlay fade-in\"><i class=\"fas fa-long-arrow-alt-right\" aria-hidden=\"true\"><\/i><a href=\"https:\/\/selfbow.ch\/de\/new-fine-wooden-arrows\/\"><\/a><\/div><div class=\"eael-entry-thumbnail\">\n                <img decoding=\"async\" width=\"139\" height=\"300\" src=\"https:\/\/selfbow.ch\/wp-content\/uploads\/2025\/05\/20250426_195916-139x300.jpg\" class=\"attachment-medium size-medium wp-image-7329\" alt=\"\" srcset=\"https:\/\/selfbow.ch\/wp-content\/uploads\/2025\/05\/20250426_195916-139x300.jpg 139w, https:\/\/selfbow.ch\/wp-content\/uploads\/2025\/05\/20250426_195916-473x1024.jpg 473w, https:\/\/selfbow.ch\/wp-content\/uploads\/2025\/05\/20250426_195916-768x1663.jpg 768w, https:\/\/selfbow.ch\/wp-content\/uploads\/2025\/05\/20250426_195916-709x1536.jpg 709w, https:\/\/selfbow.ch\/wp-content\/uploads\/2025\/05\/20250426_195916-946x2048.jpg 946w, https:\/\/selfbow.ch\/wp-content\/uploads\/2025\/05\/20250426_195916-6x12.jpg 6w, https:\/\/selfbow.ch\/wp-content\/uploads\/2025\/05\/20250426_195916-500x1083.jpg 500w, https:\/\/selfbow.ch\/wp-content\/uploads\/2025\/05\/20250426_195916-700x1516.jpg 700w, https:\/\/selfbow.ch\/wp-content\/uploads\/2025\/05\/20250426_195916-scaled.jpg 1182w\" sizes=\"(max-width: 139px) 100vw, 139px\" \/>\n            <\/div>\n        <\/div><div class=\"eael-entry-wrapper\"><header class=\"eael-entry-header\"><h2 class=\"eael-entry-title\"><a class=\"eael-grid-post-link\" href=\"https:\/\/selfbow.ch\/de\/new-fine-wooden-arrows\/\" title=\"New: FINE WOODEN ARROWS\">New: FINE WOODEN ARROWS<\/a><\/h2><\/header><div class=\"eael-entry-content\">\n                        <div class=\"eael-grid-post-excerpt\"><p>Yes, something is going on here! After my customers regularly...<\/p><a href=\"https:\/\/selfbow.ch\/de\/new-fine-wooden-arrows\/\" class=\"eael-post-elements-readmore-btn\">Weiterlesen<\/a><\/div>\n                    <\/div><div class=\"eael-entry-footer\"><div class=\"eael-author-avatar\"><a href=\"https:\/\/selfbow.ch\/de\/author\/selfbowadmin\/\"><img alt='admin' src='https:\/\/secure.gravatar.com\/avatar\/4650534c2dbd8e1cb0d1b227639d279e?s=96&#038;d=mm&#038;r=g' srcset='https:\/\/secure.gravatar.com\/avatar\/4650534c2dbd8e1cb0d1b227639d279e?s=192&#038;d=mm&#038;r=g 2x' class='avatar avatar-96 photo' height='96' width='96' decoding='async'\/><\/a><\/div><div class=\"eael-entry-meta\"><span class=\"eael-posted-by\"><a href=\"https:\/\/selfbow.ch\/de\/author\/selfbowadmin\/\" title=\"Posts by admin\" rel=\"author\">admin<\/a><\/span><span class=\"eael-posted-on\"><time datetime=\"Mai 5, 2025\">Mai 5, 2025<\/time><\/span><\/div><\/div><\/div><\/div>\n        <\/div>\n    <\/article><article class=\"eael-grid-post  eael-post-grid-column eael-pg-post-6272 category-news-from-the-shop\" data-id=\"6272\">\n        <div class=\"eael-grid-post-holder\">\n            <div class=\"eael-grid-post-holder-inner\"><div class=\"eael-entry-media\"><div class=\"eael-entry-overlay fade-in\"><i class=\"fas fa-long-arrow-alt-right\" aria-hidden=\"true\"><\/i><a href=\"https:\/\/selfbow.ch\/de\/bronze\/\"><\/a><\/div><div class=\"eael-entry-thumbnail\">\n                <img decoding=\"async\" width=\"139\" height=\"300\" src=\"https:\/\/selfbow.ch\/wp-content\/uploads\/2024\/08\/photo_2024-08-18_20-23-33-139x300.jpg\" class=\"attachment-medium size-medium wp-image-6339\" alt=\"\" srcset=\"https:\/\/selfbow.ch\/wp-content\/uploads\/2024\/08\/photo_2024-08-18_20-23-33-139x300.jpg 139w, https:\/\/selfbow.ch\/wp-content\/uploads\/2024\/08\/photo_2024-08-18_20-23-33-473x1024.jpg 473w, https:\/\/selfbow.ch\/wp-content\/uploads\/2024\/08\/photo_2024-08-18_20-23-33-6x12.jpg 6w, https:\/\/selfbow.ch\/wp-content\/uploads\/2024\/08\/photo_2024-08-18_20-23-33-500x1083.jpg 500w, https:\/\/selfbow.ch\/wp-content\/uploads\/2024\/08\/photo_2024-08-18_20-23-33.jpg 591w\" sizes=\"(max-width: 139px) 100vw, 139px\" \/>\n            <\/div>\n        <\/div><div class=\"eael-entry-wrapper\"><header class=\"eael-entry-header\"><h2 class=\"eael-entry-title\"><a class=\"eael-grid-post-link\" href=\"https:\/\/selfbow.ch\/de\/bronze\/\" title=\"Bronze\">Bronze<\/a><\/h2><\/header><div class=\"eael-entry-content\">\n                        <div class=\"eael-grid-post-excerpt\"><p>Oui, en juin, nous \u00e9tions \u00e0 Berne, o\u00f9 nous avons...<\/p><a href=\"https:\/\/selfbow.ch\/de\/bronze\/\" class=\"eael-post-elements-readmore-btn\">Weiterlesen<\/a><\/div>\n                    <\/div><div class=\"eael-entry-footer\"><div class=\"eael-author-avatar\"><a href=\"https:\/\/selfbow.ch\/de\/author\/selfbowadmin\/\"><img alt='admin' src='https:\/\/secure.gravatar.com\/avatar\/4650534c2dbd8e1cb0d1b227639d279e?s=96&#038;d=mm&#038;r=g' srcset='https:\/\/secure.gravatar.com\/avatar\/4650534c2dbd8e1cb0d1b227639d279e?s=192&#038;d=mm&#038;r=g 2x' class='avatar avatar-96 photo' height='96' width='96' decoding='async'\/><\/a><\/div><div class=\"eael-entry-meta\"><span class=\"eael-posted-by\"><a href=\"https:\/\/selfbow.ch\/de\/author\/selfbowadmin\/\" title=\"Posts by admin\" rel=\"author\">admin<\/a><\/span><span class=\"eael-posted-on\"><time datetime=\"August 19, 2024\">August 19, 2024<\/time><\/span><\/div><\/div><\/div><\/div>\n        <\/div>\n    <\/article><article class=\"eael-grid-post  eael-post-grid-column eael-pg-post-5282 category-news-from-the-shop\" data-id=\"5282\">\n        <div class=\"eael-grid-post-holder\">\n            <div class=\"eael-grid-post-holder-inner\"><div class=\"eael-entry-media\"><div class=\"eael-entry-overlay fade-in\"><i class=\"fas fa-long-arrow-alt-right\" aria-hidden=\"true\"><\/i><a href=\"https:\/\/selfbow.ch\/de\/when-you-finally-decide-to-clean-up-the-shop-and-wonder-about-the-shear-number-10-ye\/\"><\/a><\/div><div class=\"eael-entry-thumbnail\">\n                <img fetchpriority=\"high\" decoding=\"async\" width=\"169\" height=\"300\" src=\"https:\/\/selfbow.ch\/wp-content\/uploads\/2024\/04\/photo_2024-04-27_10-36-52-e1717927810801-169x300.jpg\" class=\"attachment-medium size-medium wp-image-5279\" alt=\"\" srcset=\"https:\/\/selfbow.ch\/wp-content\/uploads\/2024\/04\/photo_2024-04-27_10-36-52-e1717927810801-169x300.jpg 169w, https:\/\/selfbow.ch\/wp-content\/uploads\/2024\/04\/photo_2024-04-27_10-36-52-e1717927810801-576x1024.jpg 576w, https:\/\/selfbow.ch\/wp-content\/uploads\/2024\/04\/photo_2024-04-27_10-36-52-e1717927810801-7x12.jpg 7w, https:\/\/selfbow.ch\/wp-content\/uploads\/2024\/04\/photo_2024-04-27_10-36-52-e1717927810801-500x889.jpg 500w, https:\/\/selfbow.ch\/wp-content\/uploads\/2024\/04\/photo_2024-04-27_10-36-52-e1717927810801-700x1244.jpg 700w, https:\/\/selfbow.ch\/wp-content\/uploads\/2024\/04\/photo_2024-04-27_10-36-52-e1717927810801.jpg 720w\" sizes=\"(max-width: 169px) 100vw, 169px\" \/>\n            <\/div>\n        <\/div><div class=\"eael-entry-wrapper\"><header class=\"eael-entry-header\"><h2 class=\"eael-entry-title\"><a class=\"eael-grid-post-link\" href=\"https:\/\/selfbow.ch\/de\/when-you-finally-decide-to-clean-up-the-shop-and-wonder-about-the-shear-number-10-ye\/\" title=\"10 Jahre Lehrgeld\">10 Jahre Lehrgeld<\/a><\/h2><\/header><div class=\"eael-entry-content\">\n                        <div class=\"eael-grid-post-excerpt\"><p>When you finally decide to clean up the shop&#8230;and wonder...<\/p><a href=\"https:\/\/selfbow.ch\/de\/when-you-finally-decide-to-clean-up-the-shop-and-wonder-about-the-shear-number-10-ye\/\" class=\"eael-post-elements-readmore-btn\">Weiterlesen<\/a><\/div>\n                    <\/div><div class=\"eael-entry-footer\"><div class=\"eael-author-avatar\"><a href=\"https:\/\/selfbow.ch\/de\/author\/selfbowadmin\/\"><img alt='admin' src='https:\/\/secure.gravatar.com\/avatar\/4650534c2dbd8e1cb0d1b227639d279e?s=96&#038;d=mm&#038;r=g' srcset='https:\/\/secure.gravatar.com\/avatar\/4650534c2dbd8e1cb0d1b227639d279e?s=192&#038;d=mm&#038;r=g 2x' class='avatar avatar-96 photo' height='96' width='96' decoding='async'\/><\/a><\/div><div class=\"eael-entry-meta\"><span class=\"eael-posted-by\"><a href=\"https:\/\/selfbow.ch\/de\/author\/selfbowadmin\/\" title=\"Posts by admin\" rel=\"author\">admin<\/a><\/span><span class=\"eael-posted-on\"><time datetime=\"April 27, 2024\">April 27, 2024<\/time><\/span><\/div><\/div><\/div><\/div>\n        <\/div>\n    <\/article><article class=\"eael-grid-post  eael-post-grid-column eael-pg-post-5129 category-news-from-the-shop\" data-id=\"5129\">\n        <div class=\"eael-grid-post-holder\">\n            <div class=\"eael-grid-post-holder-inner\"><div class=\"eael-entry-media\"><div class=\"eael-entry-overlay fade-in\"><i class=\"fas fa-long-arrow-alt-right\" aria-hidden=\"true\"><\/i><a href=\"https:\/\/selfbow.ch\/de\/which-may-also-be-said-once-my-bows-are-the-fastest\/\"><\/a><\/div><div class=\"eael-entry-thumbnail\">\n                <img loading=\"lazy\" decoding=\"async\" width=\"169\" height=\"300\" src=\"https:\/\/selfbow.ch\/wp-content\/uploads\/2024\/02\/trashed-1660109442-VID_20220710_172944_exported_54161-169x300.jpg\" class=\"attachment-medium size-medium wp-image-5131\" alt=\"\" srcset=\"https:\/\/selfbow.ch\/wp-content\/uploads\/2024\/02\/trashed-1660109442-VID_20220710_172944_exported_54161-169x300.jpg 169w, https:\/\/selfbow.ch\/wp-content\/uploads\/2024\/02\/trashed-1660109442-VID_20220710_172944_exported_54161-576x1024.jpg 576w, https:\/\/selfbow.ch\/wp-content\/uploads\/2024\/02\/trashed-1660109442-VID_20220710_172944_exported_54161-768x1365.jpg 768w, https:\/\/selfbow.ch\/wp-content\/uploads\/2024\/02\/trashed-1660109442-VID_20220710_172944_exported_54161-864x1536.jpg 864w, https:\/\/selfbow.ch\/wp-content\/uploads\/2024\/02\/trashed-1660109442-VID_20220710_172944_exported_54161-7x12.jpg 7w, https:\/\/selfbow.ch\/wp-content\/uploads\/2024\/02\/trashed-1660109442-VID_20220710_172944_exported_54161-500x889.jpg 500w, https:\/\/selfbow.ch\/wp-content\/uploads\/2024\/02\/trashed-1660109442-VID_20220710_172944_exported_54161-700x1244.jpg 700w, https:\/\/selfbow.ch\/wp-content\/uploads\/2024\/02\/trashed-1660109442-VID_20220710_172944_exported_54161.jpg 1080w\" sizes=\"(max-width: 169px) 100vw, 169px\" \/>\n            <\/div>\n        <\/div><div class=\"eael-entry-wrapper\"><header class=\"eael-entry-header\"><h2 class=\"eael-entry-title\"><a class=\"eael-grid-post-link\" href=\"https:\/\/selfbow.ch\/de\/which-may-also-be-said-once-my-bows-are-the-fastest\/\" title=\"Was auch mal gesagt sein darf: Meine Bogen sind offiziell die schnellsten!\">Was auch mal gesagt sein darf: Meine Bogen sind offiziell die schnellsten!<\/a><\/h2><\/header><div class=\"eael-entry-content\">\n                        <div class=\"eael-grid-post-excerpt\"><p>Together with the magazine \u201cTraditionell Bogenschiessen\u201d, we tested a large...<\/p><a href=\"https:\/\/selfbow.ch\/de\/which-may-also-be-said-once-my-bows-are-the-fastest\/\" class=\"eael-post-elements-readmore-btn\">Weiterlesen<\/a><\/div>\n                    <\/div><div class=\"eael-entry-footer\"><div class=\"eael-author-avatar\"><a href=\"https:\/\/selfbow.ch\/de\/author\/selfbowadmin\/\"><img alt='admin' src='https:\/\/secure.gravatar.com\/avatar\/4650534c2dbd8e1cb0d1b227639d279e?s=96&#038;d=mm&#038;r=g' srcset='https:\/\/secure.gravatar.com\/avatar\/4650534c2dbd8e1cb0d1b227639d279e?s=192&#038;d=mm&#038;r=g 2x' class='avatar avatar-96 photo' height='96' width='96' decoding='async'\/><\/a><\/div><div class=\"eael-entry-meta\"><span class=\"eael-posted-by\"><a href=\"https:\/\/selfbow.ch\/de\/author\/selfbowadmin\/\" title=\"Posts by admin\" rel=\"author\">admin<\/a><\/span><span class=\"eael-posted-on\"><time datetime=\"Februar 23, 2024\">Februar 23, 2024<\/time><\/span><\/div><\/div><\/div><\/div>\n        <\/div>\n    <\/article><\/div>\n            <div class=\"clearfix\"><\/div>\n        <\/div>            <div class=\"eael-load-more-button-wrap eael-force-hide\">\n                <button class=\"eael-load-more-button\" id=\"eael-load-more-btn-8cb516f\" data-widget-id=\"8cb516f\" data-widget=\"8cb516f\" data-page-id=\"796\" data-template=\"{&quot;dir&quot;:&quot;lite&quot;,&quot;file_name&quot;:&quot;one.php&quot;,&quot;name&quot;:&quot;Post-Grid&quot;}\" data-class=\"Essential_Addons_Elementor\\Elements\\Post_Grid\" data-layout=\"masonry\" data-page=\"1\" data-args=\"orderby=date&amp;order=desc&amp;ignore_sticky_posts=1&amp;post_status=publish&amp;posts_per_page=4&amp;offset=0&amp;post_type=post&amp;tax_query%5B0%5D%5Btaxonomy%5D=category&amp;tax_query%5B0%5D%5Bfield%5D=term_id&amp;tax_query%5B0%5D%5Bterms%5D%5B0%5D=60&amp;tax_query%5Brelation%5D=AND\" data-max-page=\"3\">\n                    <span class=\"eael-btn-loader button__loader\"><\/span>\n                    <span class=\"eael_load_more_text\">Load More<\/span>\n                <\/button>\n            <\/div>\n            \t\t\t\t<\/div>\n\t\t\t\t<\/div>\n\t\t\t\t\t<\/div>\n\t\t<\/div>\n\t\t\t\t\t<\/div>\n\t\t<\/section>\n\t\t\t\t<section class=\"elementor-section elementor-top-section elementor-element elementor-element-8b663fb elementor-section-boxed elementor-section-height-default elementor-section-height-default\" data-id=\"8b663fb\" data-element_type=\"section\">\n\t\t\t\t\t\t<div class=\"elementor-container elementor-column-gap-default\">\n\t\t\t\t\t<div class=\"elementor-column elementor-col-100 elementor-top-column elementor-element elementor-element-0b1c5d1\" data-id=\"0b1c5d1\" data-element_type=\"column\">\n\t\t\t<div class=\"elementor-widget-wrap elementor-element-populated\">\n\t\t\t\t\t\t<div class=\"elementor-element elementor-element-72019a2 eael-product-grid-column-4 elementor-widget elementor-widget-eicon-woocommerce\" data-id=\"72019a2\" data-element_type=\"widget\" data-widget_type=\"eicon-woocommerce.default\">\n\t\t\t\t<div class=\"elementor-widget-container\">\n\t\t\t\t\t\n        <div class=\"eael-product-grid eael-product-simple masonry\" id=\"eael-product-grid\" data-widget-id=\"72019a2\" data-page-id=\"796\" data-nonce=\"9557220d38\" >\n            <div class=\"woocommerce\">\n                <ul class=\"products eael-post-appender eael-post-appender-72019a2\" data-ssi-desktop=\"no\" data-ssi-tablet=\"no\" data-ssi-mobile=\"no\" data-layout-mode=\"masonry\"> <li class=\"product\">\n<div class=\"eael-product-wrap\" data-src=\"\" data-src-hover=\"\">\n    <img width=\"213\" height=\"300\" src=\"https:\/\/selfbow.ch\/wp-content\/uploads\/2025\/01\/20250118_132734-213x300.jpg\" class=\"attachment-woocommerce_thumbnail size-woocommerce_thumbnail wvs-archive-product-image\" alt=\"\" decoding=\"async\" loading=\"eager\" srcset=\"https:\/\/selfbow.ch\/wp-content\/uploads\/2025\/01\/20250118_132734-213x300.jpg 213w, https:\/\/selfbow.ch\/wp-content\/uploads\/2025\/01\/20250118_132734-727x1024.jpg 727w, https:\/\/selfbow.ch\/wp-content\/uploads\/2025\/01\/20250118_132734-768x1082.jpg 768w, https:\/\/selfbow.ch\/wp-content\/uploads\/2025\/01\/20250118_132734-1090x1536.jpg 1090w, https:\/\/selfbow.ch\/wp-content\/uploads\/2025\/01\/20250118_132734-1453x2048.jpg 1453w, https:\/\/selfbow.ch\/wp-content\/uploads\/2025\/01\/20250118_132734-9x12.jpg 9w, https:\/\/selfbow.ch\/wp-content\/uploads\/2025\/01\/20250118_132734-500x705.jpg 500w, https:\/\/selfbow.ch\/wp-content\/uploads\/2025\/01\/20250118_132734-700x986.jpg 700w, https:\/\/selfbow.ch\/wp-content\/uploads\/2025\/01\/20250118_132734-scaled.jpg 1817w\" sizes=\"(max-width: 213px) 100vw, 213px\" \/><div class=\"eael-product-title\">\n    <a href=\"https:\/\/selfbow.ch\/de\/produkt\/yew-and-yew\/\" class=\"woocommerce-LoopProduct-link woocommerce-loop-product__link\"><h2 class=\"woocommerce-loop-product__title\">Eibe und Eibe<\/h2><\/a>\n    <\/div><div class=\"eael-star-rating star-rating\"><span style=\"width:0%\" data-no-translation=\"\" data-trp-gettext=\"\">Bewertet mit <strong class=\"rating\">0<\/strong> von 5<\/span><\/div><div class=\"eael-product-price\"><\/div>    <a href=\"https:\/\/selfbow.ch\/de\/produkt\/yew-and-yew\/\" data-quantity=\"1\" class=\"button product_type_simple\" data-product_id=\"6975\" data-product_sku=\"\" aria-label=\"Lese mehr \u00fcber \u201eYew and Yew\u201c\" aria-describedby=\"\" rel=\"nofollow\" data-no-translation=\"\" data-trp-gettext=\"\" data-no-translation-aria-label=\"\">Weiterlesen<\/a>    \n<\/div>\n\n<\/li><\/ul>            <\/div>\n        <\/div>\n\n        <script type=\"text\/javascript\">\n            jQuery(document).ready(function($) {\n                var $scope = jQuery(\".elementor-element-72019a2\");\n                var $products = $('.products', $scope);\n                var $layout_mode = $products.data('layout-mode');\n                \n                if ( $layout_mode === 'masonry' ) {\n                    \/\/ init isotope\n                    var $isotope_products = $products.isotope({\n                        itemSelector: \"li.product\",\n                        layoutMode: $layout_mode,\n                        percentPosition: true\n                    });\n\n                    $isotope_products.imagesLoaded().progress( function() {\n                        $isotope_products.isotope('layout');\n                    })\n                    \n                }\n            });\n        <\/script>\n        \t\t\t\t<\/div>\n\t\t\t\t<\/div>\n\t\t\t\t\t<\/div>\n\t\t<\/div>\n\t\t\t\t\t<\/div>\n\t\t<\/section>\n\t\t\t\t<\/div>","protected":false},"excerpt":{"rendered":"<p>Bronze Oui, en juin, nous \u00e9tions \u00e0 Berne, o\u00f9 nous avons&#8230; Read More adminAugust 19, 2024 A 10 years tuition fee When you finally decide to clean up the shop&#8230;and wonder&#8230; Read More adminApril 27, 2024 Which may also be said once: My bows are the fastest! Together with the magazine \u201cTraditionell Bogenschiessen\u201d, we tested [&hellip;]<\/p>\n","protected":false},"author":1,"featured_media":0,"parent":0,"menu_order":0,"comment_status":"closed","ping_status":"closed","template":"","meta":{"_monsterinsights_skip_tracking":false,"_monsterinsights_sitenote_active":false,"_monsterinsights_sitenote_note":"","_monsterinsights_sitenote_category":0,"_uf_show_specific_survey":0,"_uf_disable_surveys":false,"footnotes":""},"acf":[],"aioseo_notices":[],"_links":{"self":[{"href":"https:\/\/selfbow.ch\/de\/wp-json\/wp\/v2\/pages\/796"}],"collection":[{"href":"https:\/\/selfbow.ch\/de\/wp-json\/wp\/v2\/pages"}],"about":[{"href":"https:\/\/selfbow.ch\/de\/wp-json\/wp\/v2\/types\/page"}],"author":[{"embeddable":true,"href":"https:\/\/selfbow.ch\/de\/wp-json\/wp\/v2\/users\/1"}],"replies":[{"embeddable":true,"href":"https:\/\/selfbow.ch\/de\/wp-json\/wp\/v2\/comments?post=796"}],"version-history":[{"count":14,"href":"https:\/\/selfbow.ch\/de\/wp-json\/wp\/v2\/pages\/796\/revisions"}],"predecessor-version":[{"id":6993,"href":"https:\/\/selfbow.ch\/de\/wp-json\/wp\/v2\/pages\/796\/revisions\/6993"}],"wp:attachment":[{"href":"https:\/\/selfbow.ch\/de\/wp-json\/wp\/v2\/media?parent=796"}],"curies":[{"name":"wp","href":"https:\/\/api.w.org\/{rel}","templated":true}]}}