{"id":2039,"date":"2023-01-05T13:31:09","date_gmt":"2023-01-05T13:31:09","guid":{"rendered":"https:\/\/selfbow.ch\/?post_type=product&#038;p=2039"},"modified":"2024-12-19T14:01:43","modified_gmt":"2024-12-19T14:01:43","slug":"yew-character-selfbow-40","status":"publish","type":"product","link":"https:\/\/selfbow.ch\/de\/produkt\/yew-character-selfbow-40\/","title":{"rendered":"Eibenbogen mit viel Charakter - 40# @ 28\""},"content":{"rendered":"<p>Einmal mehr ein herausforderndes St\u00fcck Eibe - umso sch\u00f6ner wenns gelingt (-:\nGeworden ist es ein klassischer Langbogen mit Pistolengriff; dieser gew\u00e4hrleistet dass der Bogen automatisch immer richtig gegriffen wird erlaubt pr\u00e4zises schiessen \u00fcber den Handr\u00fccken auch ohne Pfeilauflage.<\/p>","protected":false},"excerpt":{"rendered":"<p>Yew Longbow made of a very special piece of wood.<\/p>","protected":false},"featured_media":2051,"comment_status":"open","ping_status":"closed","template":"","meta":{"_monsterinsights_skip_tracking":false,"_monsterinsights_sitenote_active":false,"_monsterinsights_sitenote_note":"","_monsterinsights_sitenote_category":0,"_uf_show_specific_survey":0,"_uf_disable_surveys":false},"product_cat":[50],"product_tag":[],"new_category":[],"acf":[],"aioseo_notices":[],"_links":{"self":[{"href":"https:\/\/selfbow.ch\/de\/wp-json\/wp\/v2\/product\/2039"}],"collection":[{"href":"https:\/\/selfbow.ch\/de\/wp-json\/wp\/v2\/product"}],"about":[{"href":"https:\/\/selfbow.ch\/de\/wp-json\/wp\/v2\/types\/product"}],"replies":[{"embeddable":true,"href":"https:\/\/selfbow.ch\/de\/wp-json\/wp\/v2\/comments?post=2039"}],"wp:featuredmedia":[{"embeddable":true,"href":"https:\/\/selfbow.ch\/de\/wp-json\/wp\/v2\/media\/2051"}],"wp:attachment":[{"href":"https:\/\/selfbow.ch\/de\/wp-json\/wp\/v2\/media?parent=2039"}],"wp:term":[{"taxonomy":"product_cat","embeddable":true,"href":"https:\/\/selfbow.ch\/de\/wp-json\/wp\/v2\/product_cat?post=2039"},{"taxonomy":"product_tag","embeddable":true,"href":"https:\/\/selfbow.ch\/de\/wp-json\/wp\/v2\/product_tag?post=2039"},{"taxonomy":"new_category","embeddable":true,"href":"https:\/\/selfbow.ch\/de\/wp-json\/wp\/v2\/new_category?post=2039"}],"curies":[{"name":"wp","href":"https:\/\/api.w.org\/{rel}","templated":true}]}}