{"id":2158,"date":"2023-01-17T07:38:57","date_gmt":"2023-01-17T07:38:57","guid":{"rendered":"https:\/\/selfbow.ch\/?post_type=product&#038;p=2158"},"modified":"2025-04-10T00:45:46","modified_gmt":"2025-04-10T00:45:46","slug":"yew-fence-post-50-28","status":"publish","type":"product","link":"https:\/\/selfbow.ch\/de\/produkt\/yew-fence-post-50-28\/","title":{"rendered":"Eiben Hagpfahl - 50# @ 28\""},"content":{"rendered":"<p>Dieser Bogen ist gefertigt aus einem Eiben-Hagpfahl, welchen ich auf der Beige meines Nachbars gefunden haben. Gem\u00e4sss seiner Auskunft handelt es sich um Deutsche Eibe! \nSolch sch\u00f6ne charaktervolle Eiben als Hagpf\u00e4hle zu verwenden scheint mir nicht die feine Art. Ich bin froh, dass ich dieses sch\u00f6ne St\u00fcck Holz nun einer besseren Bestimmung zuf\u00fchren durfte!<\/p>","protected":false},"excerpt":{"rendered":"<p>Dieser Bogen ist gefertigt aus einem Eiben-Hagpfahl, welchen ich auf der Beige meines Nachbars gefunden haben. Gem\u00e4sss seiner Auskunft handelt es sich um Deutsche Eibe! \nSolch sch\u00f6ne charaktervolle Eiben als Hagpf\u00e4hle zu verwenden scheint mir nicht die feine Art. Ich bin froh, dass ich dieses sch\u00f6ne St\u00fcck Holz nun einer besseren Bestimmung zuf\u00fchren durfte!<\/p>","protected":false},"featured_media":2153,"comment_status":"open","ping_status":"closed","template":"","meta":{"_monsterinsights_skip_tracking":false,"_monsterinsights_sitenote_active":false,"_monsterinsights_sitenote_note":"","_monsterinsights_sitenote_category":0,"_uf_show_specific_survey":0,"_uf_disable_surveys":false},"product_cat":[50],"product_tag":[],"new_category":[],"acf":[],"aioseo_notices":[],"_links":{"self":[{"href":"https:\/\/selfbow.ch\/de\/wp-json\/wp\/v2\/product\/2158"}],"collection":[{"href":"https:\/\/selfbow.ch\/de\/wp-json\/wp\/v2\/product"}],"about":[{"href":"https:\/\/selfbow.ch\/de\/wp-json\/wp\/v2\/types\/product"}],"replies":[{"embeddable":true,"href":"https:\/\/selfbow.ch\/de\/wp-json\/wp\/v2\/comments?post=2158"}],"wp:featuredmedia":[{"embeddable":true,"href":"https:\/\/selfbow.ch\/de\/wp-json\/wp\/v2\/media\/2153"}],"wp:attachment":[{"href":"https:\/\/selfbow.ch\/de\/wp-json\/wp\/v2\/media?parent=2158"}],"wp:term":[{"taxonomy":"product_cat","embeddable":true,"href":"https:\/\/selfbow.ch\/de\/wp-json\/wp\/v2\/product_cat?post=2158"},{"taxonomy":"product_tag","embeddable":true,"href":"https:\/\/selfbow.ch\/de\/wp-json\/wp\/v2\/product_tag?post=2158"},{"taxonomy":"new_category","embeddable":true,"href":"https:\/\/selfbow.ch\/de\/wp-json\/wp\/v2\/new_category?post=2158"}],"curies":[{"name":"wp","href":"https:\/\/api.w.org\/{rel}","templated":true}]}}