{"id":2902,"date":"2023-01-25T16:07:34","date_gmt":"2023-01-25T16:07:34","guid":{"rendered":"https:\/\/selfbow.ch\/?post_type=product&#038;p=2902"},"modified":"2024-01-11T19:49:43","modified_gmt":"2024-01-11T19:49:43","slug":"yew-warbow-69-93-30-no-19","status":"publish","type":"product","link":"https:\/\/selfbow.ch\/de\/produkt\/yew-warbow-69-93-30-no-19\/","title":{"rendered":"Yew Warbow 69&#8243; &#8211; 93# @ 30&#8243; (No 19)"},"content":{"rendered":"<p>Dieser Englische Kriegsbogen wurde aus der mitunter besten Schweizer Eibe gefertigt, die ich je verarbeitet habe. Leider musste der Rohling  aufgrund einiger Trocknungsrisse am unteren Ende eingek\u00fcrzt werden;da auch dies die Trocknungsrisse nicht vollst\u00e4ndig beseitigen  konnte, f\u00fcllte ich die verbleibenden Stellen mit dem Epoxidharz meines Vertrauens; diese Stellen sind jetzt mit Sicherheit st\u00e4rker als es das urspr\u00fcngliche Holz je war - was bleibt, ist ein aesthetischer Makel. Der Bogen wurde testweise auch auch auf 103# bei 33\u2033 gezogen. Dies wurde vom Bogen toleriert, ohne dass er viel Set annahm, was f\u00fcr die kurze L\u00e4nge und das hohe Zuggewicht sehr bemerkenswert erscheint. Aufgrund der K\u00fcrze ist die empfohlene Auszusgl\u00e4nge f\u00fcr diesen Bogen nun jedoch auf 30\u2033 begrenzt. Aufgrund der kosmetischen Fehler wird dieser Bogen zu einem stark reduzierten Preis angeboten.<\/p>\n<p><iframe title=\"Yew - 69.5&quot;ntn - 103# @ 33&quot;\" width=\"800\" height=\"450\" src=\"https:\/\/www.youtube.com\/embed\/wrobmXntxeE?feature=oembed\" frameborder=\"0\" allow=\"accelerometer; autoplay; clipboard-write; encrypted-media; gyroscope; picture-in-picture; web-share\" allowfullscreen><\/iframe><\/p>","protected":false},"excerpt":{"rendered":"<p>This one was made from probably the best Swiss Alpine Yew I have worked. Sadly the stave had to be shortened due to a few drying checks towards the lower tips; I couldn&#8217;t get completly rid of them and filled the remaining with my epoxy of trust; these spots now for sure are stronger then [&hellip;]<\/p>\n","protected":false},"featured_media":2912,"comment_status":"open","ping_status":"closed","template":"","meta":{"_monsterinsights_skip_tracking":false,"_monsterinsights_sitenote_active":false,"_monsterinsights_sitenote_note":"","_monsterinsights_sitenote_category":0,"_uf_show_specific_survey":0,"_uf_disable_surveys":false},"product_cat":[61],"product_tag":[],"new_category":[],"acf":[],"aioseo_notices":[],"_links":{"self":[{"href":"https:\/\/selfbow.ch\/de\/wp-json\/wp\/v2\/product\/2902"}],"collection":[{"href":"https:\/\/selfbow.ch\/de\/wp-json\/wp\/v2\/product"}],"about":[{"href":"https:\/\/selfbow.ch\/de\/wp-json\/wp\/v2\/types\/product"}],"replies":[{"embeddable":true,"href":"https:\/\/selfbow.ch\/de\/wp-json\/wp\/v2\/comments?post=2902"}],"wp:featuredmedia":[{"embeddable":true,"href":"https:\/\/selfbow.ch\/de\/wp-json\/wp\/v2\/media\/2912"}],"wp:attachment":[{"href":"https:\/\/selfbow.ch\/de\/wp-json\/wp\/v2\/media?parent=2902"}],"wp:term":[{"taxonomy":"product_cat","embeddable":true,"href":"https:\/\/selfbow.ch\/de\/wp-json\/wp\/v2\/product_cat?post=2902"},{"taxonomy":"product_tag","embeddable":true,"href":"https:\/\/selfbow.ch\/de\/wp-json\/wp\/v2\/product_tag?post=2902"},{"taxonomy":"new_category","embeddable":true,"href":"https:\/\/selfbow.ch\/de\/wp-json\/wp\/v2\/new_category?post=2902"}],"curies":[{"name":"wp","href":"https:\/\/api.w.org\/{rel}","templated":true}]}}