{"id":3031,"date":"2023-01-28T17:05:51","date_gmt":"2023-01-28T17:05:51","guid":{"rendered":"https:\/\/selfbow.ch\/?post_type=product&#038;p=3031"},"modified":"2023-07-19T07:04:37","modified_gmt":"2023-07-19T07:04:37","slug":"ash-maple-yew-rh-36-28","status":"publish","type":"product","link":"https:\/\/selfbow.ch\/de\/produkt\/ash-maple-yew-rh-36-28\/","title":{"rendered":"Ash-maple-yew &#8211; RH &#8211; 36# @ 28&#8243;"},"content":{"rendered":"<p>Hochleistungsbogen gemacht aus erstklassiger Schweizer Eibe, leichtem Ahorn und Esche am R\u00fccken.\n\nRechtshand\n36 Pfund auf 28\" (AMO)\nL\u00e4nge Nocke zu Nocke 66.5\"\n\nGewicht: 400 Gramm<\/p>\n<p>---<br \/>\n---<br \/>\n---<\/p>\n<p>---<\/p>\n<p>Dieser Bogen wird leistungsm\u00e4ssig h\u00f6chstwahrscheinlich jeden modernen Bogen im \u00e4hlichen Design \u00fcbertreffen. Das Langbogendesign mit den leicht reflexen Enden, hoher Grundspannung  zeigt einen sehr Auszug weichen und komfortablen Auszug. Der Griff im Z-Design bringt den Pfeil nah an den Centershot, was die Ablenkung des Pfeils am Bogen stark vermindert und damit den Gebrauch von steifen Pfeilen erm\u00f6glicht bzw. die Abstimmung der Pfeile auf den Bogen erleichtert. Der Bogen tr\u00e4gt als Zeichen seiner Herkunft zudem stolz einen \"Bl\u00e4ss\" gemacht in traditioneller Appenzeller Handwerkstradition.<\/p>\n<p>Sei einzigartig, schiess Holz!<\/p>\n<p>&nbsp;<\/p>\n<p><iframe title=\"Speedtest LongbowV1 (No 17) 9 gpp @28&quot;\" width=\"800\" height=\"450\" src=\"https:\/\/www.youtube.com\/embed\/ds-Dy_H6Ews?feature=oembed\" frameborder=\"0\" allow=\"accelerometer; autoplay; clipboard-write; encrypted-media; gyroscope; picture-in-picture; web-share\" allowfullscreen><\/iframe><\/p>\n<p><iframe title=\"Speedtest LongbowV1 (No 17) 11gpp @28&quot;\" width=\"800\" height=\"450\" src=\"https:\/\/www.youtube.com\/embed\/xsSXc7KAPo0?feature=oembed\" frameborder=\"0\" allow=\"accelerometer; autoplay; clipboard-write; encrypted-media; gyroscope; picture-in-picture; web-share\" allowfullscreen><\/iframe><\/p>\n<p><iframe title=\"Speedtest LongbowV1 (No 17) 7gpp @28&quot;\" width=\"800\" height=\"450\" src=\"https:\/\/www.youtube.com\/embed\/LqiPvFRsHAY?feature=oembed\" frameborder=\"0\" allow=\"accelerometer; autoplay; clipboard-write; encrypted-media; gyroscope; picture-in-picture; web-share\" allowfullscreen><\/iframe><\/p>","protected":false},"excerpt":{"rendered":"<p>High Performace Target-Bow made from Yew, Maple and White Ash with accents of Purple Heart. Righthanded Drawweight 36# @ 28&#8243; AMO Length nock to nock 66.5&#8243; physical weight: 400 gramms This bow will probably outshoot most bow of similar design made of modern materials. The longbow-design with slightly reflexed tips will make a very comfortable [&hellip;]<\/p>\n","protected":false},"featured_media":3065,"comment_status":"open","ping_status":"closed","template":"","meta":{"_monsterinsights_skip_tracking":false,"_monsterinsights_sitenote_active":false,"_monsterinsights_sitenote_note":"","_monsterinsights_sitenote_category":0,"_uf_show_specific_survey":0,"_uf_disable_surveys":false},"product_cat":[61],"product_tag":[],"new_category":[],"acf":[],"aioseo_notices":[],"_links":{"self":[{"href":"https:\/\/selfbow.ch\/de\/wp-json\/wp\/v2\/product\/3031"}],"collection":[{"href":"https:\/\/selfbow.ch\/de\/wp-json\/wp\/v2\/product"}],"about":[{"href":"https:\/\/selfbow.ch\/de\/wp-json\/wp\/v2\/types\/product"}],"replies":[{"embeddable":true,"href":"https:\/\/selfbow.ch\/de\/wp-json\/wp\/v2\/comments?post=3031"}],"wp:featuredmedia":[{"embeddable":true,"href":"https:\/\/selfbow.ch\/de\/wp-json\/wp\/v2\/media\/3065"}],"wp:attachment":[{"href":"https:\/\/selfbow.ch\/de\/wp-json\/wp\/v2\/media?parent=3031"}],"wp:term":[{"taxonomy":"product_cat","embeddable":true,"href":"https:\/\/selfbow.ch\/de\/wp-json\/wp\/v2\/product_cat?post=3031"},{"taxonomy":"product_tag","embeddable":true,"href":"https:\/\/selfbow.ch\/de\/wp-json\/wp\/v2\/product_tag?post=3031"},{"taxonomy":"new_category","embeddable":true,"href":"https:\/\/selfbow.ch\/de\/wp-json\/wp\/v2\/new_category?post=3031"}],"curies":[{"name":"wp","href":"https:\/\/api.w.org\/{rel}","templated":true}]}}