{"id":4701,"date":"2023-09-22T06:39:15","date_gmt":"2023-09-22T06:39:15","guid":{"rendered":"https:\/\/selfbow.ch\/?post_type=product&#038;p=4701"},"modified":"2024-12-19T13:42:48","modified_gmt":"2024-12-19T13:42:48","slug":"yew-hill-style-53-28","status":"publish","type":"product","link":"https:\/\/selfbow.ch\/de\/produkt\/yew-hill-style-53-28\/","title":{"rendered":"Hill-Style Eibenbogen - 53# @ 28\u2033"},"content":{"rendered":"<div dir=\"auto\">Unl\u00e4ngst habe ich im Netz einige Bilder von einem Bogen gesehen, welcher von Howard Hill Ende der 30er Jahre pers\u00f6nlich gefertigt wurde und ich war beeindruckt.<\/div>\n<div dir=\"auto\">Mit diesen Bildern im Kopf ging ich in die Werkstatt und begann an einem sch\u00f6nen St\u00fcck Eibe zu schnitzen. Mangels gen\u00fcgend Infos und Bildern konnte ich keine eigentliche Replika machen. Egal - ich machte den Bogen einfach so wie er HH vermutlich auch gefallen h\u00e4tte.<\/div>\n<div dir=\"auto\">Am R\u00fccken habe ich ein Leinenbeacking angebracht - es dient zum Schutz des empfindlichen Splitholzes vor Austrocknung und mechanischen Besch\u00e4digungen.<\/div>","protected":false},"excerpt":{"rendered":"<p>A little while ago I saw a few pics of a bow crafted by Howard Hill in the late 30&#8217;s. This bow really amazed me. Having these pictures in my mind I took piece of my premium yew and started crafting. I have not had enough details and info to make a full replica. Never [&hellip;]<\/p>\n","protected":false},"featured_media":4709,"comment_status":"open","ping_status":"closed","template":"","meta":{"_monsterinsights_skip_tracking":false,"_monsterinsights_sitenote_active":false,"_monsterinsights_sitenote_note":"","_monsterinsights_sitenote_category":0,"_uf_show_specific_survey":0,"_uf_disable_surveys":false},"product_cat":[50],"product_tag":[],"new_category":[],"acf":[],"aioseo_notices":[],"_links":{"self":[{"href":"https:\/\/selfbow.ch\/de\/wp-json\/wp\/v2\/product\/4701"}],"collection":[{"href":"https:\/\/selfbow.ch\/de\/wp-json\/wp\/v2\/product"}],"about":[{"href":"https:\/\/selfbow.ch\/de\/wp-json\/wp\/v2\/types\/product"}],"replies":[{"embeddable":true,"href":"https:\/\/selfbow.ch\/de\/wp-json\/wp\/v2\/comments?post=4701"}],"wp:featuredmedia":[{"embeddable":true,"href":"https:\/\/selfbow.ch\/de\/wp-json\/wp\/v2\/media\/4709"}],"wp:attachment":[{"href":"https:\/\/selfbow.ch\/de\/wp-json\/wp\/v2\/media?parent=4701"}],"wp:term":[{"taxonomy":"product_cat","embeddable":true,"href":"https:\/\/selfbow.ch\/de\/wp-json\/wp\/v2\/product_cat?post=4701"},{"taxonomy":"product_tag","embeddable":true,"href":"https:\/\/selfbow.ch\/de\/wp-json\/wp\/v2\/product_tag?post=4701"},{"taxonomy":"new_category","embeddable":true,"href":"https:\/\/selfbow.ch\/de\/wp-json\/wp\/v2\/new_category?post=4701"}],"curies":[{"name":"wp","href":"https:\/\/api.w.org\/{rel}","templated":true}]}}