{"id":4732,"date":"2023-10-16T08:02:52","date_gmt":"2023-10-16T08:02:52","guid":{"rendered":"https:\/\/selfbow.ch\/?post_type=product&#038;p=4732"},"modified":"2023-10-18T08:16:46","modified_gmt":"2023-10-18T08:16:46","slug":"andaman-hollow-limb-36-26-rh","status":"publish","type":"product","link":"https:\/\/selfbow.ch\/de\/produkt\/andaman-hollow-limb-36-26-rh\/","title":{"rendered":"Andaman &#8211; Hollow Limb 36# @ 26&#8243; RH"},"content":{"rendered":"<p>Dieser Bogen wurde aus Ilex (Stechpalme) gemacht. Ein sehr hartes, schweres, aber selten gebrauchtes Holz, welches bereits im Mittelalter zum Bau von Kriegsbogen verwendet wurde. Das St\u00fcck Holz war weder besonders lang noch dick und die Designm\u00f6glichkeiten somit beschr\u00e4nkt. Ich entschied mich f\u00fcr einen Bogen im Stil der Andamanen mit einem leichten  Hollow-Limb. Bei einer L\u00e4nge von 63\" betr\u00e4gt das Zuggewicht 36 Pfund bei 26\" Auszug. Das Holz wurde zur Leistungssteigerung mit Hitze behandelt und ist gebeizt mit Eisenchlorid. Er schiesst ganz nett.<br \/>\nShoots nicely of course.<\/p>","protected":false},"excerpt":{"rendered":"<p>I made this bow from Holly (lat. Ilex), a rarley used wood that historically was used for medieval warbows also. The wood wasn&#8217;t overly thick so I could either do a simple stick bow or something&#8230;how would you call that?&#8230;.andaman hollow limbish. I went for the latter because I have always been fascinated by these [&hellip;]<\/p>\n","protected":false},"featured_media":4719,"comment_status":"open","ping_status":"closed","template":"","meta":{"_monsterinsights_skip_tracking":false,"_monsterinsights_sitenote_active":false,"_monsterinsights_sitenote_note":"","_monsterinsights_sitenote_category":0,"_uf_show_specific_survey":0,"_uf_disable_surveys":false},"product_cat":[50],"product_tag":[],"new_category":[],"acf":[],"aioseo_notices":[],"_links":{"self":[{"href":"https:\/\/selfbow.ch\/de\/wp-json\/wp\/v2\/product\/4732"}],"collection":[{"href":"https:\/\/selfbow.ch\/de\/wp-json\/wp\/v2\/product"}],"about":[{"href":"https:\/\/selfbow.ch\/de\/wp-json\/wp\/v2\/types\/product"}],"replies":[{"embeddable":true,"href":"https:\/\/selfbow.ch\/de\/wp-json\/wp\/v2\/comments?post=4732"}],"wp:featuredmedia":[{"embeddable":true,"href":"https:\/\/selfbow.ch\/de\/wp-json\/wp\/v2\/media\/4719"}],"wp:attachment":[{"href":"https:\/\/selfbow.ch\/de\/wp-json\/wp\/v2\/media?parent=4732"}],"wp:term":[{"taxonomy":"product_cat","embeddable":true,"href":"https:\/\/selfbow.ch\/de\/wp-json\/wp\/v2\/product_cat?post=4732"},{"taxonomy":"product_tag","embeddable":true,"href":"https:\/\/selfbow.ch\/de\/wp-json\/wp\/v2\/product_tag?post=4732"},{"taxonomy":"new_category","embeddable":true,"href":"https:\/\/selfbow.ch\/de\/wp-json\/wp\/v2\/new_category?post=4732"}],"curies":[{"name":"wp","href":"https:\/\/api.w.org\/{rel}","templated":true}]}}