{"id":4749,"date":"2023-11-04T20:16:42","date_gmt":"2023-11-04T20:16:42","guid":{"rendered":"https:\/\/selfbow.ch\/?post_type=product&#038;p=4749"},"modified":"2024-02-16T12:30:05","modified_gmt":"2024-02-16T12:30:05","slug":"deflex-reflex-34-28-62-5-nock2nock","status":"publish","type":"product","link":"https:\/\/selfbow.ch\/de\/produkt\/deflex-reflex-34-28-62-5-nock2nock\/","title":{"rendered":"Deflex\/Reflex \u2013 34# @ 28\u2033 \u2013 62.5 Nocke zu Nocke"},"content":{"rendered":"<p>Dieser Langbogen ist ziemlich kurz und recht schnell und sehr gleichm\u00e4ssig im Auszug. Als Bauchlaminat wurde sehr druckfestes Osage aus Ungarn verwendet. Die Mittellage ist gemacht aus sehr leichtem einheimischem Ahorn. Die F\u00fcr die R\u00fcckenlage habe ich die sehr zugstarke einheimische Esche verwendet. Das Griffst\u00fcck ist aus hiesigem Eisenholz und bedeutet etwas zus\u00e4tzliche Masse und Schussruhe. Der Bogen hat alle Tets bestanden. Das Gewicht betr\u00e4gt 461Gramm und den Preis m\u00fcssen wir noch festlegen.<\/p>","protected":false},"excerpt":{"rendered":"<p>This longbow is pretty short and quick and smooth to draw. The belly lamination is from finest hungarian Osage, the midlam is made from super light swiss maple. For the backing I went for ash which is pretty strong in tension and locally available. All laminates edge grain. The grip is made from ironwood to [&hellip;]<\/p>\n","protected":false},"featured_media":4748,"comment_status":"open","ping_status":"closed","template":"","meta":{"_monsterinsights_skip_tracking":false,"_monsterinsights_sitenote_active":false,"_monsterinsights_sitenote_note":"","_monsterinsights_sitenote_category":0,"_uf_show_specific_survey":0,"_uf_disable_surveys":false},"product_cat":[61],"product_tag":[],"new_category":[],"acf":[],"aioseo_notices":[],"_links":{"self":[{"href":"https:\/\/selfbow.ch\/de\/wp-json\/wp\/v2\/product\/4749"}],"collection":[{"href":"https:\/\/selfbow.ch\/de\/wp-json\/wp\/v2\/product"}],"about":[{"href":"https:\/\/selfbow.ch\/de\/wp-json\/wp\/v2\/types\/product"}],"replies":[{"embeddable":true,"href":"https:\/\/selfbow.ch\/de\/wp-json\/wp\/v2\/comments?post=4749"}],"wp:featuredmedia":[{"embeddable":true,"href":"https:\/\/selfbow.ch\/de\/wp-json\/wp\/v2\/media\/4748"}],"wp:attachment":[{"href":"https:\/\/selfbow.ch\/de\/wp-json\/wp\/v2\/media?parent=4749"}],"wp:term":[{"taxonomy":"product_cat","embeddable":true,"href":"https:\/\/selfbow.ch\/de\/wp-json\/wp\/v2\/product_cat?post=4749"},{"taxonomy":"product_tag","embeddable":true,"href":"https:\/\/selfbow.ch\/de\/wp-json\/wp\/v2\/product_tag?post=4749"},{"taxonomy":"new_category","embeddable":true,"href":"https:\/\/selfbow.ch\/de\/wp-json\/wp\/v2\/new_category?post=4749"}],"curies":[{"name":"wp","href":"https:\/\/api.w.org\/{rel}","templated":true}]}}