{"id":5161,"date":"2024-02-29T20:38:40","date_gmt":"2024-02-29T20:38:40","guid":{"rendered":"https:\/\/selfbow.ch\/?post_type=product&#038;p=5161"},"modified":"2024-02-29T20:51:58","modified_gmt":"2024-02-29T20:51:58","slug":"the-icemans-bow-yew-55-32","status":"publish","type":"product","link":"https:\/\/selfbow.ch\/de\/produkt\/the-icemans-bow-yew-55-32\/","title":{"rendered":"Der \u00d6tzi-Bogen vom Similaun - Eibe - 55#@32\""},"content":{"rendered":"<p>Dies ist eine Replika des ber\u00fchmten neolithischen Bogens von \u00d6tzi. Hier war es in der Tat schwer, eine richtige Replika anzufertigen, zumal der Mann aus dem Eis bekanntlich nur einen unfertigen Bogen aus Eibenholz bei sich trug. Ich habe nun sein Projekt zu Ende gebracht und einen Bogen gebaut, wie er entstanden sein k\u00f6nnte, wenn es dem Mann aus dem Eis damals besser ergangen w\u00e4re und er noch dazu gekommen w\u00e4re, seinen Bogen fertig zu stellen. Der Griff ist aus Ulmenbast gefertigt.<\/p>\n<p><iframe title=\"shooting the iceman&#039;s bow\" width=\"800\" height=\"450\" src=\"https:\/\/www.youtube.com\/embed\/Yo7bjkizpS4?feature=oembed\" frameborder=\"0\" allow=\"accelerometer; autoplay; clipboard-write; encrypted-media; gyroscope; picture-in-picture; web-share\" allowfullscreen><\/iframe><\/p>\n<p>&nbsp;<\/p>","protected":false},"excerpt":{"rendered":"<p>This is a replica of the famous neolithic Iceman&#8217;s Bow. In fact its hard to to make a proper replica here because the Iceman was carrying just an unfinished bow from yewwood. I did now finish his project and made a bow the way it might have come out if things had gone better for [&hellip;]<\/p>\n","protected":false},"featured_media":5160,"comment_status":"open","ping_status":"closed","template":"","meta":{"_monsterinsights_skip_tracking":false,"_monsterinsights_sitenote_active":false,"_monsterinsights_sitenote_note":"","_monsterinsights_sitenote_category":0,"_uf_show_specific_survey":0,"_uf_disable_surveys":false},"product_cat":[61],"product_tag":[],"new_category":[],"acf":[],"aioseo_notices":[],"_links":{"self":[{"href":"https:\/\/selfbow.ch\/de\/wp-json\/wp\/v2\/product\/5161"}],"collection":[{"href":"https:\/\/selfbow.ch\/de\/wp-json\/wp\/v2\/product"}],"about":[{"href":"https:\/\/selfbow.ch\/de\/wp-json\/wp\/v2\/types\/product"}],"replies":[{"embeddable":true,"href":"https:\/\/selfbow.ch\/de\/wp-json\/wp\/v2\/comments?post=5161"}],"wp:featuredmedia":[{"embeddable":true,"href":"https:\/\/selfbow.ch\/de\/wp-json\/wp\/v2\/media\/5160"}],"wp:attachment":[{"href":"https:\/\/selfbow.ch\/de\/wp-json\/wp\/v2\/media?parent=5161"}],"wp:term":[{"taxonomy":"product_cat","embeddable":true,"href":"https:\/\/selfbow.ch\/de\/wp-json\/wp\/v2\/product_cat?post=5161"},{"taxonomy":"product_tag","embeddable":true,"href":"https:\/\/selfbow.ch\/de\/wp-json\/wp\/v2\/product_tag?post=5161"},{"taxonomy":"new_category","embeddable":true,"href":"https:\/\/selfbow.ch\/de\/wp-json\/wp\/v2\/new_category?post=5161"}],"curies":[{"name":"wp","href":"https:\/\/api.w.org\/{rel}","templated":true}]}}