{"id":5176,"date":"2024-03-01T07:27:00","date_gmt":"2024-03-01T07:27:00","guid":{"rendered":"https:\/\/selfbow.ch\/?post_type=product&#038;p=5176"},"modified":"2024-12-19T13:55:12","modified_gmt":"2024-12-19T13:55:12","slug":"bow-of-bodman-swisss-yew-40-28","status":"publish","type":"product","link":"https:\/\/selfbow.ch\/de\/produkt\/bow-of-bodman-swisss-yew-40-28\/","title":{"rendered":"Der Bogen von Bodman - Schweizer Eibe - 40# @ 28\""},"content":{"rendered":"<p>Hier kommt eine ziemlich genauer Nachbau des neolithischen Bogens von \"Bodman\", welcher vor nicht allzu langher Zeit ebendort am Bodensee gefunden wurde. Das Original wurde um ca. 3500 v. Chr. aus dichtem Eibenholz gefertigt und zeigt ein ziemlich ausgekl\u00fcgeltes Flachbogen\/Propeller-Design - f\u00fcr mich das beste Design unter allen pr\u00e4historischen B\u00f6gen. Mit 62\u2033 von Nocke zu Nocke ist er ein wenikg l\u00e4nger als das Original aber noch immer recht kurz und handlich und der flache Bauch sorgt f\u00fcr eine hervorragende Schussleistung. Die Spitzen sind aus Hirschgeweih und der Griff ist aus Ulmenbast.<\/p>","protected":false},"excerpt":{"rendered":"<p>Here comes a pretty close replica aof the neolithic bow found in the village of &#8220;Bodman&#8221;, Germany. The original was made from dense yew around 3500bc and shows a pretty sophisticated design &#8211; for me this is the best design amongst all the prehistoric bows found around the world. With 62&#8243; nock to nock ist [&hellip;]<\/p>\n","protected":false},"featured_media":5173,"comment_status":"open","ping_status":"closed","template":"","meta":{"_monsterinsights_skip_tracking":false,"_monsterinsights_sitenote_active":false,"_monsterinsights_sitenote_note":"","_monsterinsights_sitenote_category":0,"_uf_show_specific_survey":0,"_uf_disable_surveys":false},"product_cat":[47],"product_tag":[],"new_category":[],"acf":[],"aioseo_notices":[],"_links":{"self":[{"href":"https:\/\/selfbow.ch\/de\/wp-json\/wp\/v2\/product\/5176"}],"collection":[{"href":"https:\/\/selfbow.ch\/de\/wp-json\/wp\/v2\/product"}],"about":[{"href":"https:\/\/selfbow.ch\/de\/wp-json\/wp\/v2\/types\/product"}],"replies":[{"embeddable":true,"href":"https:\/\/selfbow.ch\/de\/wp-json\/wp\/v2\/comments?post=5176"}],"wp:featuredmedia":[{"embeddable":true,"href":"https:\/\/selfbow.ch\/de\/wp-json\/wp\/v2\/media\/5173"}],"wp:attachment":[{"href":"https:\/\/selfbow.ch\/de\/wp-json\/wp\/v2\/media?parent=5176"}],"wp:term":[{"taxonomy":"product_cat","embeddable":true,"href":"https:\/\/selfbow.ch\/de\/wp-json\/wp\/v2\/product_cat?post=5176"},{"taxonomy":"product_tag","embeddable":true,"href":"https:\/\/selfbow.ch\/de\/wp-json\/wp\/v2\/product_tag?post=5176"},{"taxonomy":"new_category","embeddable":true,"href":"https:\/\/selfbow.ch\/de\/wp-json\/wp\/v2\/new_category?post=5176"}],"curies":[{"name":"wp","href":"https:\/\/api.w.org\/{rel}","templated":true}]}}