{"id":5213,"date":"2024-03-10T10:35:04","date_gmt":"2024-03-10T10:35:04","guid":{"rendered":"https:\/\/selfbow.ch\/?post_type=product&#038;p=5213"},"modified":"2024-12-19T13:57:30","modified_gmt":"2024-12-19T13:57:30","slug":"yew-hollow-lever-3928-64ttt","status":"publish","type":"product","link":"https:\/\/selfbow.ch\/de\/produkt\/yew-hollow-lever-3928-64ttt\/","title":{"rendered":"Eibe im \"Hollw-Lever\" Design 39# @ 28\" 64\"nzn"},"content":{"rendered":"<p><span class=\"x193iq5w xeuugli x13faqbe x1vvkbs x1xmvt09 x1lliihq x1s928wv xhkezso x1gmr53x x1cpjm7i x1fgarty x1943h6x xudqn12 x3x7a5m x6prxxf xvq8zen xo1l8bm xzsf02u x1yc453h\" dir=\"auto\">Diesen Bogen habe ich unl\u00e4ngst wieder entdeckt und dachte mir, der sei doch zu schad um ihn im Bogenspeicher einfach zu vergessen. Deshalb jetzt wieder ein wenig frisch gemacht und aufgebretzelt (-; Der Bogen wurde damals vor ein paar Jahren von mir aus einem sch\u00f6nen St\u00fcck Eibe gemacht, bei welchem allerdings das Splintholz besch\u00e4digt war - deswegen habe ich ihm auch einen neuen Bogenr\u00fccken aus Esche spendiert als Backing. Gut schnell ist der Bogen auch mit ca. 3\" an eingeklebtem Reflex bei einer L\u00e4nge von 64\". 39 Pfund bei 28 Zoll. Optimal f\u00fcr Sch\u00fctzen mit ca. 26\/27\" Auszug.<\/span><\/p>","protected":false},"excerpt":{"rendered":"<p>This one I lately found amongst my older bows and thought it was too nice to just store and forget. So it was refurbished. I originally made this one back in my &#8220;hollow-lever&#8221;-period a few years ago. Its obviously made from a fine yew-stave on which the sapwood was damaged; I therefore planed the bows [&hellip;]<\/p>\n","protected":false},"featured_media":5205,"comment_status":"open","ping_status":"closed","template":"","meta":{"_monsterinsights_skip_tracking":false,"_monsterinsights_sitenote_active":false,"_monsterinsights_sitenote_note":"","_monsterinsights_sitenote_category":0,"_uf_show_specific_survey":0,"_uf_disable_surveys":false},"product_cat":[50],"product_tag":[],"new_category":[],"acf":[],"aioseo_notices":[],"_links":{"self":[{"href":"https:\/\/selfbow.ch\/de\/wp-json\/wp\/v2\/product\/5213"}],"collection":[{"href":"https:\/\/selfbow.ch\/de\/wp-json\/wp\/v2\/product"}],"about":[{"href":"https:\/\/selfbow.ch\/de\/wp-json\/wp\/v2\/types\/product"}],"replies":[{"embeddable":true,"href":"https:\/\/selfbow.ch\/de\/wp-json\/wp\/v2\/comments?post=5213"}],"wp:featuredmedia":[{"embeddable":true,"href":"https:\/\/selfbow.ch\/de\/wp-json\/wp\/v2\/media\/5205"}],"wp:attachment":[{"href":"https:\/\/selfbow.ch\/de\/wp-json\/wp\/v2\/media?parent=5213"}],"wp:term":[{"taxonomy":"product_cat","embeddable":true,"href":"https:\/\/selfbow.ch\/de\/wp-json\/wp\/v2\/product_cat?post=5213"},{"taxonomy":"product_tag","embeddable":true,"href":"https:\/\/selfbow.ch\/de\/wp-json\/wp\/v2\/product_tag?post=5213"},{"taxonomy":"new_category","embeddable":true,"href":"https:\/\/selfbow.ch\/de\/wp-json\/wp\/v2\/new_category?post=5213"}],"curies":[{"name":"wp","href":"https:\/\/api.w.org\/{rel}","templated":true}]}}