{"id":5237,"date":"2024-03-15T10:31:53","date_gmt":"2024-03-15T10:31:53","guid":{"rendered":"https:\/\/selfbow.ch\/?post_type=product&#038;p=5237"},"modified":"2024-03-15T10:31:54","modified_gmt":"2024-03-15T10:31:54","slug":"yew-vsl-40-28","status":"publish","type":"product","link":"https:\/\/selfbow.ch\/de\/produkt\/yew-vsl-40-28\/","title":{"rendered":"Eibe VSL - 40# - 28\""},"content":{"rendered":"<div data-contents=\"true\">\n<div class=\"x1e56ztr\" data-block=\"true\" data-editor=\"7363q\" data-offset-key=\"9unf1-0-0\">\n<div class=\"_1mf _1mj\" data-offset-key=\"9unf1-0-0\"><span data-offset-key=\"9unf1-0-0\">Hier<\/span><span data-offset-key=\"9unf1-1-0\"> gibt es Fotos von einem VSL-Bogen, der heute von seinem neuen Eigent\u00fcmer abgeholt wurde. Gl\u00fccklicherweise reichte die Zeit noch f\u00fcr ein paar Fotos - weil ich Fotografiere und betrachte meine Bogen immer auch selbst gern im Detail. So mag ich einen Eibenlangbogen - eine Mischung n\u00e4mlich aus dem ber\u00fchmten Viktorianischen Langbogen und dem American semi Longbow (ASL) wie ihn der junge Howard Hill geschossen hat. Ich nenne diesen Bogentyp daher Victorian semi Longbow (VSL) \ud83d\ude03 \nEibe ist doch f\u00fcrwahr ein besonderes Holz.<\/span><\/div>\n<\/div>\n<\/div>","protected":false},"excerpt":{"rendered":"<p>Showing yew a VSL that just left me today with his new owner. Its my favorite type of yew longbow &#8211; a mixture of the famous Victorian Longbow and the American semi Longbow (ASL) young Howard Hill used to shoot. I therefore call this style the Victorian semi Longbow (VSL)\ud83d\ude00<\/p>","protected":false},"featured_media":5227,"comment_status":"open","ping_status":"closed","template":"","meta":{"_monsterinsights_skip_tracking":false,"_monsterinsights_sitenote_active":false,"_monsterinsights_sitenote_note":"","_monsterinsights_sitenote_category":0,"_uf_show_specific_survey":0,"_uf_disable_surveys":false},"product_cat":[47],"product_tag":[],"new_category":[],"acf":[],"aioseo_notices":[],"_links":{"self":[{"href":"https:\/\/selfbow.ch\/de\/wp-json\/wp\/v2\/product\/5237"}],"collection":[{"href":"https:\/\/selfbow.ch\/de\/wp-json\/wp\/v2\/product"}],"about":[{"href":"https:\/\/selfbow.ch\/de\/wp-json\/wp\/v2\/types\/product"}],"replies":[{"embeddable":true,"href":"https:\/\/selfbow.ch\/de\/wp-json\/wp\/v2\/comments?post=5237"}],"wp:featuredmedia":[{"embeddable":true,"href":"https:\/\/selfbow.ch\/de\/wp-json\/wp\/v2\/media\/5227"}],"wp:attachment":[{"href":"https:\/\/selfbow.ch\/de\/wp-json\/wp\/v2\/media?parent=5237"}],"wp:term":[{"taxonomy":"product_cat","embeddable":true,"href":"https:\/\/selfbow.ch\/de\/wp-json\/wp\/v2\/product_cat?post=5237"},{"taxonomy":"product_tag","embeddable":true,"href":"https:\/\/selfbow.ch\/de\/wp-json\/wp\/v2\/product_tag?post=5237"},{"taxonomy":"new_category","embeddable":true,"href":"https:\/\/selfbow.ch\/de\/wp-json\/wp\/v2\/new_category?post=5237"}],"curies":[{"name":"wp","href":"https:\/\/api.w.org\/{rel}","templated":true}]}}