{"id":6112,"date":"2024-06-09T07:44:15","date_gmt":"2024-06-09T07:44:15","guid":{"rendered":"https:\/\/selfbow.ch\/?post_type=product&#038;p=6112"},"modified":"2024-06-09T09:54:37","modified_gmt":"2024-06-09T09:54:37","slug":"bow-from-schnidejoch","status":"publish","type":"product","link":"https:\/\/selfbow.ch\/de\/produkt\/bow-from-schnidejoch\/","title":{"rendered":"Eine kleine Zeitreise"},"content":{"rendered":"<div class=\"xdj266r x11i5rnm xat24cr x1mh8g0r x1vvkbs x126k92a\">\n<div dir=\"auto\">Da ist er, der Schnidejochbogen. Gefunden 2003 auf dem Schnidejoch, verloren.  ca. 2600 v.Chr. ebendort. Von diesem Bogen habe ich anhand der Masse aus der heiligen Schrift der historischen Bogenbauer eine ziemlich exakte Kopie angefertigt. Es geschieht ja selten genug, dass ich eine genaue Replik mache, zumal ich das Original meist noch etwas verbessere (-; Hier war es aber mal interessant ganz nah am Original zu bleiben, um ein Gef\u00fchl daf\u00fcr zu bekommen, wie sich der Steinzeitbogen tats\u00e4chlich schoss und wie stark er wirklich war. Normalerweise kann man bei solchen Replikas aber nicht nur den Massen folgen um einen gut funktionierenden Bogen zu bekommen. Aber mit diesem Fundst\u00fcck funktioniert es sehr gut. Nachdem ich die Ma\u00dfe und den Querschnitt des Originals kopiert hatte, war fast nichts mehr zu tun. Das sagt viel \u00fcber die Qualit\u00e4ten des Bogners aus! Bravo, Fred Feuerstein! Er zieht 53 Pfund bei 27\". Eibe, was sonst. Und ja, 150cm kurz.<\/div>\n<div dir=\"auto\">Ich habe hier auch meine erste Natursehne aus Rindersehnen gemacht. Sie ist ein bisschen dick geworden, daf\u00fcr sehr stark. Das war nach ein wenig youtube gar nicht allzu kompliziert und vor allem f\u00fcr den Bogen passend. Die n\u00e4chste wird d\u00fcnner sein. Der Bogen wurde gemacht im Hinblick auf eine Themenausstellung am Naturistorischen Museum Bern.<\/div>\n<\/div>","protected":false},"excerpt":{"rendered":"<p>There it is, the &#8220;Schnidejochbogen&#8221;. Found in 2003 high up in the alps on the Schnidejoch in my country Switzerland, lost. ca. 2600 BC at the same place. I made a pretty exact copy of this bow using the measurements from the sacred script of the historical bow makers. It is rare enough for me [&hellip;]<\/p>\n","protected":false},"featured_media":6114,"comment_status":"open","ping_status":"closed","template":"","meta":{"_monsterinsights_skip_tracking":false,"_monsterinsights_sitenote_active":false,"_monsterinsights_sitenote_note":"","_monsterinsights_sitenote_category":0,"_uf_show_specific_survey":0,"_uf_disable_surveys":false},"product_cat":[47,50],"product_tag":[],"new_category":[],"acf":[],"aioseo_notices":[],"_links":{"self":[{"href":"https:\/\/selfbow.ch\/de\/wp-json\/wp\/v2\/product\/6112"}],"collection":[{"href":"https:\/\/selfbow.ch\/de\/wp-json\/wp\/v2\/product"}],"about":[{"href":"https:\/\/selfbow.ch\/de\/wp-json\/wp\/v2\/types\/product"}],"replies":[{"embeddable":true,"href":"https:\/\/selfbow.ch\/de\/wp-json\/wp\/v2\/comments?post=6112"}],"wp:featuredmedia":[{"embeddable":true,"href":"https:\/\/selfbow.ch\/de\/wp-json\/wp\/v2\/media\/6114"}],"wp:attachment":[{"href":"https:\/\/selfbow.ch\/de\/wp-json\/wp\/v2\/media?parent=6112"}],"wp:term":[{"taxonomy":"product_cat","embeddable":true,"href":"https:\/\/selfbow.ch\/de\/wp-json\/wp\/v2\/product_cat?post=6112"},{"taxonomy":"product_tag","embeddable":true,"href":"https:\/\/selfbow.ch\/de\/wp-json\/wp\/v2\/product_tag?post=6112"},{"taxonomy":"new_category","embeddable":true,"href":"https:\/\/selfbow.ch\/de\/wp-json\/wp\/v2\/new_category?post=6112"}],"curies":[{"name":"wp","href":"https:\/\/api.w.org\/{rel}","templated":true}]}}