{"id":6187,"date":"2024-07-11T07:03:50","date_gmt":"2024-07-11T07:03:50","guid":{"rendered":"https:\/\/selfbow.ch\/?post_type=product&#038;p=6187"},"modified":"2024-07-11T07:28:25","modified_gmt":"2024-07-11T07:28:25","slug":"the-avenger-of-the-woody","status":"publish","type":"product","link":"https:\/\/selfbow.ch\/de\/produkt\/the-avenger-of-the-woody\/","title":{"rendered":"Mike P. - Der R\u00e4cher der H\u00f6lzigen"},"content":{"rendered":"<p>Mike Pakebusch gewinnt immer - wo  er hinf\u00e4hrt w\u00e4chst kein Gras mehr. Und wenn er einmal nur zweiter wird, so nur aus Fairness oder weil er einen schlechten Tag hatte.Sein Score w\u00e4re meist auch ausreichend f\u00fcrs Podium bei den Recurves. Mike schiesst eine Eibe im Bodman-Stil. Danke Mike!<\/p>","protected":false},"excerpt":{"rendered":"<p>Mike Pakebusch gewinnt immer - wo  er hinf\u00e4hrt w\u00e4chst kein Gras mehr. Und wenn er einmal nur zweiter wird, so nur aus Fairness oder weil er einen schlechten Tag hatte.Sein Score w\u00e4re meist auch ausreichend f\u00fcrs Podium bei den Recurves. Mike schiesst eine Eibe im Bodman-Stil. Danke Mike!<\/p>","protected":false},"featured_media":6183,"comment_status":"open","ping_status":"closed","template":"","meta":{"_monsterinsights_skip_tracking":false,"_monsterinsights_sitenote_active":false,"_monsterinsights_sitenote_note":"","_monsterinsights_sitenote_category":0,"_uf_show_specific_survey":0,"_uf_disable_surveys":false},"product_cat":[47,148],"product_tag":[],"new_category":[],"acf":[],"aioseo_notices":[],"_links":{"self":[{"href":"https:\/\/selfbow.ch\/de\/wp-json\/wp\/v2\/product\/6187"}],"collection":[{"href":"https:\/\/selfbow.ch\/de\/wp-json\/wp\/v2\/product"}],"about":[{"href":"https:\/\/selfbow.ch\/de\/wp-json\/wp\/v2\/types\/product"}],"replies":[{"embeddable":true,"href":"https:\/\/selfbow.ch\/de\/wp-json\/wp\/v2\/comments?post=6187"}],"wp:featuredmedia":[{"embeddable":true,"href":"https:\/\/selfbow.ch\/de\/wp-json\/wp\/v2\/media\/6183"}],"wp:attachment":[{"href":"https:\/\/selfbow.ch\/de\/wp-json\/wp\/v2\/media?parent=6187"}],"wp:term":[{"taxonomy":"product_cat","embeddable":true,"href":"https:\/\/selfbow.ch\/de\/wp-json\/wp\/v2\/product_cat?post=6187"},{"taxonomy":"product_tag","embeddable":true,"href":"https:\/\/selfbow.ch\/de\/wp-json\/wp\/v2\/product_tag?post=6187"},{"taxonomy":"new_category","embeddable":true,"href":"https:\/\/selfbow.ch\/de\/wp-json\/wp\/v2\/new_category?post=6187"}],"curies":[{"name":"wp","href":"https:\/\/api.w.org\/{rel}","templated":true}]}}