{"id":6251,"date":"2024-08-16T07:02:40","date_gmt":"2024-08-16T07:02:40","guid":{"rendered":"https:\/\/selfbow.ch\/?post_type=product&#038;p=6251"},"modified":"2024-12-19T13:54:21","modified_gmt":"2024-12-19T13:54:21","slug":"light-bow-from-prime-yew","status":"publish","type":"product","link":"https:\/\/selfbow.ch\/de\/produkt\/light-bow-from-prime-yew\/","title":{"rendered":"Ein leichter Eibenbogen"},"content":{"rendered":"<p><span class=\"x193iq5w xeuugli x13faqbe x1vvkbs x1xmvt09 x1lliihq x1s928wv xhkezso x1gmr53x x1cpjm7i x1fgarty x1943h6x xudqn12 x3x7a5m x6prxxf xvq8zen xo1l8bm xzsf02u x1yc453h\" dir=\"auto\">Aus Eibe muss man nicht notwendigerweise einen schweren Engl\u00e4nder bauen. Eine gute Eibe bringt jedes Design zum fliegen. Hier einen zarten American semi Longbow (ASL). Dieser Bogen ist 65 Zoll lang und hat ein Zuggewicht von ca. 30 Pfund bei 27 Zoll Auszugsl\u00e4nge. Das Gewicht betr\u00e4gt l\u00e4cherliche 330 Gramm. Die gezeigten Nocken muten viktorianisch an, wurden aber in dieser Machart auch in den USA noch bis in die 1930er Jahre so ausgef\u00fchrt. Aufgeklebte Nocken, wie wir sie heute kennen, wurden erst sp\u00e4ter gemacht, als bessere Klebstoffe zur Verf\u00fcgung standen; die aufgesetzten Hornnocken sind konisch auf das Holz aufgesetzt, was die Verleimung viel weniger kritisch macht.<\/span><\/p>","protected":false},"excerpt":{"rendered":"<p>Yes, you don&#8217;t necessarily have to build a heavy English Longbow from yew. A good yew will make any design fly. Here is a delicate American semi longbow (ASL). This bow is 65 inches long and has a draw weight of about 30 pounds at 27 inches draw length. The mass is a ridiculous 330 [&hellip;]<\/p>\n","protected":false},"featured_media":6252,"comment_status":"open","ping_status":"closed","template":"","meta":{"_monsterinsights_skip_tracking":false,"_monsterinsights_sitenote_active":false,"_monsterinsights_sitenote_note":"","_monsterinsights_sitenote_category":0,"_uf_show_specific_survey":0,"_uf_disable_surveys":false},"product_cat":[50],"product_tag":[177],"new_category":[],"acf":[],"aioseo_notices":[],"_links":{"self":[{"href":"https:\/\/selfbow.ch\/de\/wp-json\/wp\/v2\/product\/6251"}],"collection":[{"href":"https:\/\/selfbow.ch\/de\/wp-json\/wp\/v2\/product"}],"about":[{"href":"https:\/\/selfbow.ch\/de\/wp-json\/wp\/v2\/types\/product"}],"replies":[{"embeddable":true,"href":"https:\/\/selfbow.ch\/de\/wp-json\/wp\/v2\/comments?post=6251"}],"wp:featuredmedia":[{"embeddable":true,"href":"https:\/\/selfbow.ch\/de\/wp-json\/wp\/v2\/media\/6252"}],"wp:attachment":[{"href":"https:\/\/selfbow.ch\/de\/wp-json\/wp\/v2\/media?parent=6251"}],"wp:term":[{"taxonomy":"product_cat","embeddable":true,"href":"https:\/\/selfbow.ch\/de\/wp-json\/wp\/v2\/product_cat?post=6251"},{"taxonomy":"product_tag","embeddable":true,"href":"https:\/\/selfbow.ch\/de\/wp-json\/wp\/v2\/product_tag?post=6251"},{"taxonomy":"new_category","embeddable":true,"href":"https:\/\/selfbow.ch\/de\/wp-json\/wp\/v2\/new_category?post=6251"}],"curies":[{"name":"wp","href":"https:\/\/api.w.org\/{rel}","templated":true}]}}