{"id":6340,"date":"2024-08-19T09:03:25","date_gmt":"2024-08-19T09:03:25","guid":{"rendered":"https:\/\/selfbow.ch\/?post_type=product&#038;p=6340"},"modified":"2024-08-19T11:20:35","modified_gmt":"2024-08-19T11:20:35","slug":"hans-peter-bigler","status":"publish","type":"product","link":"https:\/\/selfbow.ch\/de\/produkt\/hans-peter-bigler\/","title":{"rendered":"Hans-Peter Bigler"},"content":{"rendered":"<p>Hans Peter ist ja ein ganz eingefleischter Selfbow-Sch\u00fctze. Bei den Bogen vom selfbow.ch kann er dann offenbar aber trotzdem nicht ganz widerstehen und schiesst ab und zu sowas verleimtes. Immerhin kann er damit ja bei Naturmaterialien bleiben. Mit seinem Spezialwissen in Pfeilbau trifft er dann auch hier regelm\u00e4ssig ins Gold, sammelt Medallien und mehrt so meinen Ruhm da draussen in der Welt. Als Pr\u00e4sdent der Bogensch\u00fctzen Thun hat er sich jahrelang und schliesslich erfolgreich bei Swiss Archery f\u00fcr die Anerkennung des Selfbows als eigene Bogenklasse eingesetzt. Top Hans-Peter!<\/p>","protected":false},"excerpt":{"rendered":"<p>Hans Peter ist ja ein ganz eingefleischter Selfbow-Sch\u00fctze. Bei den Bogen vom selfbow.ch kann er dann offenbar aber trotzdem nicht ganz widerstehen und schiesst ab und zu sowas verleimtes. Immerhin kann er damit ja bei Naturmaterialien bleiben. Mit seinem Spezialwissen in Pfeilbau trifft er dann auch hier regelm\u00e4ssig ins Gold, sammelt Medallien und mehrt so [&hellip;]<\/p>\n","protected":false},"featured_media":6341,"comment_status":"open","ping_status":"closed","template":"","meta":{"_monsterinsights_skip_tracking":false,"_monsterinsights_sitenote_active":false,"_monsterinsights_sitenote_note":"","_monsterinsights_sitenote_category":0,"_uf_show_specific_survey":0,"_uf_disable_surveys":false},"product_cat":[148],"product_tag":[],"new_category":[158],"acf":[],"aioseo_notices":[],"_links":{"self":[{"href":"https:\/\/selfbow.ch\/de\/wp-json\/wp\/v2\/product\/6340"}],"collection":[{"href":"https:\/\/selfbow.ch\/de\/wp-json\/wp\/v2\/product"}],"about":[{"href":"https:\/\/selfbow.ch\/de\/wp-json\/wp\/v2\/types\/product"}],"replies":[{"embeddable":true,"href":"https:\/\/selfbow.ch\/de\/wp-json\/wp\/v2\/comments?post=6340"}],"wp:featuredmedia":[{"embeddable":true,"href":"https:\/\/selfbow.ch\/de\/wp-json\/wp\/v2\/media\/6341"}],"wp:attachment":[{"href":"https:\/\/selfbow.ch\/de\/wp-json\/wp\/v2\/media?parent=6340"}],"wp:term":[{"taxonomy":"product_cat","embeddable":true,"href":"https:\/\/selfbow.ch\/de\/wp-json\/wp\/v2\/product_cat?post=6340"},{"taxonomy":"product_tag","embeddable":true,"href":"https:\/\/selfbow.ch\/de\/wp-json\/wp\/v2\/product_tag?post=6340"},{"taxonomy":"new_category","embeddable":true,"href":"https:\/\/selfbow.ch\/de\/wp-json\/wp\/v2\/new_category?post=6340"}],"curies":[{"name":"wp","href":"https:\/\/api.w.org\/{rel}","templated":true}]}}