{"id":6367,"date":"2024-08-19T11:28:24","date_gmt":"2024-08-19T11:28:24","guid":{"rendered":"https:\/\/selfbow.ch\/?post_type=product&#038;p=6367"},"modified":"2024-08-19T11:44:33","modified_gmt":"2024-08-19T11:44:33","slug":"christian-kauer","status":"publish","type":"product","link":"https:\/\/selfbow.ch\/de\/produkt\/christian-kauer\/","title":{"rendered":"Christian Kauer"},"content":{"rendered":"<p>Christian ist seit vielen Jahren bekannt als efriger Sammler von Medaillen und Rekorden in der Schweiz in allen m\u00f6glichen Bogenklassen. Wieviele es genau sind, das weiss nicht einmal mehr er selbst. In tauseden von Stunden gibt er sein Wissen grossz\u00fcgig an Anf\u00e4nger und Nachwuchs weiter. Dass er eines Tages mit einem Holzbogen an der Linie stehen w\u00fcrde h\u00e4tte er sich wahrscheinlich selbst nie tr\u00e4umen lassen. Im Winter seinen Langbogen V2 aus Esche, Traubenkirsche und EIBE und im Sommer einen Turbo! Langbogen aus HORN &#8211; Ahorn &#8211; Elsbeere und EIBE. Merci Chrigl!<\/p>","protected":false},"excerpt":{"rendered":"<p>Christian ist seit vielen Jahren bekannt als efriger Sammler von Medaillen und Rekorden in der Schweiz in allen m\u00f6glichen Bogenklassen. Wieviele es genau sind, das weiss nicht einmal mehr er selbst. In tauseden von Stunden gibt er sein Wissen grossz\u00fcgig an Anf\u00e4nger und Nachwuchs weiter. Dass er eines Tages mit einem Holzbogen an der Linie [&hellip;]<\/p>\n","protected":false},"featured_media":0,"comment_status":"open","ping_status":"closed","template":"","meta":{"_monsterinsights_skip_tracking":false,"_monsterinsights_sitenote_active":false,"_monsterinsights_sitenote_note":"","_monsterinsights_sitenote_category":0,"_uf_show_specific_survey":0,"_uf_disable_surveys":false},"product_cat":[148],"product_tag":[],"new_category":[158],"acf":[],"aioseo_notices":[],"_links":{"self":[{"href":"https:\/\/selfbow.ch\/de\/wp-json\/wp\/v2\/product\/6367"}],"collection":[{"href":"https:\/\/selfbow.ch\/de\/wp-json\/wp\/v2\/product"}],"about":[{"href":"https:\/\/selfbow.ch\/de\/wp-json\/wp\/v2\/types\/product"}],"replies":[{"embeddable":true,"href":"https:\/\/selfbow.ch\/de\/wp-json\/wp\/v2\/comments?post=6367"}],"wp:attachment":[{"href":"https:\/\/selfbow.ch\/de\/wp-json\/wp\/v2\/media?parent=6367"}],"wp:term":[{"taxonomy":"product_cat","embeddable":true,"href":"https:\/\/selfbow.ch\/de\/wp-json\/wp\/v2\/product_cat?post=6367"},{"taxonomy":"product_tag","embeddable":true,"href":"https:\/\/selfbow.ch\/de\/wp-json\/wp\/v2\/product_tag?post=6367"},{"taxonomy":"new_category","embeddable":true,"href":"https:\/\/selfbow.ch\/de\/wp-json\/wp\/v2\/new_category?post=6367"}],"curies":[{"name":"wp","href":"https:\/\/api.w.org\/{rel}","templated":true}]}}