{"id":6462,"date":"2024-09-20T05:48:17","date_gmt":"2024-09-20T05:48:17","guid":{"rendered":"https:\/\/selfbow.ch\/?post_type=product&#038;p=6462"},"modified":"2024-12-13T22:11:08","modified_gmt":"2024-12-13T22:11:08","slug":"lefty-asl-25-pounds-at-28-inches","status":"publish","type":"product","link":"https:\/\/selfbow.ch\/de\/produkt\/lefty-asl-25-pounds-at-28-inches\/","title":{"rendered":"ASL - linkshand - 25 Pfund auf 28 Zoll"},"content":{"rendered":"<p>Hey, manchmal muss auch mal was f\u00fcr die Linkh\u00e4nder tun und diejenigen die nicht so einen starken Bogen schiessen m\u00f6gen oder einfach nur gut treffen wollen auf 18 Meter. Schweizer Eibe, Ahorn und Hickory.<\/p>","protected":false},"excerpt":{"rendered":"<p>Hey, manchmal muss auch mal was f\u00fcr die Linkh\u00e4nder tun und diejenigen die nicht so einen starken Bogen schiessen m\u00f6gen oder einfach nur gut treffen wollen auf 18 Meter. Schweizer Eibe, Ahorn und Hickory.<\/p>","protected":false},"featured_media":6438,"comment_status":"open","ping_status":"closed","template":"","meta":{"_monsterinsights_skip_tracking":false,"_monsterinsights_sitenote_active":false,"_monsterinsights_sitenote_note":"","_monsterinsights_sitenote_category":0,"_uf_show_specific_survey":0,"_uf_disable_surveys":false},"product_cat":[49],"product_tag":[183,171,164,161],"new_category":[],"acf":[],"aioseo_notices":[],"_links":{"self":[{"href":"https:\/\/selfbow.ch\/de\/wp-json\/wp\/v2\/product\/6462"}],"collection":[{"href":"https:\/\/selfbow.ch\/de\/wp-json\/wp\/v2\/product"}],"about":[{"href":"https:\/\/selfbow.ch\/de\/wp-json\/wp\/v2\/types\/product"}],"replies":[{"embeddable":true,"href":"https:\/\/selfbow.ch\/de\/wp-json\/wp\/v2\/comments?post=6462"}],"wp:featuredmedia":[{"embeddable":true,"href":"https:\/\/selfbow.ch\/de\/wp-json\/wp\/v2\/media\/6438"}],"wp:attachment":[{"href":"https:\/\/selfbow.ch\/de\/wp-json\/wp\/v2\/media?parent=6462"}],"wp:term":[{"taxonomy":"product_cat","embeddable":true,"href":"https:\/\/selfbow.ch\/de\/wp-json\/wp\/v2\/product_cat?post=6462"},{"taxonomy":"product_tag","embeddable":true,"href":"https:\/\/selfbow.ch\/de\/wp-json\/wp\/v2\/product_tag?post=6462"},{"taxonomy":"new_category","embeddable":true,"href":"https:\/\/selfbow.ch\/de\/wp-json\/wp\/v2\/new_category?post=6462"}],"curies":[{"name":"wp","href":"https:\/\/api.w.org\/{rel}","templated":true}]}}