{"id":6477,"date":"2024-09-20T05:58:08","date_gmt":"2024-09-20T05:58:08","guid":{"rendered":"https:\/\/selfbow.ch\/?post_type=product&#038;p=6477"},"modified":"2024-11-27T16:12:01","modified_gmt":"2024-11-27T16:12:01","slug":"lefty-asl-35-pounds-at-28","status":"publish","type":"product","link":"https:\/\/selfbow.ch\/de\/produkt\/lefty-asl-35-pounds-at-28\/","title":{"rendered":"ASL linkshand, 35 Pfund auf 28 Zoll"},"content":{"rendered":"<p>Ja, manchmal muss man auch etwas f\u00fcr die Linkh\u00e4nder tun. Hier also mal ein Linksh\u00e4nder, American semi Longbow (ASL) aus Schweizer Eibe, Ahorn und Hickory. ...Und eine d\u00fcnnne Lage IPE (Brasilianische Walnuss) hat sich auch noch eingeschlichen.<\/p>","protected":false},"excerpt":{"rendered":"<p>Ja, manchmal muss man auch etwas f\u00fcr die Linkh\u00e4nder tun. Hier also mal ein Linksh\u00e4nder, American semi Longbow (ASL) aus Schweizer Eibe, Ahorn und Hickory. ...Und eine d\u00fcnnne Lage IPE (Brasilianische Walnuss) hat sich auch noch eingeschlichen.<\/p>","protected":false},"featured_media":6475,"comment_status":"open","ping_status":"closed","template":"","meta":{"_monsterinsights_skip_tracking":false,"_monsterinsights_sitenote_active":false,"_monsterinsights_sitenote_note":"","_monsterinsights_sitenote_category":0,"_uf_show_specific_survey":0,"_uf_disable_surveys":false},"product_cat":[49],"product_tag":[],"new_category":[],"acf":[],"aioseo_notices":[],"_links":{"self":[{"href":"https:\/\/selfbow.ch\/de\/wp-json\/wp\/v2\/product\/6477"}],"collection":[{"href":"https:\/\/selfbow.ch\/de\/wp-json\/wp\/v2\/product"}],"about":[{"href":"https:\/\/selfbow.ch\/de\/wp-json\/wp\/v2\/types\/product"}],"replies":[{"embeddable":true,"href":"https:\/\/selfbow.ch\/de\/wp-json\/wp\/v2\/comments?post=6477"}],"wp:featuredmedia":[{"embeddable":true,"href":"https:\/\/selfbow.ch\/de\/wp-json\/wp\/v2\/media\/6475"}],"wp:attachment":[{"href":"https:\/\/selfbow.ch\/de\/wp-json\/wp\/v2\/media?parent=6477"}],"wp:term":[{"taxonomy":"product_cat","embeddable":true,"href":"https:\/\/selfbow.ch\/de\/wp-json\/wp\/v2\/product_cat?post=6477"},{"taxonomy":"product_tag","embeddable":true,"href":"https:\/\/selfbow.ch\/de\/wp-json\/wp\/v2\/product_tag?post=6477"},{"taxonomy":"new_category","embeddable":true,"href":"https:\/\/selfbow.ch\/de\/wp-json\/wp\/v2\/new_category?post=6477"}],"curies":[{"name":"wp","href":"https:\/\/api.w.org\/{rel}","templated":true}]}}