{"id":6603,"date":"2024-11-27T16:30:53","date_gmt":"2024-11-27T16:30:53","guid":{"rendered":"https:\/\/selfbow.ch\/?post_type=product&#038;p=6603"},"modified":"2025-01-22T23:20:53","modified_gmt":"2025-01-22T23:20:53","slug":"the-take-down-turbo-50-28","status":"publish","type":"product","link":"https:\/\/selfbow.ch\/de\/produkt\/the-take-down-turbo-50-28\/","title":{"rendered":"Der Take-Down Turbo! 50# @ 28\u2033"},"content":{"rendered":"<p>Was w\u00e4re das Leben ohne Experimente! Und wie cool w\u00e4re doch so ein Takedown manchmal! Also musste  ich das nochmals versuchen. \nDieses mal habe ich daf\u00fcr einen etwas wertvolleren Bogen geopfert, n\u00e4mlich einen Turbo! Langbogen aus Eibe, IPE, Ahorn, Bambus und Horn. Auch habe ich f\u00fcr diesen Test ein h\u00f6heres Zuggewicht angesetzt.<\/p>\n<p>Dieser Bogen ist jetzt zum Langzeittest bei einem starken Kollegen. Mal sehen, wenn das sch\u00f6n h\u00e4lt werde ich diese M\u00f6glichkeit zuk\u00fcnftig wohl f\u00fcr alle Kundenbogen anbieten.<\/p>","protected":false},"excerpt":{"rendered":"<p>What&#8217;s life without experiments. And how cool would a takedown bow sometimes be! So I had to give this another try. This time I sacrificed a Turbo! Longbow made from Swiss yew, Maple, Ipe, Bamboo and Horn. This time I also choose a higher drawweight. This bow now is out for long term testing &#8211; [&hellip;]<\/p>\n","protected":false},"featured_media":6583,"comment_status":"open","ping_status":"closed","template":"","meta":{"_monsterinsights_skip_tracking":false,"_monsterinsights_sitenote_active":false,"_monsterinsights_sitenote_note":"","_monsterinsights_sitenote_category":0,"_uf_show_specific_survey":0,"_uf_disable_surveys":false},"product_cat":[151],"product_tag":[],"new_category":[],"acf":[],"aioseo_notices":[],"_links":{"self":[{"href":"https:\/\/selfbow.ch\/de\/wp-json\/wp\/v2\/product\/6603"}],"collection":[{"href":"https:\/\/selfbow.ch\/de\/wp-json\/wp\/v2\/product"}],"about":[{"href":"https:\/\/selfbow.ch\/de\/wp-json\/wp\/v2\/types\/product"}],"replies":[{"embeddable":true,"href":"https:\/\/selfbow.ch\/de\/wp-json\/wp\/v2\/comments?post=6603"}],"wp:featuredmedia":[{"embeddable":true,"href":"https:\/\/selfbow.ch\/de\/wp-json\/wp\/v2\/media\/6583"}],"wp:attachment":[{"href":"https:\/\/selfbow.ch\/de\/wp-json\/wp\/v2\/media?parent=6603"}],"wp:term":[{"taxonomy":"product_cat","embeddable":true,"href":"https:\/\/selfbow.ch\/de\/wp-json\/wp\/v2\/product_cat?post=6603"},{"taxonomy":"product_tag","embeddable":true,"href":"https:\/\/selfbow.ch\/de\/wp-json\/wp\/v2\/product_tag?post=6603"},{"taxonomy":"new_category","embeddable":true,"href":"https:\/\/selfbow.ch\/de\/wp-json\/wp\/v2\/new_category?post=6603"}],"curies":[{"name":"wp","href":"https:\/\/api.w.org\/{rel}","templated":true}]}}