{"id":6686,"date":"2024-12-18T16:53:58","date_gmt":"2024-12-18T16:53:58","guid":{"rendered":"https:\/\/selfbow.ch\/?post_type=product&#038;p=6686"},"modified":"2025-04-29T17:31:26","modified_gmt":"2025-04-29T17:31:26","slug":"classic-asl-38-28-osage","status":"publish","type":"product","link":"https:\/\/selfbow.ch\/de\/produkt\/classic-asl-38-28-osage\/","title":{"rendered":"Ganz klassisch ASL  - 38# auf 28\" - Osage"},"content":{"rendered":"<p>Hier haben wir einen eleganten und schnellen Bogen f\u00fcr Scheibe und 3d. F\u00fcr den Griff habe ich das schwere Holz der europ\u00e4ischen Hainbuche verwendet. Der bombensichere R\u00fccken ist aus Moso-Bambus gefertigt. F\u00fcr die Mittellage habe ich eine leichte Mahagoniart gew\u00e4hlt und der Bauch ist aus dem legend\u00e4r starken und dauerhaften Holz des Osage-Baumes (Maclura Pomifera) gefertigt.<\/p>","protected":false},"excerpt":{"rendered":"<p>Hier haben wir einen eleganten und schnellen Bogen f\u00fcr Scheibe und 3d. F\u00fcr den Griff habe ich das schwere Holz der europ\u00e4ischen Hainbuche verwendet. Der bombensichere R\u00fccken ist aus Moso-Bambus gefertigt. F\u00fcr die Mittellage habe ich eine leichte Mahagoniart gew\u00e4hlt und der Bauch ist aus dem legend\u00e4r starken und dauerhaften Holz des Osage-Baumes (Maclura Pomifera) gefertigt.<\/p>","protected":false},"featured_media":6678,"comment_status":"open","ping_status":"closed","template":"","meta":{"_monsterinsights_skip_tracking":false,"_monsterinsights_sitenote_active":false,"_monsterinsights_sitenote_note":"","_monsterinsights_sitenote_category":0,"_uf_show_specific_survey":0,"_uf_disable_surveys":false},"product_cat":[49],"product_tag":[],"new_category":[],"acf":[],"aioseo_notices":[],"_links":{"self":[{"href":"https:\/\/selfbow.ch\/de\/wp-json\/wp\/v2\/product\/6686"}],"collection":[{"href":"https:\/\/selfbow.ch\/de\/wp-json\/wp\/v2\/product"}],"about":[{"href":"https:\/\/selfbow.ch\/de\/wp-json\/wp\/v2\/types\/product"}],"replies":[{"embeddable":true,"href":"https:\/\/selfbow.ch\/de\/wp-json\/wp\/v2\/comments?post=6686"}],"wp:featuredmedia":[{"embeddable":true,"href":"https:\/\/selfbow.ch\/de\/wp-json\/wp\/v2\/media\/6678"}],"wp:attachment":[{"href":"https:\/\/selfbow.ch\/de\/wp-json\/wp\/v2\/media?parent=6686"}],"wp:term":[{"taxonomy":"product_cat","embeddable":true,"href":"https:\/\/selfbow.ch\/de\/wp-json\/wp\/v2\/product_cat?post=6686"},{"taxonomy":"product_tag","embeddable":true,"href":"https:\/\/selfbow.ch\/de\/wp-json\/wp\/v2\/product_tag?post=6686"},{"taxonomy":"new_category","embeddable":true,"href":"https:\/\/selfbow.ch\/de\/wp-json\/wp\/v2\/new_category?post=6686"}],"curies":[{"name":"wp","href":"https:\/\/api.w.org\/{rel}","templated":true}]}}