{"id":6704,"date":"2024-12-18T18:29:02","date_gmt":"2024-12-18T18:29:02","guid":{"rendered":"https:\/\/selfbow.ch\/?post_type=product&#038;p=6704"},"modified":"2025-06-22T04:39:33","modified_gmt":"2025-06-22T04:39:33","slug":"marios-replacement-bow","status":"publish","type":"product","link":"https:\/\/selfbow.ch\/de\/produkt\/marios-replacement-bow\/","title":{"rendered":"Mario's Ersatzbogen"},"content":{"rendered":"<p>Ja, es ist etwas schief gegangen und ich musste noch einmal ran. Wenn man Hochleistungsbogen aus nat\u00fcrlichen Materialien baut, k\u00f6nnen solche Dinge passieren - das Wichtigste ist, dass Mario zufrieden ist und dass es nicht zu oft vorkommt. \nManchmal ist es schwer, diese B\u00f6gen loszulassen, aber noch schwerer wird es, wenn sie zur\u00fcckkommen. Also tue ich alles, damit das nicht passiert. Nur ein Bogen, der nicht zu mir zur\u00fcckkommt, ist ein guter Bogen.<\/p>\n<p>&nbsp;<\/p>","protected":false},"excerpt":{"rendered":"<p>Yes, something went wrong and I had to do it again. When you build high-performance bows from natural materials, things like that can happen &#8211; the important thing is that Mario is happy and that it doesn&#8217;t happen too often. Sometimes it&#8217;s hard to let these bows go, but it&#8217;s even worse when they come [&hellip;]<\/p>\n","protected":false},"featured_media":6638,"comment_status":"open","ping_status":"closed","template":"","meta":{"_monsterinsights_skip_tracking":false,"_monsterinsights_sitenote_active":false,"_monsterinsights_sitenote_note":"","_monsterinsights_sitenote_category":0,"_uf_show_specific_survey":0,"_uf_disable_surveys":false},"product_cat":[151],"product_tag":[],"new_category":[],"acf":[],"aioseo_notices":[],"_links":{"self":[{"href":"https:\/\/selfbow.ch\/de\/wp-json\/wp\/v2\/product\/6704"}],"collection":[{"href":"https:\/\/selfbow.ch\/de\/wp-json\/wp\/v2\/product"}],"about":[{"href":"https:\/\/selfbow.ch\/de\/wp-json\/wp\/v2\/types\/product"}],"replies":[{"embeddable":true,"href":"https:\/\/selfbow.ch\/de\/wp-json\/wp\/v2\/comments?post=6704"}],"wp:featuredmedia":[{"embeddable":true,"href":"https:\/\/selfbow.ch\/de\/wp-json\/wp\/v2\/media\/6638"}],"wp:attachment":[{"href":"https:\/\/selfbow.ch\/de\/wp-json\/wp\/v2\/media?parent=6704"}],"wp:term":[{"taxonomy":"product_cat","embeddable":true,"href":"https:\/\/selfbow.ch\/de\/wp-json\/wp\/v2\/product_cat?post=6704"},{"taxonomy":"product_tag","embeddable":true,"href":"https:\/\/selfbow.ch\/de\/wp-json\/wp\/v2\/product_tag?post=6704"},{"taxonomy":"new_category","embeddable":true,"href":"https:\/\/selfbow.ch\/de\/wp-json\/wp\/v2\/new_category?post=6704"}],"curies":[{"name":"wp","href":"https:\/\/api.w.org\/{rel}","templated":true}]}}