{"id":6975,"date":"2025-01-19T09:09:13","date_gmt":"2025-01-19T09:09:13","guid":{"rendered":"https:\/\/selfbow.ch\/?post_type=product&#038;p=6975"},"modified":"2025-06-24T16:35:46","modified_gmt":"2025-06-24T16:35:46","slug":"yew-and-yew","status":"publish","type":"product","link":"https:\/\/selfbow.ch\/de\/produkt\/yew-and-yew\/","title":{"rendered":"Eibe und Eibe"},"content":{"rendered":"<p>Die St\u00e4rke eines Bogens wird durch seine Dicke, Breite und L\u00e4nge bestimmt, so dass der dickere Bogen normalerweise auch der st\u00e4rkere ist. Nicht so im Fall dieser beiden 70-Zoll-Eibenb\u00f6gen. Hier zieht die dicke Berta 42 Pfund bei 30 Zoll - der zarte, d\u00fcnne Spargel dagegen 45 Pfund bei 30 Zoll. So gro\u00df sind die Unterschiede innerhalb ein und derselben Art!  Vom Aussehen her erscheinen beide St\u00fccke erstklassig und beide stammen vom selben Ort, aber beide sind v\u00f6llig unterschiedlich. Warum w\u00e4chst die eine so dicht und hart und die andere so weich und leicht? Die dichte Eibe ist etwa 20 % schmaler und 12 % d\u00fcnner und macht trotzdem den st\u00e4rkeren Bogen! Naja, Eibe ist und bleibt manchmal r\u00e4tselhaft.<\/p>","protected":false},"excerpt":{"rendered":"<p>The strength of a bow is determined by its thickness, width and length, so the thicker one normally is the stronger one. Not so in the case of these two 70\u201d yew bows. Here the thick Berta pulls 42 pounds at 30 inches &#8211; the delicate, thin asparagus, on the other hand, pulls 45 pounds [&hellip;]<\/p>\n","protected":false},"featured_media":6978,"comment_status":"open","ping_status":"closed","template":"","meta":{"_monsterinsights_skip_tracking":false,"_monsterinsights_sitenote_active":false,"_monsterinsights_sitenote_note":"","_monsterinsights_sitenote_category":0,"_uf_show_specific_survey":0,"_uf_disable_surveys":false},"product_cat":[196],"product_tag":[],"new_category":[],"acf":[],"aioseo_notices":[],"_links":{"self":[{"href":"https:\/\/selfbow.ch\/de\/wp-json\/wp\/v2\/product\/6975"}],"collection":[{"href":"https:\/\/selfbow.ch\/de\/wp-json\/wp\/v2\/product"}],"about":[{"href":"https:\/\/selfbow.ch\/de\/wp-json\/wp\/v2\/types\/product"}],"replies":[{"embeddable":true,"href":"https:\/\/selfbow.ch\/de\/wp-json\/wp\/v2\/comments?post=6975"}],"wp:featuredmedia":[{"embeddable":true,"href":"https:\/\/selfbow.ch\/de\/wp-json\/wp\/v2\/media\/6978"}],"wp:attachment":[{"href":"https:\/\/selfbow.ch\/de\/wp-json\/wp\/v2\/media?parent=6975"}],"wp:term":[{"taxonomy":"product_cat","embeddable":true,"href":"https:\/\/selfbow.ch\/de\/wp-json\/wp\/v2\/product_cat?post=6975"},{"taxonomy":"product_tag","embeddable":true,"href":"https:\/\/selfbow.ch\/de\/wp-json\/wp\/v2\/product_tag?post=6975"},{"taxonomy":"new_category","embeddable":true,"href":"https:\/\/selfbow.ch\/de\/wp-json\/wp\/v2\/new_category?post=6975"}],"curies":[{"name":"wp","href":"https:\/\/api.w.org\/{rel}","templated":true}]}}