{"id":7488,"date":"2025-09-25T09:28:25","date_gmt":"2025-09-25T09:28:25","guid":{"rendered":"https:\/\/selfbow.ch\/?post_type=product&#038;p=7488"},"modified":"2026-04-02T17:17:29","modified_gmt":"2026-04-02T17:17:29","slug":"magic-bruno","status":"publish","type":"product","link":"https:\/\/selfbow.ch\/de\/produkt\/magic-bruno\/","title":{"rendered":"Bruno - wer sonst?"},"content":{"rendered":"<div class=\"xdj266r x14z9mp xat24cr x1lziwak x1vvkbs x126k92a\">\n<div dir=\"auto\">Kennt ihr schon den magischen Bruno?<\/div>\n<div dir=\"auto\"><\/div>\n<\/div>\n<div class=\"x14z9mp xat24cr x1lziwak x1vvkbs xtlvy1s x126k92a\">\n<div dir=\"auto\">Bruno Minder meine ich!<\/div>\n<div dir=\"auto\">Er geh\u00f6rt zu der Sorte Bogensch\u00fctzen, dem kannst Du einfach irgendeinen Bogen in die Hand dr\u00fccken und dann geht er hin und gewinnt die Turniere.<\/div>\n<div dir=\"auto\">Ein richtiger Gl\u00fccksfall also f\u00fcr den werbetreibenden Bogenbauer.<\/div>\n<\/div>\n<div class=\"x14z9mp xat24cr x1lziwak x1vvkbs xtlvy1s x126k92a\">\n<div dir=\"auto\">Dieses Jahr wollte  ich ein wenig Werbung f\u00fcr meinen neuen Lightning! Hornbogen machen und habe ihm einen fr\u00fchen Prototypen verkauft.<\/div>\n<div dir=\"auto\">Und siehe da: In seiner ersten Saison mit dem Historical Bow wird er nat\u00fcrlich gleich Schweizermeister. So musss das sein!<\/div>\n<\/div>\n<div class=\"x14z9mp xat24cr x1lziwak x1vvkbs xtlvy1s x126k92a\">\n<div dir=\"auto\">Gratulation Bruno - und vielen Dank dass Du meinen Bogen schiessst!<\/div>\n<\/div>\n<div class=\"x14z9mp xat24cr x1lziwak x1vvkbs xtlvy1s x126k92a\">\n<div dir=\"auto\">Simon<\/div>\n<\/div>","protected":false},"excerpt":{"rendered":"<p>Do you know Magic Bruno? Bruno Minder to be more precise. He&#8217;s that type of archer you can hand any bow and he will win the trournaments. Those are of course best for my advertising. This year I wanted to advertise my new Lightning! Hornbow and sold him an early prototype. Altough it was his [&hellip;]<\/p>\n","protected":false},"featured_media":7485,"comment_status":"open","ping_status":"closed","template":"","meta":{"_monsterinsights_skip_tracking":false,"_monsterinsights_sitenote_active":false,"_monsterinsights_sitenote_note":"","_monsterinsights_sitenote_category":0,"_uf_show_specific_survey":0,"_uf_disable_surveys":false},"product_cat":[148,199],"product_tag":[],"new_category":[],"acf":[],"aioseo_notices":[],"_links":{"self":[{"href":"https:\/\/selfbow.ch\/de\/wp-json\/wp\/v2\/product\/7488"}],"collection":[{"href":"https:\/\/selfbow.ch\/de\/wp-json\/wp\/v2\/product"}],"about":[{"href":"https:\/\/selfbow.ch\/de\/wp-json\/wp\/v2\/types\/product"}],"replies":[{"embeddable":true,"href":"https:\/\/selfbow.ch\/de\/wp-json\/wp\/v2\/comments?post=7488"}],"wp:featuredmedia":[{"embeddable":true,"href":"https:\/\/selfbow.ch\/de\/wp-json\/wp\/v2\/media\/7485"}],"wp:attachment":[{"href":"https:\/\/selfbow.ch\/de\/wp-json\/wp\/v2\/media?parent=7488"}],"wp:term":[{"taxonomy":"product_cat","embeddable":true,"href":"https:\/\/selfbow.ch\/de\/wp-json\/wp\/v2\/product_cat?post=7488"},{"taxonomy":"product_tag","embeddable":true,"href":"https:\/\/selfbow.ch\/de\/wp-json\/wp\/v2\/product_tag?post=7488"},{"taxonomy":"new_category","embeddable":true,"href":"https:\/\/selfbow.ch\/de\/wp-json\/wp\/v2\/new_category?post=7488"}],"curies":[{"name":"wp","href":"https:\/\/api.w.org\/{rel}","templated":true}]}}