{"id":7509,"date":"2026-01-19T17:09:10","date_gmt":"2026-01-19T17:09:10","guid":{"rendered":"https:\/\/selfbow.ch\/?post_type=product&#038;p=7509"},"modified":"2026-04-02T09:57:01","modified_gmt":"2026-04-02T09:57:01","slug":"a-huntingbow-for-alaska","status":"publish","type":"product","link":"https:\/\/selfbow.ch\/de\/produkt\/a-huntingbow-for-alaska\/","title":{"rendered":"Ein Jagdbogen f\u00fcr Alaska"},"content":{"rendered":"<p>Einen Jagdbogen  zu  machen f\u00fchlt sich immer noch ein wenig ernsthafter an, als einen Sportbogen. Die Jagd ist der urspr\u00fcngliche Zweck des Bogens. Der Gedanke ist sehr archaisch. Ich habe mir w\u00e4hrend des Baus mehr als einmal den Moment vorgestellt wenn da dieser B\u00e4r vor Dir steht....und ja, ich bevorzuge es, lediglich den Bogen zu machen.<\/p>\n<p>Dieser Bogen ist aus dem Holz des Milchorengenbaumes (Osage Orange) gemacht, misst 60\" von Nocke zu Nocke und hat ein Zuggewicht von 67 Pfund bei 28\" Auszug.<\/p>\n<p>Echo II ist eine Remineszenz an meinen Namensvetter Simon (Siess) - er hat 2020 den ECHO I vorgestellt - ein Bogen der mich nachhaltig beeindruckt hat. Ich habe hier versucht einen \u00e4hnlichen Bogen zu machen.<\/p>\n<p><a href=\"https:\/\/primitive-bows.com\/osage-bushbow-r-d-77-28-no-113\/\">https:\/\/primitive-bows.com\/osage-bushbow-r-d-77-28-no-113\/<\/a><\/p>\n<p>&nbsp;<\/p>","protected":false},"excerpt":{"rendered":"<p>Making a hunting bow always feels a little more serious than making just a target bow. Hunting animals was the original purpose of the bow. This one is even more special &#8211; after passing all the necessary tests &#8211; it may will be taken to Alaska to hunt bear. During construction, I imagined more than [&hellip;]<\/p>\n","protected":false},"featured_media":7498,"comment_status":"open","ping_status":"closed","template":"","meta":{"_monsterinsights_skip_tracking":false,"_monsterinsights_sitenote_active":false,"_monsterinsights_sitenote_note":"","_monsterinsights_sitenote_category":0,"_uf_show_specific_survey":0,"_uf_disable_surveys":false},"product_cat":[50],"product_tag":[],"new_category":[],"acf":[],"aioseo_notices":[],"_links":{"self":[{"href":"https:\/\/selfbow.ch\/de\/wp-json\/wp\/v2\/product\/7509"}],"collection":[{"href":"https:\/\/selfbow.ch\/de\/wp-json\/wp\/v2\/product"}],"about":[{"href":"https:\/\/selfbow.ch\/de\/wp-json\/wp\/v2\/types\/product"}],"replies":[{"embeddable":true,"href":"https:\/\/selfbow.ch\/de\/wp-json\/wp\/v2\/comments?post=7509"}],"wp:featuredmedia":[{"embeddable":true,"href":"https:\/\/selfbow.ch\/de\/wp-json\/wp\/v2\/media\/7498"}],"wp:attachment":[{"href":"https:\/\/selfbow.ch\/de\/wp-json\/wp\/v2\/media?parent=7509"}],"wp:term":[{"taxonomy":"product_cat","embeddable":true,"href":"https:\/\/selfbow.ch\/de\/wp-json\/wp\/v2\/product_cat?post=7509"},{"taxonomy":"product_tag","embeddable":true,"href":"https:\/\/selfbow.ch\/de\/wp-json\/wp\/v2\/product_tag?post=7509"},{"taxonomy":"new_category","embeddable":true,"href":"https:\/\/selfbow.ch\/de\/wp-json\/wp\/v2\/new_category?post=7509"}],"curies":[{"name":"wp","href":"https:\/\/api.w.org\/{rel}","templated":true}]}}