{"id":7561,"date":"2026-04-13T07:13:25","date_gmt":"2026-04-13T07:13:25","guid":{"rendered":"https:\/\/selfbow.ch\/?post_type=product&#038;p=7561"},"modified":"2026-04-15T00:26:15","modified_gmt":"2026-04-15T00:26:15","slug":"bowmaking-with-m-r","status":"publish","type":"product","link":"https:\/\/selfbow.ch\/de\/produkt\/bowmaking-with-m-r\/","title":{"rendered":"Bogenbauen mit M.R."},"content":{"rendered":"<p>Ja, hier gibt es auch Bogenbaukurse.<\/p>\n<p>Wobei es hier aber nicht darum geht, nur irgendeinen Bogen zu bauen der dann irgendwie schiesst. Vielmehr machen wir zusammen einen hochwertigen Bogen - einen Bogen der genauso gut ist, als wie wenn ich ihn selbst gemacht h\u00e4tte.<br \/>\nSo hat mich M.R. unl\u00e4ngst f\u00fcr einen Privatkurs gebucht: Wir hatten viel Freude zusammen und haben einen neuen Jagdbogen f\u00fcr ihn gemacht - Osage Orange, 62 Zoll kurz und 62 Pfund stark! Takedown nat\u00fcrlich!<\/p>","protected":false},"excerpt":{"rendered":"<p>Yes, I do bowclasses. But my classes aren\u2019t about making a bow that can be shot just somehow. Instead we do make a high-quality bow &#8211; a bow that\u2019s just as good as if I\u2019d made it myself! M.R. recently booked me for a private class: We had a lot of fun and together made [&hellip;]<\/p>\n","protected":false},"featured_media":7572,"comment_status":"open","ping_status":"closed","template":"","meta":{"_monsterinsights_skip_tracking":false,"_monsterinsights_sitenote_active":false,"_monsterinsights_sitenote_note":"","_monsterinsights_sitenote_category":0,"_uf_show_specific_survey":0,"_uf_disable_surveys":false},"product_cat":[196,157],"product_tag":[],"new_category":[],"acf":[],"aioseo_notices":[],"_links":{"self":[{"href":"https:\/\/selfbow.ch\/de\/wp-json\/wp\/v2\/product\/7561"}],"collection":[{"href":"https:\/\/selfbow.ch\/de\/wp-json\/wp\/v2\/product"}],"about":[{"href":"https:\/\/selfbow.ch\/de\/wp-json\/wp\/v2\/types\/product"}],"replies":[{"embeddable":true,"href":"https:\/\/selfbow.ch\/de\/wp-json\/wp\/v2\/comments?post=7561"}],"wp:featuredmedia":[{"embeddable":true,"href":"https:\/\/selfbow.ch\/de\/wp-json\/wp\/v2\/media\/7572"}],"wp:attachment":[{"href":"https:\/\/selfbow.ch\/de\/wp-json\/wp\/v2\/media?parent=7561"}],"wp:term":[{"taxonomy":"product_cat","embeddable":true,"href":"https:\/\/selfbow.ch\/de\/wp-json\/wp\/v2\/product_cat?post=7561"},{"taxonomy":"product_tag","embeddable":true,"href":"https:\/\/selfbow.ch\/de\/wp-json\/wp\/v2\/product_tag?post=7561"},{"taxonomy":"new_category","embeddable":true,"href":"https:\/\/selfbow.ch\/de\/wp-json\/wp\/v2\/new_category?post=7561"}],"curies":[{"name":"wp","href":"https:\/\/api.w.org\/{rel}","templated":true}]}}